{"id":5941,"date":"2023-10-31T22:48:06","date_gmt":"2023-11-01T02:48:06","guid":{"rendered":"https:\/\/www.kalkalaw.com\/mapa-del-sitio\/"},"modified":"2023-10-31T22:48:06","modified_gmt":"2023-11-01T02:48:06","slug":"mapa-del-sitio","status":"publish","type":"page","link":"https:\/\/www.kalkalaw.com\/es\/mapa-del-sitio\/","title":{"rendered":"Mapa del sitio"},"content":{"rendered":"<header>\n<h1>Mapa del sitio<\/h1>\n<\/header>\n<ul id=\"SiteMapV1List\">\n<li><a href=\"https:\/\/www.kalkalaw.com\/es\/\" target=\"\" rel=\"noopener\">Inicio<\/a><\/li>\n<li><a href=\"https:\/\/www.kalkalaw.com\/firm-overview\/\" target=\"\" rel=\"noopener\">Visi\u00f3n general de la empresa<\/a><\/li>\n<li><a href=\"https:\/\/www.kalkalaw.com\/es\/conoce-a-nuestros-abogados\/\" target=\"\" rel=\"noopener\">Conoce a nuestro equipo<\/a>\n<ul>\n<li><a href=\"https:\/\/www.kalkalaw.com\/es\/conoce-a-nuestros-abogados\/tony-kalka\/\" target=\"\" rel=\"noopener\">Tony Kalka<\/a><\/li>\n<li><a href=\"https:\/\/www.kalkalaw.com\/es\/conoce-a-nuestros-abogados\/matthew-broun\/\" target=\"\" rel=\"noopener\">Matthew Broun<\/a><\/li>\n<li><a href=\"https:\/\/www.kalkalaw.com\/es\/conoce-a-nuestros-abogados\/caroline-owings\/\" target=\"\" rel=\"noopener\">Caroline Owings<\/a><\/li>\n<\/ul>\n<\/li>\n<li><a href=\"https:\/\/www.kalkalaw.com\/es\/abogados-de-accidentes-de-coche-en-marietta-cerca-de-ti-en-georgia\/\" target=\"\" rel=\"noopener\">Accidentes de tr\u00e1fico<\/a>\n<ul>\n<li><a href=\"https:\/\/www.kalkalaw.com\/es\/lesiones-por-fallo-del-airbag\/\" target=\"\" rel=\"noopener\">Lesiones por fallo del airbag<\/a><\/li>\n<li><a href=\"https:\/\/www.kalkalaw.com\/es\/lesionado-abogados-de-accidentes-por-conducir-ebrio-en-marietta-ga\/\" target=\"\" rel=\"noopener\">Accidentes por conducir bebido<\/a><\/li>\n<li><a href=\"https:\/\/www.kalkalaw.com\/es\/abogados-de-accidentes-de-pasajeros-en-marietta-ga\/\" target=\"\" rel=\"noopener\">Lesiones de pasajeros<\/a><\/li>\n<li><a href=\"https:\/\/www.kalkalaw.com\/es\/abogados-de-accidentes-de-uber-y-lyft-en-marietta-ga\/\" target=\"\" rel=\"noopener\">Accidentes de Uber y Lyft<\/a><\/li>\n<li><a href=\"https:\/\/www.kalkalaw.com\/es\/abogados-de-accidentes-de-coche-en-marietta-cerca-de-ti-en-georgia\/abogados-de-accidentes-por-enviar-mensajes-de-texto-al-conducir-en-marietta-ga\/\" target=\"\" rel=\"noopener\">Enviar mensajes de texto al conducir<\/a><\/li>\n<\/ul>\n<\/li>\n<li><a href=\"https:\/\/www.kalkalaw.com\/es\/abogado-de-lesiones-personales-en-marietta\/\" target=\"\" rel=\"noopener\">Lesiones personales<\/a>\n<ul>\n<li><a href=\"https:\/\/www.kalkalaw.com\/es\/abogado-de-lesiones-personales-en-marietta\/abogados-de-accidentes-de-bicicleta-en-marietta-ga\/\" target=\"\" rel=\"noopener\">Accidentes de bicicleta<\/a><\/li>\n<li><a href=\"https:\/\/www.kalkalaw.com\/es\/abogados-de-accidentes-de-autobus-en-marietta-ga\/\" target=\"\" rel=\"noopener\">Accidentes de autob\u00fas<\/a><\/li>\n<li><a href=\"https:\/\/www.kalkalaw.com\/es\/abogados-de-lesiones-catastroficas-en-marietta-ga\/\" target=\"\" rel=\"noopener\">Lesi\u00f3n catastr\u00f3fica<\/a><\/li>\n<li><a href=\"https:\/\/www.kalkalaw.com\/marietta-georgia-medical-malpractice-lawyer-near-you\/\">Negligencia m\u00e9dica<\/a><\/li>\n<li><a href=\"https:\/\/www.kalkalaw.com\/es\/abogados-de-accidentes-de-moto-en-marietta-ga\/\" target=\"\" rel=\"noopener\">Accidentes de moto<\/a><\/li>\n<li><a href=\"https:\/\/www.kalkalaw.com\/es\/abogados-de-responsabilidad-civil-en-marietta-ga\/\" target=\"\" rel=\"noopener\">Responsabilidad de los locales<\/a><\/li>\n<li><a href=\"https:\/\/www.kalkalaw.com\/es\/abogados-de-resbalones-y-caidas-en-marietta-ga\/\" target=\"\" rel=\"noopener\">Resbalones y ca\u00eddas<\/a><\/li>\n<li><a href=\"https:\/\/www.kalkalaw.com\/es\/abogados-de-accidentes-de-camiones-en-marietta-ga\/\" target=\"\" rel=\"noopener\">Accidentes de cami\u00f3n<\/a><\/li>\n<li><a href=\"https:\/\/www.kalkalaw.com\/personal-injury\/wrongful-death-lawyers-marietta-ga-personal-injury-lawyer-near-you\/\" target=\"\" rel=\"noopener\">Muerte por negligencia<\/a><\/li>\n<li><a href=\"https:\/\/www.kalkalaw.com\/es\/abogados-de-indemnizacion-laboral-en-marietta-ga\/\" target=\"\" rel=\"noopener\">Indemnizaci\u00f3n por accidente laboral<\/a><\/li>\n<\/ul>\n<\/li>\n<li><a href=\"https:\/\/www.kalkalaw.com\/atlanta-georgia-car-accident-lawyer-personal-injury-attorney-near-you\/\" target=\"\" rel=\"noopener\">Abogado de lesiones de Atlanta<\/a>\n<ul>\n<li><a href=\"https:\/\/www.kalkalaw.com\/bicycle-accident-lawyer-atlanta-georgia-bicycle-accident-attorney-near-me\/\" target=\"\" rel=\"noopener\">Accidentes de bicicleta<\/a><\/li>\n<li><a href=\"https:\/\/www.kalkalaw.com\/bus-accident-lawyer-atlanta-georgia-bus-accident-attorney-near-me\/\" target=\"\" rel=\"noopener\">Accidentes de autob\u00fas<\/a><\/li>\n<li><a href=\"https:\/\/www.kalkalaw.com\/atlanta-georgia-car-accident-lawyer-personal-injury-attorney-near-you\/\" target=\"\" rel=\"noopener\">Accidentes de tr\u00e1fico<\/a>\n<ul>\n<li><a href=\"https:\/\/www.kalkalaw.com\/atlanta-georgia-car-accident-lawyer-personal-injury-attorney-near-you\/snow-ice-accidents\/\" target=\"\" rel=\"noopener\">Accidentes por nieve y hielo<\/a><\/li>\n<li><a href=\"https:\/\/www.kalkalaw.com\/atlanta-georgia-car-accident-lawyer-personal-injury-attorney-near-you\/uninsured-motorist-claims\/\" target=\"\" rel=\"noopener\">Reclamaciones por motorista sin seguro<\/a><\/li>\n<li><a href=\"https:\/\/www.kalkalaw.com\/atlanta-georgia-car-accident-lawyer-personal-injury-attorney-near-you\/rear-end-accidents\/\" target=\"\" rel=\"noopener\">Accidentes por alcance<\/a><\/li>\n<li><a href=\"https:\/\/www.kalkalaw.com\/atlanta-georgia-car-accident-lawyer-personal-injury-attorney-near-you\/nerve-damage-after-a-car-accident\/\" target=\"\" rel=\"noopener\">Da\u00f1os nerviosos tras un accidente de tr\u00e1fico<\/a><\/li>\n<li><a href=\"https:\/\/www.kalkalaw.com\/atlanta-georgia-car-accident-lawyer-personal-injury-attorney-near-you\/ga-400-accidents\/\" target=\"\" rel=\"noopener\">Accidentes GA 400<\/a><\/li>\n<li><a href=\"https:\/\/www.kalkalaw.com\/texting-while-driving-accident-lawyer-atlanta-georgia-texting-while-driving-accident-attorney-near-you\/\" target=\"\" rel=\"noopener\">Conducir con mensajes de texto<\/a><\/li>\n<li><a href=\"https:\/\/www.kalkalaw.com\/drunk-driving-accident-lawyer-atlanta-georgia-drunk-driver-injury-lawyer-near-you\/\" target=\"\" rel=\"noopener\">Accidentes por conducir bebido<\/a><\/li>\n<\/ul>\n<\/li>\n<li><a href=\"https:\/\/www.kalkalaw.com\/catastrophic-injury-lawyer-atlanta-georgia-serious-injury-lawyer-near-me\/\" target=\"\" rel=\"noopener\">Lesiones catastr\u00f3ficas<\/a>\n<ul>\n<li><a href=\"https:\/\/www.kalkalaw.com\/brain-injury-lawyer-atlanta-georgia-brain-injury-attorney-near-me\/\" target=\"\" rel=\"noopener\">Lesiones cerebrales<\/a><\/li>\n<li><a href=\"https:\/\/www.kalkalaw.com\/spinal-cord-injury-lawyer-atlanta-georgia-spinal-cord-injury-attorney-near-me\/\" target=\"\" rel=\"noopener\">Lesi\u00f3n medular<\/a><\/li>\n<\/ul>\n<\/li>\n<li><a href=\"https:\/\/www.kalkalaw.com\/product-liability-lawyer-atlanta-georgia-defective-product-lawyer-near-me\/\" target=\"\" rel=\"noopener\">Productos defectuosos<\/a><\/li>\n<li><a href=\"https:\/\/www.kalkalaw.com\/medical-malpractice-lawyer-atlanta-ga-atlanta-medical-negligence-lawyer-near-me\/\" target=\"\" rel=\"noopener\">Negligencia m\u00e9dica<\/a>\n<ul>\n<li><a href=\"https:\/\/www.kalkalaw.com\/birth-injury-lawyer-atlanta-ga-personal-injury-lawyer-near-me\/\" target=\"\" rel=\"noopener\">Lesiones en el parto<\/a><\/li>\n<\/ul>\n<\/li>\n<li><a href=\"https:\/\/www.kalkalaw.com\/motorcycle-accident-lawyer-atlanta-georgia-motorcycle-accident-attorney-near-me\/\" target=\"\" rel=\"noopener\">Accidente de moto<\/a><\/li>\n<li><a href=\"https:\/\/www.kalkalaw.com\/general-negligence-lawyer-atlanta-georgia-negligence-lawyer-near-me\/\">Negligencia<\/a><\/li>\n<li><a href=\"https:\/\/www.kalkalaw.com\/nursing-home-abuse-lawyer-atlanta-georgia-nursing-home-abuse-attorney-near-me\/\" target=\"\" rel=\"noopener\">Abuso en residencias de ancianos<\/a><\/li>\n<li><a href=\"https:\/\/www.kalkalaw.com\/pedestrian-accident-lawyer-atlanta-georgia-personal-injury-lawyer-near-me\/\" target=\"\" rel=\"noopener\">Accidentes de peatones<\/a><\/li>\n<li><a href=\"https:\/\/www.kalkalaw.com\/premises-liability-lawyer-atlanta-georgia-dangerous-property-lawyer-near-me\/\" target=\"\" rel=\"noopener\">Responsabilidad de los locales<\/a>\n<ul>\n<li><a href=\"https:\/\/www.kalkalaw.com\/deck-collapse-lawyer-atlanta-georgia-deck-collapse-accident-attorney-near-me\/\" target=\"\" rel=\"noopener\">Colapso de la cubierta<\/a><\/li>\n<li><a href=\"https:\/\/www.kalkalaw.com\/slip-and-fall-lawyer-atlanta-georgia-slip-and-fall-attorney-near-me\/\" target=\"\" rel=\"noopener\">Resbalones y ca\u00eddas<\/a><\/li>\n<\/ul>\n<\/li>\n<li><a href=\"https:\/\/www.kalkalaw.com\/rideshare-accident-lawyer-atlanta-georgia-uber-and-lyft-accident-lawyer-near-me\/\" target=\"\" rel=\"noopener\">Accidentes de Uber y Lyft<\/a><\/li>\n<li><a href=\"https:\/\/www.kalkalaw.com\/truck-accident-lawyer-atlanta-georgia-semi-truck-accident-attorney-near-me\/\" target=\"\" rel=\"noopener\">Accidentes de cami\u00f3n<\/a><\/li>\n<li><a href=\"https:\/\/www.kalkalaw.com\/wrongful-death-lawyer-atlanta-georgia-personal-injury-lawyer-near-me\/\" target=\"\" rel=\"noopener\">Muerte por negligencia<\/a><\/li>\n<\/ul>\n<\/li>\n<li><a href=\"https:\/\/www.kalkalaw.com\/lawrenceville-georgia-car-accident-lawyer-personal-injury-attorney-near-you\/\" target=\"\" rel=\"noopener\">Abogado de lesiones en Lawrenceville<\/a>\n<ul>\n<li><a href=\"https:\/\/www.kalkalaw.com\/lawrenceville-georgia-car-accident-lawyer-personal-injury-attorney-near-you\/\" target=\"\" rel=\"noopener\">Accidentes de tr\u00e1fico<\/a><\/li>\n<li><a href=\"https:\/\/www.kalkalaw.com\/es\/abogado-de-accidente-de-motocicleta-en-lawrenceville-ga\/\" target=\"\" rel=\"noopener\">Accidentes de moto<\/a><\/li>\n<li><a href=\"https:\/\/www.kalkalaw.com\/es\/abogado-de-accidente-de-camion-en-lawrenceville-ga\/\" target=\"\" rel=\"noopener\">Accidentes de cami\u00f3n<\/a><\/li>\n<\/ul>\n<\/li>\n<li><a href=\"https:\/\/www.kalkalaw.com\/alpharetta\/\" target=\"\" rel=\"noopener\">Alpharetta<\/a>\n<ul>\n<li><a href=\"https:\/\/www.kalkalaw.com\/es\/abogados-de-accidentes-de-coche-en-marietta-cerca-de-ti-en-georgia\/\" target=\"\" rel=\"noopener\">Accidentes de tr\u00e1fico<\/a>\n<ul>\n<li><a href=\"https:\/\/www.kalkalaw.com\/alpharetta\/car-accidents\/dealing-with-insurance-companies\/\" target=\"\" rel=\"noopener\">Tratar con las compa\u00f1\u00edas de seguros<\/a><\/li>\n<li><a href=\"https:\/\/www.kalkalaw.com\/distracted-driving-accident-lawyer-lawrenceville-georgia-texting-and-driving-accident-attorney\/\" target=\"\" rel=\"noopener\">Distracci\u00f3n del conductor<\/a><\/li>\n<li><a href=\"https:\/\/www.kalkalaw.com\/alpharetta\/car-accidents\/drunk-driving-accidents\/\" target=\"\" rel=\"noopener\">Accidentes por conducir bebido<\/a><\/li>\n<li><a href=\"https:\/\/www.kalkalaw.com\/alpharetta\/car-accidents\/ga-400-accidents\/\" target=\"\" rel=\"noopener\">Accidentes GA 400<\/a><\/li>\n<li><a href=\"https:\/\/www.kalkalaw.com\/alpharetta\/car-accidents\/roof-crush\/\" target=\"\" rel=\"noopener\">Aplastamiento del techo<\/a><\/li>\n<li><a href=\"https:\/\/www.kalkalaw.com\/alpharetta\/car-accidents\/soft-tissue-damage\/\" target=\"\" rel=\"noopener\">Da\u00f1os en los tejidos blandos<\/a><\/li>\n<li><a href=\"https:\/\/www.kalkalaw.com\/alpharetta\/car-accidents\/uber-lyft-accidents\/\" target=\"\" rel=\"noopener\">Accidentes de Uber y Lyft<\/a><\/li>\n<li><a href=\"https:\/\/www.kalkalaw.com\/alpharetta\/car-accidents\/vertebral-arterial-dissection\/\" target=\"\" rel=\"noopener\">Disecci\u00f3n arterial vertebral<\/a><\/li>\n<\/ul>\n<\/li>\n<li><a href=\"https:\/\/www.kalkalaw.com\/alpharetta\/bicycle-accidents\/\" target=\"\" rel=\"noopener\">Accidentes de bicicleta<\/a><\/li>\n<li><a href=\"https:\/\/www.kalkalaw.com\/alpharetta\/bus-accidents\/\" target=\"\" rel=\"noopener\">Accidentes de autob\u00fas<\/a><\/li>\n<li><a href=\"https:\/\/www.kalkalaw.com\/catastrophic-injury-lawyers-lawrenceville-georgia-catastrophic-injury-attorneys-near-me\/\" target=\"\" rel=\"noopener\">Lesiones catastr\u00f3ficas<\/a>\n<ul>\n<li><a href=\"https:\/\/www.kalkalaw.com\/alpharetta\/catastrophic-injuries\/amputation\/\" target=\"\" rel=\"noopener\">Amputaci\u00f3n<\/a><\/li>\n<li><a href=\"https:\/\/www.kalkalaw.com\/es\/lesiones-catastroficas\/abogado-de-lesiones-cerebrales-traumaticas-en-marietta-ga\/\" target=\"\" rel=\"noopener\">Da\u00f1o cerebral traum\u00e1tico<\/a><\/li>\n<li><a href=\"https:\/\/www.kalkalaw.com\/burn-injury-lawyers-atlanta-georgia-burn-injury-attorneys-near-me\/\" target=\"\" rel=\"noopener\">Quemaduras<\/a><\/li>\n<\/ul>\n<\/li>\n<li><a href=\"https:\/\/www.kalkalaw.com\/construction-accident-lawyer-atlanta-georgia-scaffolding-injury-lawyer-near-me\/\" target=\"\" rel=\"noopener\">Accidentes en la construcci\u00f3n<\/a><\/li>\n<li><a href=\"https:\/\/www.kalkalaw.com\/alpharetta\/dangerous-drugs\/\" target=\"\" rel=\"noopener\">Drogas peligrosas<\/a><\/li>\n<li><a href=\"https:\/\/www.kalkalaw.com\/alpharetta\/deck-collapse\/\" target=\"\" rel=\"noopener\">Colapso de la cubierta<\/a><\/li>\n<li><a href=\"https:\/\/www.kalkalaw.com\/marietta-georgia-medical-malpractice-lawyer-near-you\/\" target=\"\" rel=\"noopener\">Negligencia m\u00e9dica<\/a><\/li>\n<li><a href=\"https:\/\/www.kalkalaw.com\/alpharetta\/motorcycle-accidents\/\" target=\"\" rel=\"noopener\">Accidentes de moto<\/a><\/li>\n<li><a href=\"https:\/\/www.kalkalaw.com\/general-negligence-lawyer-atlanta-georgia-negligence-lawyer-near-me\/\" target=\"\" rel=\"noopener\">Negligencia<\/a><\/li>\n<li><a href=\"https:\/\/www.kalkalaw.com\/alpharetta\/product-liability\/\" target=\"\" rel=\"noopener\">Responsabilidad por productos defectuosos<\/a><\/li>\n<li><a href=\"https:\/\/www.kalkalaw.com\/alpharetta\/slip-fall\/\" target=\"\" rel=\"noopener\">Resbalones y ca\u00eddas<\/a><\/li>\n<li><a href=\"https:\/\/www.kalkalaw.com\/georgia-swimming-pool-accident-lawyer-drowning-lawyer-near-you\/\" target=\"\" rel=\"noopener\">Accidentes en piscinas<\/a><\/li>\n<li><a href=\"https:\/\/www.kalkalaw.com\/alpharetta\/trucking-accidents\/\" target=\"\" rel=\"noopener\">Accidentes de cami\u00f3n<\/a>\n<ul>\n<li><a href=\"https:\/\/www.kalkalaw.com\/alpharetta\/trucking-accidents\/inexperienced-driver\/\" target=\"\" rel=\"noopener\">Conductor inexperto<\/a><\/li>\n<\/ul>\n<\/li>\n<li><a href=\"https:\/\/www.kalkalaw.com\/alpharetta\/wrongful-death\/\" target=\"\" rel=\"noopener\">Muerte por negligencia<\/a><\/li>\n<\/ul>\n<\/li>\n<li><a href=\"https:\/\/www.kalkalaw.com\/our-locations\/\" target=\"\" rel=\"noopener\">Nuestras sedes<\/a><\/li>\n<li><a href=\"https:\/\/www.kalkalaw.com\/acworth-personal-injury-lawyer-acworth-georgia-car-accident-lawyer-near-you\/\" target=\"\" rel=\"noopener\">Abogado de lesiones en Acworth<\/a><\/li>\n<li><a href=\"https:\/\/www.kalkalaw.com\/smyrna-injury-attorney\/\" target=\"\" rel=\"noopener\">Abogado de lesiones en Smyrna<\/a><\/li>\n<li><a href=\"https:\/\/www.kalkalaw.com\/mableton-injury-attorney\/\" target=\"\" rel=\"noopener\">Abogado de lesiones en Mableton<\/a><\/li>\n<li><a href=\"https:\/\/www.kalkalaw.com\/rideshare-accident-e-book\/\" target=\"\" rel=\"noopener\">Libro electr\u00f3nico sobre accidentes de transporte compartido<\/a><\/li>\n<li><a href=\"https:\/\/www.kalkalaw.com\/remote-personal-injury-services\/\" target=\"\" rel=\"noopener\">Servicios a distancia de da\u00f1os personales<\/a><\/li>\n<li><a href=\"https:\/\/www.kalkalaw.com\/faq\/\" target=\"\" rel=\"noopener\">PREGUNTAS FRECUENTES<\/a>\n<ul>\n<li><a href=\"https:\/\/www.kalkalaw.com\/faq\/accident-caused-by-a-bad-tire\/\" target=\"\" rel=\"noopener\">Accidente causado por un neum\u00e1tico defectuoso<\/a><\/li>\n<li><a href=\"https:\/\/www.kalkalaw.com\/faq\/another-car-swerved-into-my-lane\/\" target=\"\" rel=\"noopener\">Otro coche se desvi\u00f3 hacia mi carril<\/a><\/li>\n<li><a href=\"https:\/\/www.kalkalaw.com\/faq\/are-motorcycle-riders-allowed-to-ride-side-by-si\/\" target=\"\" rel=\"noopener\">\u00bfSe permite a los motoristas ir de lado a lado?<\/a><\/li>\n<li><a href=\"https:\/\/www.kalkalaw.com\/faq\/car-pedestrian-accident-where-i-suffered-leg-inj\/\" target=\"\" rel=\"noopener\">Accidente de coche-peat\u00f3n en el que sufr\u00ed lesiones en las piernas<\/a><\/li>\n<li><a href=\"https:\/\/www.kalkalaw.com\/faq\/difference-between-a-simple-fracture-and-compoun\/\" target=\"\" rel=\"noopener\">\u00bfDiferencia entre fractura simple y fractura compuesta?<\/a><\/li>\n<li><a href=\"https:\/\/www.kalkalaw.com\/faq\/experiencing-back-pain-after-my-crash\/\" target=\"\" rel=\"noopener\">Dolor de espalda tras el accidente<\/a><\/li>\n<li><a href=\"https:\/\/www.kalkalaw.com\/faq\/hitting-a-pothole-while-riding-my-bike\/\" target=\"\" rel=\"noopener\">Golpear un bache mientras monto en bici<\/a><\/li>\n<li><a href=\"https:\/\/www.kalkalaw.com\/faq\/how-can-12-seconds-help-you-avoid-an-accident\/\" target=\"\" rel=\"noopener\">\u00bfC\u00f3mo pueden ayudarte 12 segundos a evitar un accidente?<\/a><\/li>\n<li><a href=\"https:\/\/www.kalkalaw.com\/faq\/how-do-you-quantify-pain-and-suffering-\/\" target=\"\" rel=\"noopener\">\u00bfC\u00f3mo se cuantifican el dolor y el sufrimiento?<\/a><\/li>\n<li><a href=\"https:\/\/www.kalkalaw.com\/faq\/i-hit-a-car-door\/\" target=\"\" rel=\"noopener\">Golpe\u00e9 la puerta de un coche<\/a><\/li>\n<li><a href=\"https:\/\/www.kalkalaw.com\/faq\/is-it-more-dangerous-to-ride-in-a-group\/\" target=\"\" rel=\"noopener\">\u00bfEs m\u00e1s peligroso ir en grupo?<\/a><\/li>\n<li><a href=\"https:\/\/www.kalkalaw.com\/faq\/should-i-be-held-liable-if-the-bicyclist-ran-a-r\/\" target=\"\" rel=\"noopener\">\u00bfDebo ser considerado responsable si el ciclista se salt\u00f3 un sem\u00e1foro en rojo?<\/a><\/li>\n<li><a href=\"https:\/\/www.kalkalaw.com\/faq\/should-i-pursue-a-claim-after-a-sideswipe\/\" target=\"\" rel=\"noopener\">\u00bfDebo interponer una demanda tras un golpe lateral?<\/a><\/li>\n<li><a href=\"https:\/\/www.kalkalaw.com\/faq\/my-brother-was-injured-in-an-auto-accident\/\" target=\"\" rel=\"noopener\">Mi hermano result\u00f3 herido en un accidente de tr\u00e1fico<\/a><\/li>\n<li><a href=\"https:\/\/www.kalkalaw.com\/faq\/truck-driver-said-i-cut-him-off-he-rear-ended-me\/\" target=\"\" rel=\"noopener\">Un camionero dice que le cort\u00e9 el paso y me choc\u00f3 por detr\u00e1s<\/a><\/li>\n<li><a href=\"https:\/\/www.kalkalaw.com\/faq\/what-are-common-chest-injuries-from-a-car-crash\/\" target=\"\" rel=\"noopener\">\u00bfCu\u00e1les son las lesiones tor\u00e1cicas m\u00e1s frecuentes en un accidente de tr\u00e1fico?<\/a><\/li>\n<li><a href=\"https:\/\/www.kalkalaw.com\/faq\/what-happens-when-a-car-crash-causes-ruptured-sp\/\" target=\"\" rel=\"noopener\">\u00bfQu\u00e9 ocurre cuando un accidente de coche provoca una rotura de bazo?<\/a><\/li>\n<li><a href=\"https:\/\/www.kalkalaw.com\/faq\/what-is-a-greenstick-fracture\/\" target=\"\" rel=\"noopener\">\u00bfQu\u00e9 es una fractura de Greenstick?<\/a><\/li>\n<li><a href=\"https:\/\/www.kalkalaw.com\/faq\/what-to-do-if-youre-in-a-parking-lot-accident\/\" target=\"\" rel=\"noopener\">Qu\u00e9 hacer si tienes un accidente en un aparcamiento<\/a><\/li>\n<li><a href=\"https:\/\/www.kalkalaw.com\/faq\/who-is-responsible-for-paying-medical-bills-afte\/\" target=\"\" rel=\"noopener\">\u00bfQui\u00e9n es responsable de pagar las facturas m\u00e9dicas tras un atropello con fuga?<\/a><\/li>\n<li><a href=\"https:\/\/www.kalkalaw.com\/faq\/why-was-my-claim-denied\/\" target=\"\" rel=\"noopener\">\u00bfPor qu\u00e9 me han denegado la solicitud?<\/a><\/li>\n<\/ul>\n<\/li>\n<li><a href=\"https:\/\/www.kalkalaw.com\/en-espanol\/\" target=\"\" rel=\"noopener\">In English<\/a><\/li>\n<li><a href=\"https:\/\/www.kalkalaw.com\/blog\/\" target=\"\" rel=\"noopener\">Blog<\/a><\/li>\n<li><a href=\"https:\/\/www.kalkalaw.com\/reviews\/\" target=\"\" rel=\"noopener\">Comentarios<\/a><\/li>\n<li><a href=\"https:\/\/www.kalkalaw.com\/results\/\" target=\"\" rel=\"noopener\">Resultados<\/a><\/li>\n<li><a href=\"https:\/\/www.kalkalaw.com\/videos\/\">V\u00eddeos<\/a><\/li>\n<li><a href=\"https:\/\/www.kalkalaw.com\/contact-us\/\" target=\"\" rel=\"noopener\">Contacta con nosotros<\/a><\/li>\n<li><a href=\"https:\/\/www.kalkalaw.com\/es\/mapa-del-sitio\/\" target=\"\" rel=\"noopener\">Mapa del sitio<\/a><\/li>\n<\/ul>\n","protected":false},"excerpt":{"rendered":"<p>Mapa del sitio Inicio Visi\u00f3n general de la empresa Conoce [&hellip;]<\/p>\n","protected":false},"author":3,"featured_media":0,"parent":0,"menu_order":0,"comment_status":"closed","ping_status":"closed","template":"","meta":{"footnotes":""},"class_list":["post-5941","page","type-page","status-publish","hentry"],"yoast_head":"<!-- This site is optimized with the Yoast SEO plugin v27.1.1 - https:\/\/yoast.com\/product\/yoast-seo-wordpress\/ -->\n<title>Mapa del Sitio | The Kalka Law Group - Personal Injury &amp; Accident Attorneys<\/title>\n<meta name=\"description\" content=\"Encuentra toda la informaci\u00f3n sobre nuestro sitio aqu\u00ed, en esta p\u00e1gina. Si no encuentras respuesta a tu pregunta, ponte en contacto con nosotros.\" \/>\n<meta name=\"robots\" content=\"index, follow, max-snippet:-1, max-image-preview:large, max-video-preview:-1\" \/>\n<link rel=\"canonical\" href=\"https:\/\/www.kalkalaw.com\/es\/mapa-del-sitio\/\" \/>\n<meta property=\"og:locale\" content=\"es_ES\" \/>\n<meta property=\"og:type\" content=\"article\" \/>\n<meta property=\"og:title\" content=\"Mapa del Sitio | The Kalka Law Group - Personal Injury &amp; Accident Attorneys\" \/>\n<meta property=\"og:description\" content=\"Encuentra toda la informaci\u00f3n sobre nuestro sitio aqu\u00ed, en esta p\u00e1gina. Si no encuentras respuesta a tu pregunta, ponte en contacto con nosotros.\" \/>\n<meta property=\"og:url\" content=\"https:\/\/www.kalkalaw.com\/es\/mapa-del-sitio\/\" \/>\n<meta property=\"og:site_name\" content=\"The Kalka Law Group - Personal Injury &amp; Car Accident Attorneys\" \/>\n<meta property=\"article:publisher\" content=\"https:\/\/www.facebook.com\/KalkaLawGroup\/\" \/>\n<meta name=\"twitter:card\" content=\"summary_large_image\" \/>\n<meta name=\"twitter:site\" content=\"@KalkaLawGroup\" \/>\n<meta name=\"twitter:label1\" content=\"Tiempo de lectura\" \/>\n\t<meta name=\"twitter:data1\" content=\"3 minutos\" \/>\n<!-- \/ Yoast SEO plugin. -->","yoast_head_json":{"title":"Mapa del Sitio | The Kalka Law Group - Personal Injury & Accident Attorneys","description":"Encuentra toda la informaci\u00f3n sobre nuestro sitio aqu\u00ed, en esta p\u00e1gina. Si no encuentras respuesta a tu pregunta, ponte en contacto con nosotros.","robots":{"index":"index","follow":"follow","max-snippet":"max-snippet:-1","max-image-preview":"max-image-preview:large","max-video-preview":"max-video-preview:-1"},"canonical":"https:\/\/www.kalkalaw.com\/es\/mapa-del-sitio\/","og_locale":"es_ES","og_type":"article","og_title":"Mapa del Sitio | The Kalka Law Group - Personal Injury & Accident Attorneys","og_description":"Encuentra toda la informaci\u00f3n sobre nuestro sitio aqu\u00ed, en esta p\u00e1gina. Si no encuentras respuesta a tu pregunta, ponte en contacto con nosotros.","og_url":"https:\/\/www.kalkalaw.com\/es\/mapa-del-sitio\/","og_site_name":"The Kalka Law Group - Personal Injury &amp; Car Accident Attorneys","article_publisher":"https:\/\/www.facebook.com\/KalkaLawGroup\/","twitter_card":"summary_large_image","twitter_site":"@KalkaLawGroup","twitter_misc":{"Tiempo de lectura":"3 minutos"},"schema":{"@context":"https:\/\/schema.org","@graph":[{"@type":"WebPage","@id":"https:\/\/www.kalkalaw.com\/es\/mapa-del-sitio\/","url":"https:\/\/www.kalkalaw.com\/es\/mapa-del-sitio\/","name":"Mapa del Sitio | The Kalka Law Group - Personal Injury & Accident Attorneys","isPartOf":{"@id":"https:\/\/www.kalkalaw.com\/es\/#website"},"datePublished":"2023-11-01T02:48:06+00:00","description":"Encuentra toda la informaci\u00f3n sobre nuestro sitio aqu\u00ed, en esta p\u00e1gina. Si no encuentras respuesta a tu pregunta, ponte en contacto con nosotros.","breadcrumb":{"@id":"https:\/\/www.kalkalaw.com\/es\/mapa-del-sitio\/#breadcrumb"},"inLanguage":"es","potentialAction":[{"@type":"ReadAction","target":["https:\/\/www.kalkalaw.com\/es\/mapa-del-sitio\/"]}]},{"@type":"BreadcrumbList","@id":"https:\/\/www.kalkalaw.com\/es\/mapa-del-sitio\/#breadcrumb","itemListElement":[{"@type":"ListItem","position":1,"name":"Home","item":"https:\/\/www.kalkalaw.com\/es\/"},{"@type":"ListItem","position":2,"name":"Mapa del sitio"}]},{"@type":"WebSite","@id":"https:\/\/www.kalkalaw.com\/es\/#website","url":"https:\/\/www.kalkalaw.com\/es\/","name":"The Kalka Law Group - Personal Injury & Car Accident Attorneys","description":"","publisher":{"@id":"https:\/\/www.kalkalaw.com\/es\/#organization"},"potentialAction":[{"@type":"SearchAction","target":{"@type":"EntryPoint","urlTemplate":"https:\/\/www.kalkalaw.com\/es\/?s={search_term_string}"},"query-input":{"@type":"PropertyValueSpecification","valueRequired":true,"valueName":"search_term_string"}}],"inLanguage":"es"},{"@type":"Organization","@id":"https:\/\/www.kalkalaw.com\/es\/#organization","name":"The Kalka Law Group - Personal Injury & Car Accident Attorneys","url":"https:\/\/www.kalkalaw.com\/es\/","logo":{"@type":"ImageObject","inLanguage":"es","@id":"https:\/\/www.kalkalaw.com\/es\/#\/schema\/logo\/image\/","url":"https:\/\/www.kalkalaw.com\/wp-content\/uploads\/2023\/10\/logo-navy.png","contentUrl":"https:\/\/www.kalkalaw.com\/wp-content\/uploads\/2023\/10\/logo-navy.png","width":1088,"height":364,"caption":"The Kalka Law Group - Personal Injury & Car Accident Attorneys"},"image":{"@id":"https:\/\/www.kalkalaw.com\/es\/#\/schema\/logo\/image\/"},"sameAs":["https:\/\/www.facebook.com\/KalkaLawGroup\/","https:\/\/x.com\/KalkaLawGroup","https:\/\/www.avvo.com\/attorneys\/30309-ga-anthony-kalka-479261.html","https:\/\/www.yelp.com\/biz\/the-kalka-law-group-marietta","https:\/\/www.linkedin.com\/company\/kalkalawgroup\/"]}]}},"_links":{"self":[{"href":"https:\/\/www.kalkalaw.com\/es\/wp-json\/wp\/v2\/pages\/5941","targetHints":{"allow":["GET"]}}],"collection":[{"href":"https:\/\/www.kalkalaw.com\/es\/wp-json\/wp\/v2\/pages"}],"about":[{"href":"https:\/\/www.kalkalaw.com\/es\/wp-json\/wp\/v2\/types\/page"}],"author":[{"embeddable":true,"href":"https:\/\/www.kalkalaw.com\/es\/wp-json\/wp\/v2\/users\/3"}],"replies":[{"embeddable":true,"href":"https:\/\/www.kalkalaw.com\/es\/wp-json\/wp\/v2\/comments?post=5941"}],"version-history":[{"count":0,"href":"https:\/\/www.kalkalaw.com\/es\/wp-json\/wp\/v2\/pages\/5941\/revisions"}],"wp:attachment":[{"href":"https:\/\/www.kalkalaw.com\/es\/wp-json\/wp\/v2\/media?parent=5941"}],"curies":[{"name":"wp","href":"https:\/\/api.w.org\/{rel}","templated":true}]}}