{"id":5948,"date":"2023-10-31T22:38:48","date_gmt":"2023-11-01T02:38:48","guid":{"rendered":"https:\/\/www.kalkalaw.com\/vision-general-de-la-empresa\/"},"modified":"2025-12-30T21:13:19","modified_gmt":"2025-12-31T02:13:19","slug":"vision-general-de-la-empresa","status":"publish","type":"page","link":"https:\/\/www.kalkalaw.com\/es\/vision-general-de-la-empresa\/","title":{"rendered":"Sobre nosotros"},"content":{"rendered":"<div class=\"fusion-fullwidth fullwidth-box fusion-builder-row-1 fusion-flex-container has-pattern-background has-mask-background nonhundred-percent-fullwidth non-hundred-percent-height-scrolling\" style=\"--awb-border-radius-top-left:0px;--awb-border-radius-top-right:0px;--awb-border-radius-bottom-right:0px;--awb-border-radius-bottom-left:0px;--awb-margin-bottom:70px;--awb-flex-wrap:wrap;\" ><div class=\"fusion-builder-row fusion-row fusion-flex-align-items-flex-start fusion-flex-content-wrap\" style=\"max-width:1393.6px;margin-left: calc(-4% \/ 2 );margin-right: calc(-4% \/ 2 );\"><div class=\"fusion-layout-column fusion_builder_column fusion-builder-column-0 fusion_builder_column_3_5 3_5 fusion-flex-column\" style=\"--awb-bg-size:cover;--awb-width-large:60%;--awb-margin-top-large:0px;--awb-spacing-right-large:3.84%;--awb-margin-bottom-large:0px;--awb-spacing-left-large:3.2%;--awb-width-medium:60%;--awb-spacing-right-medium:3.84%;--awb-spacing-left-medium:3.2%;--awb-width-small:100%;--awb-spacing-right-small:1.92%;--awb-spacing-left-small:1.92%;\"><div class=\"fusion-column-wrapper fusion-flex-justify-content-flex-start fusion-content-layout-column\"><div class=\"fusion-text fusion-text-1\"><header id=\"ContentV4MainContentHeader\" class=\"mrg_bt-40 ta_c\" data-content=\"true\">\n<h1>Nuestros abogados pueden proteger tus derechos<\/h1>\n<\/header>\n<div id=\"MainContent\" class=\"cnt-stl mrg_bt-90\">\n<h2>Lo que Kalka Law Group puede hacer por ti<\/h2>\n<p>Kalka Law Group es un bufete de abogados especializado en lesiones personales que se centra especialmente en ayudar a las v\u00edctimas de accidentes de autom\u00f3vil, casos de lesiones y asuntos de responsabilidad de las instalaciones. Adem\u00e1s, nuestro equipo tiene experiencia en la gesti\u00f3n de casos complejos relacionados con accidentes de Uber y Lyft en todo Georgia. <\/p>\n<p>Con un equipo de abogados expertos en lesiones personales cuya experiencia combinada suma m\u00e1s de 30 a\u00f1os. Durante sus carreras de lucha por los derechos de las v\u00edctimas, han sido honrados y reconocidos con numerosos premios y galardones. <\/p>\n<h3>Aportamos Algo M\u00e1s Que Tremendos Galardones<\/h3>\n<p>Para las v\u00edctimas de lesiones personales que buscan ayuda, \u00bfqu\u00e9 significan estos premios? Significan que cuando presentamos una demanda, entramos en un juzgado o nos enfrentamos a cualquier resistencia en tu nombre, nuestra reputaci\u00f3n nos precede: que los jueces y los abogados defensores sabr\u00e1n que se enfrentan a una representaci\u00f3n agresiva y dedicada a las lesiones personales. <\/p>\n<p>Nuestra misi\u00f3n es infundir esa confianza en cada cliente que cruza nuestras puertas: que sus necesidades, sus derechos y su futuro est\u00e1n en manos seguras y competentes.<\/p>\n<h3>Enfrentarse a las empresas y compa\u00f1\u00edas de seguros<\/h3>\n<p>Kalka Law Group ha sido nombrado parte del Top 1% de los Profesionales M\u00e1s Honrados de Am\u00e9rica. Cada uno de nuestros abogados tiene un <a href=\"https:\/\/www.kalkalaw.com\/es\/conoce-a-nuestros-abogados\/\">largo historial de logros<\/a> y puede luchar incansablemente por tu \u00e9xito. Si te has lesionado recientemente, es muy probable que te enfrentes a poderosas empresas o compa\u00f1\u00edas de seguros. Sin embargo, a nuestro equipo no le asustan los retos y no retrocederemos ante estas grandes entidades. Nos comprometemos a conseguir para nuestros clientes la indemnizaci\u00f3n que merecen.    <\/p>\n<p>Como nuestros abogados tienen una amplia experiencia trabajando directamente con compa\u00f1\u00edas de seguros como abogados defensores, conocen todas las estrategias m\u00e1s eficaces contra ellas. Estamos dispuestos a poner nuestra gran experiencia y habilidad a tu servicio para buscar justicia en tu nombre. <\/p>\n<p><strong>Podemos ayudarte a recuperar una indemnizaci\u00f3n que puede destinarse a:<\/strong><\/p>\n<ul>\n<li>Salarios perdidos<\/li>\n<li>Dolor y sufrimiento<\/li>\n<li>Facturas m\u00e9dicas<\/li>\n<li>Gastos de fisioterapia<\/li>\n<li>Otros gastos relacionados con lesiones<\/li>\n<\/ul>\n<hr>\n<h3>\u00bfPor qu\u00e9 elegir a Kalka Law Group?<\/h3>\n<p>En nuestro bufete comprendemos que, por m\u00ednimas o importantes que sean las lesiones sufridas, han tenido un impacto en tu vida. D\u00e9janos trabajar para corregir los errores cometidos contra ti; d\u00e9janos trabajar a tu lado hacia un resultado positivo. <\/p>\n<h2><strong>5 razones para contratar a nuestro bufete<\/strong><\/h2>\n<h4><strong>Atenci\u00f3n personalizada y compasiva al detalle<\/strong><\/h4>\n<p>Nos tomamos el tiempo necesario para estudiar tu caso \u00fanico, en lugar de tratarte como si fueras \u00abcomo cualquier otro cliente\u00bb. Esto incluye tanto los casos de lesiones grandes y m\u00e1s complejos como los que implican lesiones menos graves. Somos defensores de las personas que han sufrido lesiones y de las familias de quienes han fallecido como consecuencia de la <a href=\"https:\/\/www.kalkalaw.com\/general-negligence-lawyer-atlanta-georgia-negligence-lawyer-near-me\/\">negligencia<\/a> o el comportamiento imprudente de otra persona.  <\/p>\n<h4><strong>Equipo de abogados galardonado<\/strong><\/h4>\n<p>Somos h\u00e1biles litigantes que sabemos c\u00f3mo investigar, negociar o litigar tu reclamaci\u00f3n, por complicada que sea. Con m\u00e1s de 20 a\u00f1os de experiencia jur\u00eddica combinada, nuestros dos abogados tienen una calificaci\u00f3n 10.0 Superb de Avvo, han sido incluidos en la lista de Georgia&#8217;s Super Lawyers\u00ae Rising Stars <sup>SM<\/sup> durante varios a\u00f1os consecutivos y nombrados en la lista de los mejores bufetes de abogados de 2013 por <em>U.S. News<\/em>. Esto es s\u00f3lo un peque\u00f1o fragmento de todos los tremendos logros que <a href=\"https:\/\/www.kalkalaw.com\/es\/vision-general-de-la-empresa\/\">The Kalka Law Group<\/a> ha conseguido en los \u00faltimos a\u00f1os.  <\/p>\n<h4><strong>Sin cuotas iniciales<\/strong><\/h4>\n<p>No te cobramos honorarios a menos que consigamos llegar a un acuerdo o que un jurado te conceda una indemnizaci\u00f3n. No hay por qu\u00e9 evitar una representaci\u00f3n de calidad porque creas que no puedes permit\u00edrtela. T\u00f3mate un momento para leer algunos de <a href=\"https:\/\/www.kalkalaw.com\/reviews\/\">nuestros testimonios<\/a> de muchos de nuestros clientes satisfechos. Estamos orgullosos de nuestros \u00e9xitos y de c\u00f3mo hemos ayudado a tantas personas a mirar hacia un futuro mucho m\u00e1s brillante.   <\/p>\n<h4><strong>Millones de d\u00f3lares en acuerdos<\/strong><\/h4>\n<p>Tras haber obtenido millones para clientes anteriores por todo tipo de casos, desde accidentes de cami\u00f3n hasta reclamaciones de mala fe a compa\u00f1\u00edas de seguros, nuestro equipo de abogados especializados en lesiones trabaja sin descanso para recuperar la mayor cantidad de indemnizaci\u00f3n posible. El abogado Anthony Kalka ha sido incluido en el Million Dollar Advocates Forum\u00ae como miembro vitalicio por su \u00e9xito en la recuperaci\u00f3n de millones. Obt\u00e9n m\u00e1s informaci\u00f3n consultando <a href=\"https:\/\/www.kalkalaw.com\/results\/\">los resultados de<\/a> nuestros casos anteriores.  <\/p>\n<h4><strong>Evaluaci\u00f3n gratuita del caso<\/strong><\/h4>\n<p>Puede que no est\u00e9s seguro de si tienes un caso o de lo que supondr\u00eda presentar una demanda por lesiones personales. Una vez que <a href=\"https:\/\/www.kalkalaw.com\/es\/contacta-con-nosotros\/\">te pongas en contacto con nosotros<\/a> para una evaluaci\u00f3n gratuita y confidencial de tu caso, sin compromiso, podremos responder a tus preguntas y discutir todas las opciones disponibles. <\/p>\n<hr>\n<h3>Deja que nuestro bufete te acompa\u00f1e<\/h3>\n<p>Cuando necesites una representaci\u00f3n personal, compasiva y eficaz para una reclamaci\u00f3n por lesiones, ponte en contacto con nuestro bufete. Llevamos muchos a\u00f1os prestando un servicio personalizado y excepcional a clientes de todo Georgia. Rellena nuestro formulario de contacto hoy mismo para saber c\u00f3mo podemos ayudarte.  <\/p>\n<h3>Programa una cita con nuestro equipo<\/h3>\n<p>Si quieres hablar de tu situaci\u00f3n con nuestro equipo de abogados especializados en lesiones personales, programa hoy mismo una consulta gratuita y confidencial. Nuestros abogados est\u00e1n aqu\u00ed para responder a cualquier pregunta que puedas tener sobre el proceso que se avecina, y ayudarte a identificar todas tus opciones. Podemos ayudarte a tomar medidas que favorezcan tus intereses. Adem\u00e1s, no cobramos honorarios a menos que consigamos ganar tu caso. Estamos orgullosos de servir a Atlanta, Lawrenceville, Alpharetta, Marietta y sus alrededores.    <\/p>\n<p><strong>La recuperaci\u00f3n financiera est\u00e1 a una llamada de distancia, marca <a href=\"tel:(404)%20529-9371\">(404) 529-9371<\/a> para <\/strong><a href=\"https:\/\/www.kalkalaw.com\/es\/contacta-con-nosotros\/\"><strong>ponerte en contacto<\/strong><\/a> <strong>con nuestro equipo. <\/strong> <\/p>\n<\/div>\n<\/div><\/div><\/div><div class=\"fusion-layout-column fusion_builder_column fusion-builder-column-1 fusion_builder_column_2_5 2_5 fusion-flex-column\" style=\"--awb-padding-right:30px;--awb-bg-size:cover;--awb-width-large:40%;--awb-margin-top-large:0px;--awb-spacing-right-large:4.8%;--awb-margin-bottom-large:0px;--awb-spacing-left-large:4.8%;--awb-width-medium:100%;--awb-order-medium:0;--awb-spacing-right-medium:1.92%;--awb-spacing-left-medium:1.92%;--awb-width-small:100%;--awb-order-small:0;--awb-spacing-right-small:1.92%;--awb-spacing-left-small:1.92%;\"><div class=\"fusion-column-wrapper fusion-column-has-shadow fusion-flex-justify-content-flex-start fusion-content-layout-column\"><div class=\"fusion-title title fusion-title-1 fusion-sep-none fusion-title-text fusion-title-size-three\" style=\"--awb-text-color:var(--awb-color8);\"><h3 class=\"fusion-title-heading title-heading-left\" style=\"margin:0;text-transform:capitalize;\">Nuestras sedes<\/h3><\/div><div class=\"fusion-image-element \" style=\"--awb-caption-title-font-family:var(--h2_typography-font-family);--awb-caption-title-font-weight:var(--h2_typography-font-weight);--awb-caption-title-font-style:var(--h2_typography-font-style);--awb-caption-title-size:var(--h2_typography-font-size);--awb-caption-title-transform:var(--h2_typography-text-transform);--awb-caption-title-line-height:var(--h2_typography-line-height);--awb-caption-title-letter-spacing:var(--h2_typography-letter-spacing);\"><span class=\" fusion-imageframe imageframe-none imageframe-1 hover-type-none\"><img decoding=\"async\" width=\"118\" height=\"14\" src=\"data:image\/svg+xml,%3Csvg%20xmlns%3D%27http%3A%2F%2Fwww.w3.org%2F2000%2Fsvg%27%20width%3D%27118%27%20height%3D%2714%27%20viewBox%3D%270%200%20118%2014%27%3E%3Crect%20width%3D%27118%27%20height%3D%2714%27%20fill-opacity%3D%220%22%2F%3E%3C%2Fsvg%3E\" data-orig-src=\"https:\/\/www.kalkalaw.com\/wp-content\/uploads\/2021\/12\/heading-separator.png\" alt class=\"lazyload img-responsive wp-image-5634\"\/><\/span><\/div><div class=\"fusion-content-boxes content-boxes columns row fusion-columns-1 fusion-columns-total-1 fusion-content-boxes-1 content-boxes-icon-on-side content-left\" style=\"--awb-margin-top:35px;--awb-hover-accent-color:var(--awb-color5);--awb-circle-hover-accent-color:var(--awb-color5);--awb-item-margin-bottom:40px;\" data-animationOffset=\"top-into-view\"><div style=\"--awb-backgroundcolor:hsla(var(--awb-color1-h),var(--awb-color1-s),var(--awb-color1-l),calc(var(--awb-color1-a) - 100%));--awb-iconcolor:var(--awb-color4);--awb-content-padding-left:100px;\" class=\"fusion-column content-box-column content-box-column content-box-column-1 col-lg-12 col-md-12 col-sm-12 fusion-content-box-hover content-box-column-last content-box-column-last-in-row\"><div class=\"col content-box-wrapper content-wrapper link-area-link-icon icon-hover-animation-fade\" data-animationOffset=\"top-into-view\"><div class=\"heading heading-with-icon icon-left\"><div class=\"icon\"><i style=\"border-color:var(--awb-color8);border-width:0px;background-color:var(--awb-color2);box-sizing:content-box;height:80px;width:80px;line-height:80px;border-radius:50%;font-size:40px;\" aria-hidden=\"true\" class=\"fontawesome-icon awb-cardealership-building-solid circle-yes\"><\/i><\/div><h5 class=\"content-box-heading\" style=\"--h5_typography-font-size:24px;line-height:29px;padding-left:100px;\">Marietta<\/h5><\/div><div class=\"fusion-clearfix\"><\/div><div class=\"content-container\">\n<p>78 Atlanta St, SE #100<br \/>\nMarietta, GA 30060<br \/>\n<a href=\"https:\/\/www.google.com\/maps?cid=14674383295830619224\" target=\"_blank\" rel=\"noopener\">C\u00f3mo llegar<\/a><\/p>\n<p><strong><a href=\"tel:(404)%20529-9371\">(404) 529-9371<\/a><\/strong><\/p>\n<p>M\u00e1s informaci\u00f3n sobre los <a href=\"https:\/\/www.kalkalaw.com\/\">abogados de lesiones personales de Marietta<\/a>.<\/p>\n<\/div><\/div><\/div><div class=\"fusion-clearfix\"><\/div><\/div><div class=\"fusion-separator fusion-full-width-sep\" style=\"align-self: center;margin-left: auto;margin-right: auto;margin-top:-20px;margin-bottom:20px;width:100%;\"><div class=\"fusion-separator-border sep-single sep-solid\" style=\"--awb-height:20px;--awb-amount:20px;border-color:var(--awb-color3);border-top-width:1px;\"><\/div><\/div><div class=\"fusion-content-boxes content-boxes columns row fusion-columns-1 fusion-columns-total-1 fusion-content-boxes-2 content-boxes-icon-on-side content-left\" style=\"--awb-margin-top:35px;--awb-hover-accent-color:var(--awb-color5);--awb-circle-hover-accent-color:var(--awb-color5);--awb-item-margin-bottom:40px;\" data-animationOffset=\"top-into-view\"><div style=\"--awb-backgroundcolor:hsla(var(--awb-color1-h),var(--awb-color1-s),var(--awb-color1-l),calc(var(--awb-color1-a) - 100%));--awb-iconcolor:var(--awb-color4);--awb-content-padding-left:100px;\" class=\"fusion-column content-box-column content-box-column content-box-column-1 col-lg-12 col-md-12 col-sm-12 fusion-content-box-hover content-box-column-last content-box-column-last-in-row\"><div class=\"col content-box-wrapper content-wrapper link-area-link-icon icon-hover-animation-fade\" data-animationOffset=\"top-into-view\"><div class=\"heading heading-with-icon icon-left\"><div class=\"icon\"><i style=\"border-color:var(--awb-color8);border-width:0px;background-color:var(--awb-color2);box-sizing:content-box;height:80px;width:80px;line-height:80px;border-radius:50%;font-size:40px;\" aria-hidden=\"true\" class=\"fontawesome-icon awb-cardealership-building-solid circle-yes\"><\/i><\/div><h5 class=\"content-box-heading\" style=\"--h5_typography-font-size:24px;line-height:29px;padding-left:100px;\">Atlanta<\/h5><\/div><div class=\"fusion-clearfix\"><\/div><div class=\"content-container\">\n<p>1447 Peachtree St NE, Suite 550<br \/>\nAtlanta, GA 30309<br \/>\n<a href=\"https:\/\/www.google.com\/maps?cid=15524146592888662967\" target=\"_blank\" rel=\"noopener\">C\u00f3mo llegar<\/a><\/p>\n<p><strong><a href=\"tel:(404)%20835-8072\">(404) 835-8072<\/a><\/strong><\/p>\n<p>M\u00e1s informaci\u00f3n sobre los <a href=\"https:\/\/www.kalkalaw.com\/atlanta-georgia-car-accident-lawyer-personal-injury-attorney-near-you\/\">abogados de lesiones personales de Atlanta<\/a>.<\/p>\n<\/div><\/div><\/div><div class=\"fusion-clearfix\"><\/div><\/div><div class=\"fusion-separator fusion-full-width-sep\" style=\"align-self: center;margin-left: auto;margin-right: auto;margin-top:-20px;margin-bottom:20px;width:100%;\"><div class=\"fusion-separator-border sep-single sep-solid\" style=\"--awb-height:20px;--awb-amount:20px;border-color:var(--awb-color3);border-top-width:1px;\"><\/div><\/div><div class=\"fusion-content-boxes content-boxes columns row fusion-columns-1 fusion-columns-total-1 fusion-content-boxes-3 content-boxes-icon-on-side content-left\" style=\"--awb-margin-top:35px;--awb-hover-accent-color:var(--awb-color5);--awb-circle-hover-accent-color:var(--awb-color5);--awb-item-margin-bottom:40px;\" data-animationOffset=\"top-into-view\"><div style=\"--awb-backgroundcolor:hsla(var(--awb-color1-h),var(--awb-color1-s),var(--awb-color1-l),calc(var(--awb-color1-a) - 100%));--awb-iconcolor:var(--awb-color4);--awb-content-padding-left:100px;\" class=\"fusion-column content-box-column content-box-column content-box-column-1 col-lg-12 col-md-12 col-sm-12 fusion-content-box-hover content-box-column-last content-box-column-last-in-row\"><div class=\"col content-box-wrapper content-wrapper link-area-link-icon icon-hover-animation-fade\" data-animationOffset=\"top-into-view\"><div class=\"heading heading-with-icon icon-left\"><div class=\"icon\"><i style=\"border-color:var(--awb-color8);border-width:0px;background-color:var(--awb-color2);box-sizing:content-box;height:80px;width:80px;line-height:80px;border-radius:50%;font-size:40px;\" aria-hidden=\"true\" class=\"fontawesome-icon awb-cardealership-building-solid circle-yes\"><\/i><\/div><h5 class=\"content-box-heading\" style=\"--h5_typography-font-size:24px;line-height:29px;padding-left:100px;\">Lawrenceville<\/h5><\/div><div class=\"fusion-clearfix\"><\/div><div class=\"content-container\">\n<p>148 S Clayton St, Suite A<br \/>\nLawrenceville, GA 30046<br \/>\n<a href=\"https:\/\/www.google.com\/maps?cid=14932513263472229762\" target=\"_blank\" rel=\"noopener\">C\u00f3mo llegar<\/a><\/p>\n<p><strong><a href=\"tel:(404)%20835-8073\">(404) 835-8073<\/a><\/strong><\/p>\n<p>M\u00e1s informaci\u00f3n sobre los <a href=\"https:\/\/www.kalkalaw.com\/lawrenceville-georgia-car-accident-lawyer-personal-injury-attorney-near-you\/\">abogados de lesiones personales de Lawrenceville<\/a>.<\/p>\n<\/div><\/div><\/div><div class=\"fusion-clearfix\"><\/div><\/div><\/div><\/div><\/div><\/div>\n","protected":false},"excerpt":{"rendered":"","protected":false},"author":3,"featured_media":0,"parent":0,"menu_order":0,"comment_status":"closed","ping_status":"closed","template":"100-width.php","meta":{"footnotes":""},"class_list":["post-5948","page","type-page","status-publish","hentry"],"yoast_head":"<!-- This site is optimized with the Yoast SEO plugin v27.1.1 - https:\/\/yoast.com\/product\/yoast-seo-wordpress\/ -->\n<title>Visi\u00f3n general de la firma | The Kalka Law Group - Abogados de lesiones personales y accidentes<\/title>\n<meta name=\"description\" content=\"Inf\u00f3rmate sobre Kalka Law Group y sobre c\u00f3mo nuestros abogados especializados en lesiones pueden proteger tus derechos tras un accidente.\" \/>\n<meta name=\"robots\" content=\"index, follow, max-snippet:-1, max-image-preview:large, max-video-preview:-1\" \/>\n<link rel=\"canonical\" href=\"https:\/\/www.kalkalaw.com\/es\/vision-general-de-la-empresa\/\" \/>\n<meta property=\"og:locale\" content=\"es_ES\" \/>\n<meta property=\"og:type\" content=\"article\" \/>\n<meta property=\"og:title\" content=\"Visi\u00f3n general de la firma | The Kalka Law Group - Abogados de lesiones personales y accidentes\" \/>\n<meta property=\"og:description\" content=\"Inf\u00f3rmate sobre Kalka Law Group y sobre c\u00f3mo nuestros abogados especializados en lesiones pueden proteger tus derechos tras un accidente.\" \/>\n<meta property=\"og:url\" content=\"https:\/\/www.kalkalaw.com\/es\/vision-general-de-la-empresa\/\" \/>\n<meta property=\"og:site_name\" content=\"The Kalka Law Group - Personal Injury &amp; Car Accident Attorneys\" \/>\n<meta property=\"article:publisher\" content=\"https:\/\/www.facebook.com\/KalkaLawGroup\/\" \/>\n<meta property=\"article:modified_time\" content=\"2025-12-31T02:13:19+00:00\" \/>\n<meta name=\"twitter:card\" content=\"summary_large_image\" \/>\n<meta name=\"twitter:site\" content=\"@KalkaLawGroup\" \/>\n<meta name=\"twitter:label1\" content=\"Tiempo de lectura\" \/>\n\t<meta name=\"twitter:data1\" content=\"15 minutos\" \/>\n<!-- \/ Yoast SEO plugin. -->","yoast_head_json":{"title":"Visi\u00f3n general de la firma | The Kalka Law Group - Abogados de lesiones personales y accidentes","description":"Inf\u00f3rmate sobre Kalka Law Group y sobre c\u00f3mo nuestros abogados especializados en lesiones pueden proteger tus derechos tras un accidente.","robots":{"index":"index","follow":"follow","max-snippet":"max-snippet:-1","max-image-preview":"max-image-preview:large","max-video-preview":"max-video-preview:-1"},"canonical":"https:\/\/www.kalkalaw.com\/es\/vision-general-de-la-empresa\/","og_locale":"es_ES","og_type":"article","og_title":"Visi\u00f3n general de la firma | The Kalka Law Group - Abogados de lesiones personales y accidentes","og_description":"Inf\u00f3rmate sobre Kalka Law Group y sobre c\u00f3mo nuestros abogados especializados en lesiones pueden proteger tus derechos tras un accidente.","og_url":"https:\/\/www.kalkalaw.com\/es\/vision-general-de-la-empresa\/","og_site_name":"The Kalka Law Group - Personal Injury &amp; Car Accident Attorneys","article_publisher":"https:\/\/www.facebook.com\/KalkaLawGroup\/","article_modified_time":"2025-12-31T02:13:19+00:00","twitter_card":"summary_large_image","twitter_site":"@KalkaLawGroup","twitter_misc":{"Tiempo de lectura":"15 minutos"},"schema":{"@context":"https:\/\/schema.org","@graph":[{"@type":"WebPage","@id":"https:\/\/www.kalkalaw.com\/es\/vision-general-de-la-empresa\/","url":"https:\/\/www.kalkalaw.com\/es\/vision-general-de-la-empresa\/","name":"Visi\u00f3n general de la firma | The Kalka Law Group - Abogados de lesiones personales y accidentes","isPartOf":{"@id":"https:\/\/www.kalkalaw.com\/es\/#website"},"datePublished":"2023-11-01T02:38:48+00:00","dateModified":"2025-12-31T02:13:19+00:00","description":"Inf\u00f3rmate sobre Kalka Law Group y sobre c\u00f3mo nuestros abogados especializados en lesiones pueden proteger tus derechos tras un accidente.","breadcrumb":{"@id":"https:\/\/www.kalkalaw.com\/es\/vision-general-de-la-empresa\/#breadcrumb"},"inLanguage":"es","potentialAction":[{"@type":"ReadAction","target":["https:\/\/www.kalkalaw.com\/es\/vision-general-de-la-empresa\/"]}]},{"@type":"BreadcrumbList","@id":"https:\/\/www.kalkalaw.com\/es\/vision-general-de-la-empresa\/#breadcrumb","itemListElement":[{"@type":"ListItem","position":1,"name":"Home","item":"https:\/\/www.kalkalaw.com\/es\/"},{"@type":"ListItem","position":2,"name":"Sobre nosotros"}]},{"@type":"WebSite","@id":"https:\/\/www.kalkalaw.com\/es\/#website","url":"https:\/\/www.kalkalaw.com\/es\/","name":"The Kalka Law Group - Personal Injury & Car Accident Attorneys","description":"","publisher":{"@id":"https:\/\/www.kalkalaw.com\/es\/#organization"},"potentialAction":[{"@type":"SearchAction","target":{"@type":"EntryPoint","urlTemplate":"https:\/\/www.kalkalaw.com\/es\/?s={search_term_string}"},"query-input":{"@type":"PropertyValueSpecification","valueRequired":true,"valueName":"search_term_string"}}],"inLanguage":"es"},{"@type":"Organization","@id":"https:\/\/www.kalkalaw.com\/es\/#organization","name":"The Kalka Law Group - Personal Injury & Car Accident Attorneys","url":"https:\/\/www.kalkalaw.com\/es\/","logo":{"@type":"ImageObject","inLanguage":"es","@id":"https:\/\/www.kalkalaw.com\/es\/#\/schema\/logo\/image\/","url":"https:\/\/www.kalkalaw.com\/wp-content\/uploads\/2023\/10\/logo-navy.png","contentUrl":"https:\/\/www.kalkalaw.com\/wp-content\/uploads\/2023\/10\/logo-navy.png","width":1088,"height":364,"caption":"The Kalka Law Group - Personal Injury & Car Accident Attorneys"},"image":{"@id":"https:\/\/www.kalkalaw.com\/es\/#\/schema\/logo\/image\/"},"sameAs":["https:\/\/www.facebook.com\/KalkaLawGroup\/","https:\/\/x.com\/KalkaLawGroup","https:\/\/www.avvo.com\/attorneys\/30309-ga-anthony-kalka-479261.html","https:\/\/www.yelp.com\/biz\/the-kalka-law-group-marietta","https:\/\/www.linkedin.com\/company\/kalkalawgroup\/"]}]}},"_links":{"self":[{"href":"https:\/\/www.kalkalaw.com\/es\/wp-json\/wp\/v2\/pages\/5948","targetHints":{"allow":["GET"]}}],"collection":[{"href":"https:\/\/www.kalkalaw.com\/es\/wp-json\/wp\/v2\/pages"}],"about":[{"href":"https:\/\/www.kalkalaw.com\/es\/wp-json\/wp\/v2\/types\/page"}],"author":[{"embeddable":true,"href":"https:\/\/www.kalkalaw.com\/es\/wp-json\/wp\/v2\/users\/3"}],"replies":[{"embeddable":true,"href":"https:\/\/www.kalkalaw.com\/es\/wp-json\/wp\/v2\/comments?post=5948"}],"version-history":[{"count":0,"href":"https:\/\/www.kalkalaw.com\/es\/wp-json\/wp\/v2\/pages\/5948\/revisions"}],"wp:attachment":[{"href":"https:\/\/www.kalkalaw.com\/es\/wp-json\/wp\/v2\/media?parent=5948"}],"curies":[{"name":"wp","href":"https:\/\/api.w.org\/{rel}","templated":true}]}}