{"id":5951,"date":"2023-10-31T22:36:47","date_gmt":"2023-11-01T02:36:47","guid":{"rendered":"https:\/\/www.kalkalaw.com\/abogado-de-lesiones-en-mableton\/"},"modified":"2023-10-31T22:36:47","modified_gmt":"2023-11-01T02:36:47","slug":"abogado-de-lesiones-en-mableton","status":"publish","type":"page","link":"https:\/\/www.kalkalaw.com\/es\/abogado-de-lesiones-en-mableton\/","title":{"rendered":"Abogado de lesiones en Mableton"},"content":{"rendered":"<h1>Abogados de lesiones personales en Mableton<\/h1>\n<h2>Representaci\u00f3n legal fiable en Georgia<\/h2>\n<p>\u00bfTe has lesionado recientemente en un accidente por causas ajenas a tu voluntad? Si otra persona es responsable de una lesi\u00f3n, nuestros abogados de lesiones personales de Mableton en <a href=\"https:\/\/www.kalkalaw.com\/es\/vision-general-de-la-empresa\/\">The Kalka Law Group<\/a> pueden ayudarte a luchar por tus derechos para que t\u00fa no tengas que hacerlo. Si el accidente hizo que tuvieras que pagar cuantiosas facturas m\u00e9dicas, ausentarte del trabajo o cualquier cantidad de dolor y sufrimiento, nuestro equipo puede acudir en tu ayuda. Sabemos que sufrir una lesi\u00f3n inesperada puede ser aterrador, estresante y dejarte sin opciones para seguir adelante. En Kalka Law Group queremos que sepas que eso no es cierto.    <\/p>\n<h2>M\u00e1s de tres d\u00e9cadas de experiencia<\/h2>\n<p>Hablar en tu nombre y luchar por la justicia que mereces es algo en lo que nuestros abogados de lesiones personales de Mableton llevan a\u00f1os destacando. Tenemos la experiencia y los conocimientos necesarios para llevar tu caso con eficiencia y eficacia. Entendemos lo traumatizante que puede ser, por lo que nuestros abogados te tratar\u00e1n a ti y a tu situaci\u00f3n con compasi\u00f3n, comprensi\u00f3n y cuidado.  <\/p>\n<p><strong>Nuestros abogados de lesiones personales de Mableton tienen experiencia en ayudar a los clientes con lo siguiente y m\u00e1s:<\/strong><\/p>\n<ul>\n<li><a href=\"https:\/\/www.kalkalaw.com\/es\/abogados-de-accidentes-de-coche-en-marietta-cerca-de-ti-en-georgia\/\">Accidentes de tr\u00e1fico<\/a><\/li>\n<li><a href=\"https:\/\/www.kalkalaw.com\/es\/abogados-de-accidentes-de-coche-en-marietta-cerca-de-ti-en-georgia\/abogados-de-accidentes-por-enviar-mensajes-de-texto-al-conducir-en-marietta-ga\/\">Enviar mensajes de texto al conducir<\/a><\/li>\n<li><a href=\"https:\/\/www.kalkalaw.com\/es\/abogados-de-accidentes-de-moto-en-marietta-ga\/\">Accidentes de moto<\/a><\/li>\n<li><a href=\"https:\/\/www.kalkalaw.com\/es\/abogados-de-accidentes-de-camiones-en-marietta-ga\/\">Accidentes de cami\u00f3n<\/a><\/li>\n<li><a href=\"https:\/\/www.kalkalaw.com\/es\/abogados-de-lesiones-catastroficas-en-marietta-ga\/\">Lesi\u00f3n catastr\u00f3fica<\/a><\/li>\n<li><a href=\"https:\/\/www.kalkalaw.com\/es\/abogados-de-responsabilidad-civil-en-marietta-ga\/\">Responsabilidad civil<\/a><\/li>\n<li><a href=\"https:\/\/www.kalkalaw.com\/es\/abogados-de-resbalones-y-caidas-en-marietta-ga\/\">Resbal\u00f3n y ca\u00edda<\/a><\/li>\n<li><a href=\"https:\/\/www.kalkalaw.com\/personal-injury\/wrongful-death-lawyers-marietta-ga-personal-injury-lawyer-near-you\/\">Muerte por negligencia<\/a><\/li>\n<li><a href=\"https:\/\/www.kalkalaw.com\/es\/abogados-de-indemnizacion-laboral-en-marietta-ga\/\">Indemnizaci\u00f3n laboral<\/a><\/li>\n<\/ul>\n<h3>Contacta con nuestros abogados de lesiones personales en Mableton &#8211; Consulta gratuita<\/h3>\n<p>Ampliamente reconocidos por nuestros \u00e9xitos y logros, nos esforzamos por mantener un nivel de excelencia en todos y cada uno de los casos que representamos. Estamos dispuestos a luchar agresiva e incansablemente para ayudarte a obtener la indemnizaci\u00f3n y la justicia que mereces. Nuestra amplia comprensi\u00f3n y participaci\u00f3n en el campo de <a href=\"https:\/\/www.kalkalaw.com\/es\/abogado-de-lesiones-personales-en-marietta\/\">las lesiones personales<\/a> nos ha preparado incluso para los casos m\u00e1s complejos, as\u00ed que no dudes en ponerte en contacto con nosotros hoy mismo si necesitas una representaci\u00f3n legal s\u00f3lida en la que puedas confiar.  <\/p>\n<p><strong>Para ver c\u00f3mo podemos serte de gran ayuda en estos momentos dif\u00edciles, <\/strong><a href=\"https:\/\/www.kalkalaw.com\/contact-us\/\"><strong>ponte en contacto con nosotros<\/strong><\/a><strong> para una evaluaci\u00f3n inicial gratuita de tu caso llamando al <a href=\"tel:(404)%20529-9371\">(404) 529-9371<\/a>.<\/strong><\/p>\n","protected":false},"excerpt":{"rendered":"<p>Abogados de lesiones personales en Mableton Representaci\u00f3n legal fiable en [&hellip;]<\/p>\n","protected":false},"author":3,"featured_media":0,"parent":0,"menu_order":0,"comment_status":"closed","ping_status":"closed","template":"","meta":{"footnotes":""},"class_list":["post-5951","page","type-page","status-publish","hentry"],"yoast_head":"<!-- This site is optimized with the Yoast SEO plugin v27.1.1 - https:\/\/yoast.com\/product\/yoast-seo-wordpress\/ -->\n<title>Mableton Abogados de Lesiones Personales | Empresa de Lesiones en GA<\/title>\n<meta name=\"description\" content=\"\u00bfHas sufrido un accidente y necesitas un abogado de lesiones personales en Mableton que luche por tus derechos a una indemnizaci\u00f3n? Ll\u00e1manos hoy mismo para una evaluaci\u00f3n gratuita de tu caso.\" \/>\n<meta name=\"robots\" content=\"index, follow, max-snippet:-1, max-image-preview:large, max-video-preview:-1\" \/>\n<link rel=\"canonical\" href=\"https:\/\/www.kalkalaw.com\/es\/abogado-de-lesiones-en-mableton\/\" \/>\n<meta property=\"og:locale\" content=\"es_ES\" \/>\n<meta property=\"og:type\" content=\"article\" \/>\n<meta property=\"og:title\" content=\"Mableton Abogados de Lesiones Personales | Empresa de Lesiones en GA\" \/>\n<meta property=\"og:description\" content=\"\u00bfHas sufrido un accidente y necesitas un abogado de lesiones personales en Mableton que luche por tus derechos a una indemnizaci\u00f3n? Ll\u00e1manos hoy mismo para una evaluaci\u00f3n gratuita de tu caso.\" \/>\n<meta property=\"og:url\" content=\"https:\/\/www.kalkalaw.com\/es\/abogado-de-lesiones-en-mableton\/\" \/>\n<meta property=\"og:site_name\" content=\"The Kalka Law Group - Personal Injury &amp; Car Accident Attorneys\" \/>\n<meta property=\"article:publisher\" content=\"https:\/\/www.facebook.com\/KalkaLawGroup\/\" \/>\n<meta name=\"twitter:card\" content=\"summary_large_image\" \/>\n<meta name=\"twitter:site\" content=\"@KalkaLawGroup\" \/>\n<meta name=\"twitter:label1\" content=\"Tiempo de lectura\" \/>\n\t<meta name=\"twitter:data1\" content=\"2 minutos\" \/>\n<!-- \/ Yoast SEO plugin. -->","yoast_head_json":{"title":"Mableton Abogados de Lesiones Personales | Empresa de Lesiones en GA","description":"\u00bfHas sufrido un accidente y necesitas un abogado de lesiones personales en Mableton que luche por tus derechos a una indemnizaci\u00f3n? Ll\u00e1manos hoy mismo para una evaluaci\u00f3n gratuita de tu caso.","robots":{"index":"index","follow":"follow","max-snippet":"max-snippet:-1","max-image-preview":"max-image-preview:large","max-video-preview":"max-video-preview:-1"},"canonical":"https:\/\/www.kalkalaw.com\/es\/abogado-de-lesiones-en-mableton\/","og_locale":"es_ES","og_type":"article","og_title":"Mableton Abogados de Lesiones Personales | Empresa de Lesiones en GA","og_description":"\u00bfHas sufrido un accidente y necesitas un abogado de lesiones personales en Mableton que luche por tus derechos a una indemnizaci\u00f3n? Ll\u00e1manos hoy mismo para una evaluaci\u00f3n gratuita de tu caso.","og_url":"https:\/\/www.kalkalaw.com\/es\/abogado-de-lesiones-en-mableton\/","og_site_name":"The Kalka Law Group - Personal Injury &amp; Car Accident Attorneys","article_publisher":"https:\/\/www.facebook.com\/KalkaLawGroup\/","twitter_card":"summary_large_image","twitter_site":"@KalkaLawGroup","twitter_misc":{"Tiempo de lectura":"2 minutos"},"schema":{"@context":"https:\/\/schema.org","@graph":[{"@type":"WebPage","@id":"https:\/\/www.kalkalaw.com\/es\/abogado-de-lesiones-en-mableton\/","url":"https:\/\/www.kalkalaw.com\/es\/abogado-de-lesiones-en-mableton\/","name":"Mableton Abogados de Lesiones Personales | Empresa de Lesiones en GA","isPartOf":{"@id":"https:\/\/www.kalkalaw.com\/es\/#website"},"datePublished":"2023-11-01T02:36:47+00:00","description":"\u00bfHas sufrido un accidente y necesitas un abogado de lesiones personales en Mableton que luche por tus derechos a una indemnizaci\u00f3n? Ll\u00e1manos hoy mismo para una evaluaci\u00f3n gratuita de tu caso.","breadcrumb":{"@id":"https:\/\/www.kalkalaw.com\/es\/abogado-de-lesiones-en-mableton\/#breadcrumb"},"inLanguage":"es","potentialAction":[{"@type":"ReadAction","target":["https:\/\/www.kalkalaw.com\/es\/abogado-de-lesiones-en-mableton\/"]}]},{"@type":"BreadcrumbList","@id":"https:\/\/www.kalkalaw.com\/es\/abogado-de-lesiones-en-mableton\/#breadcrumb","itemListElement":[{"@type":"ListItem","position":1,"name":"Home","item":"https:\/\/www.kalkalaw.com\/es\/"},{"@type":"ListItem","position":2,"name":"Abogado de lesiones en Mableton"}]},{"@type":"WebSite","@id":"https:\/\/www.kalkalaw.com\/es\/#website","url":"https:\/\/www.kalkalaw.com\/es\/","name":"The Kalka Law Group - Personal Injury & Car Accident Attorneys","description":"","publisher":{"@id":"https:\/\/www.kalkalaw.com\/es\/#organization"},"potentialAction":[{"@type":"SearchAction","target":{"@type":"EntryPoint","urlTemplate":"https:\/\/www.kalkalaw.com\/es\/?s={search_term_string}"},"query-input":{"@type":"PropertyValueSpecification","valueRequired":true,"valueName":"search_term_string"}}],"inLanguage":"es"},{"@type":"Organization","@id":"https:\/\/www.kalkalaw.com\/es\/#organization","name":"The Kalka Law Group - Personal Injury & Car Accident Attorneys","url":"https:\/\/www.kalkalaw.com\/es\/","logo":{"@type":"ImageObject","inLanguage":"es","@id":"https:\/\/www.kalkalaw.com\/es\/#\/schema\/logo\/image\/","url":"https:\/\/www.kalkalaw.com\/wp-content\/uploads\/2023\/10\/logo-navy.png","contentUrl":"https:\/\/www.kalkalaw.com\/wp-content\/uploads\/2023\/10\/logo-navy.png","width":1088,"height":364,"caption":"The Kalka Law Group - Personal Injury & Car Accident Attorneys"},"image":{"@id":"https:\/\/www.kalkalaw.com\/es\/#\/schema\/logo\/image\/"},"sameAs":["https:\/\/www.facebook.com\/KalkaLawGroup\/","https:\/\/x.com\/KalkaLawGroup","https:\/\/www.avvo.com\/attorneys\/30309-ga-anthony-kalka-479261.html","https:\/\/www.yelp.com\/biz\/the-kalka-law-group-marietta","https:\/\/www.linkedin.com\/company\/kalkalawgroup\/"]}]}},"_links":{"self":[{"href":"https:\/\/www.kalkalaw.com\/es\/wp-json\/wp\/v2\/pages\/5951","targetHints":{"allow":["GET"]}}],"collection":[{"href":"https:\/\/www.kalkalaw.com\/es\/wp-json\/wp\/v2\/pages"}],"about":[{"href":"https:\/\/www.kalkalaw.com\/es\/wp-json\/wp\/v2\/types\/page"}],"author":[{"embeddable":true,"href":"https:\/\/www.kalkalaw.com\/es\/wp-json\/wp\/v2\/users\/3"}],"replies":[{"embeddable":true,"href":"https:\/\/www.kalkalaw.com\/es\/wp-json\/wp\/v2\/comments?post=5951"}],"version-history":[{"count":0,"href":"https:\/\/www.kalkalaw.com\/es\/wp-json\/wp\/v2\/pages\/5951\/revisions"}],"wp:attachment":[{"href":"https:\/\/www.kalkalaw.com\/es\/wp-json\/wp\/v2\/media?parent=5951"}],"curies":[{"name":"wp","href":"https:\/\/api.w.org\/{rel}","templated":true}]}}