{"id":5952,"date":"2023-10-31T22:35:31","date_gmt":"2023-11-01T02:35:31","guid":{"rendered":"https:\/\/www.kalkalaw.com\/servicios-a-distancia-de-danos-personales\/"},"modified":"2023-10-31T22:35:31","modified_gmt":"2023-11-01T02:35:31","slug":"servicios-a-distancia-de-danos-personales","status":"publish","type":"page","link":"https:\/\/www.kalkalaw.com\/es\/servicios-a-distancia-de-danos-personales\/","title":{"rendered":"Servicios a distancia de da\u00f1os personales"},"content":{"rendered":"<h1>Kalka Law Group Permanece Abierto Para Servirte<\/h1>\n<h2>Pide hoy una cita a distancia<\/h2>\n<p>Nuestros experimentados abogados de <a href=\"https:\/\/www.kalkalaw.com\/es\/vision-general-de-la-empresa\/\">The Kalka Law<\/a> Group est\u00e1n tan comprometidos como siempre a utilizar nuestros amplios recursos y conocimientos de la ley para proporcionar servicios jur\u00eddicos eficientes y fiables a nuestros clientes durante la pandemia de COVID-19.<\/p>\n<p><strong>Nuestros cuatro despachos permanecen abiertos y nuestros cualificados profesionales del Derecho est\u00e1n a tu disposici\u00f3n para atenderte.<\/strong><\/p>\n<p>Aunque cada vez m\u00e1s gente intenta permanecer en casa para ayudar a detener la propagaci\u00f3n del virus, siguen produci\u00e9ndose accidentes <a href=\"https:\/\/www.kalkalaw.com\/es\/abogados-de-accidentes-de-coche-en-marietta-cerca-de-ti-en-georgia\/\">de tr\u00e1fico<\/a>, <a href=\"https:\/\/www.kalkalaw.com\/es\/abogados-de-resbalones-y-caidas-en-marietta-ga\/\">resbalones y ca\u00eddas<\/a>, y accidentes por conducir bajo los efectos del alcohol. Nuestro bufete est\u00e1 equipado con lo \u00faltimo en tecnolog\u00eda virtual para representar a clientes que quieren emprender acciones legales contra partes negligentes para recuperar una compensaci\u00f3n econ\u00f3mica por da\u00f1os <a href=\"https:\/\/www.kalkalaw.com\/es\/abogado-de-lesiones-personales-en-marietta\/\">personales<\/a>. <\/p>\n<h3>Ofrecer videoconferencias c\u00f3modas<\/h3>\n<p>Incluso antes de que empezaran a surgir casos de COVID-19 en Georgia, Kalka Law Group ya ayudaba a los clientes sin que tuvieran que reunirse con nosotros en persona en nuestras oficinas. Cuando se trata de casos de lesiones personales, a menudo los clientes sufren lesiones demasiado graves como para acudir a nuestras oficinas, por lo que estamos preparados para realizar c\u00f3modas videoconferencias a trav\u00e9s de FaceTime, Skype y Zoom. <\/p>\n<p>Tambi\u00e9n podemos redactar, revisar y ejecutar documentos legales por correo electr\u00f3nico o mensaje de texto. Con nuestro servicio \u00abe-notary\u00bb, nuestro equipo jur\u00eddico puede legalizar electr\u00f3nicamente todos tus documentos importantes. <strong>Nuestros abogados tambi\u00e9n siguen comunic\u00e1ndose activamente con las compa\u00f1\u00edas de seguros en relaci\u00f3n con las demandas pendientes por lesiones<\/strong>, as\u00ed como con los m\u00e9dicos que siguen estando disponibles para tratar a nuestros clientes con lesiones personales. Por supuesto, todos los m\u00e9dicos que remitimos a los clientes utilizan los m\u00e9todos sanitarios recomendados por los CDC para mantener la seguridad y el bienestar de los pacientes.  <\/p>\n<hr>\n<p><strong>Si necesitas hablar de un asunto de lesiones personales con un abogado de nuestro bufete, ll\u00e1manos hoy mismo al <a href=\"tel:(404)%20529-9371\">(404) 529-9371<\/a> para <\/strong><a href=\"https:\/\/www.kalkalaw.com\/contact-us\/\"><strong>programar la consulta gratuita de tu caso<\/strong><\/a><strong>. Puedes confiar en la dedicaci\u00f3n de nuestros abogados en estos momentos de incertidumbre.<\/strong><\/p>\n","protected":false},"excerpt":{"rendered":"<p>Kalka Law Group Permanece Abierto Para Servirte Pide hoy una [&hellip;]<\/p>\n","protected":false},"author":3,"featured_media":0,"parent":0,"menu_order":0,"comment_status":"closed","ping_status":"closed","template":"","meta":{"footnotes":""},"class_list":["post-5952","page","type-page","status-publish","hentry"],"yoast_head":"<!-- This site is optimized with the Yoast SEO plugin v27.1.1 - https:\/\/yoast.com\/product\/yoast-seo-wordpress\/ -->\n<title>Servicios de da\u00f1os personales a distancia | Kalka Law Group<\/title>\n<meta name=\"description\" content=\"Kalka Law Group puede ayudarte con tu caso de lesiones personales a distancia. Llama hoy mismo a uno de nuestros despachos para hablar con un abogado experto en lesiones personales sobre c\u00f3mo obtener una indemnizaci\u00f3n.\" \/>\n<meta name=\"robots\" content=\"index, follow, max-snippet:-1, max-image-preview:large, max-video-preview:-1\" \/>\n<link rel=\"canonical\" href=\"https:\/\/www.kalkalaw.com\/es\/servicios-a-distancia-de-danos-personales\/\" \/>\n<meta property=\"og:locale\" content=\"es_ES\" \/>\n<meta property=\"og:type\" content=\"article\" \/>\n<meta property=\"og:title\" content=\"Servicios de da\u00f1os personales a distancia | Kalka Law Group\" \/>\n<meta property=\"og:description\" content=\"Kalka Law Group puede ayudarte con tu caso de lesiones personales a distancia. Llama hoy mismo a uno de nuestros despachos para hablar con un abogado experto en lesiones personales sobre c\u00f3mo obtener una indemnizaci\u00f3n.\" \/>\n<meta property=\"og:url\" content=\"https:\/\/www.kalkalaw.com\/es\/servicios-a-distancia-de-danos-personales\/\" \/>\n<meta property=\"og:site_name\" content=\"The Kalka Law Group - Personal Injury &amp; Car Accident Attorneys\" \/>\n<meta property=\"article:publisher\" content=\"https:\/\/www.facebook.com\/KalkaLawGroup\/\" \/>\n<meta name=\"twitter:card\" content=\"summary_large_image\" \/>\n<meta name=\"twitter:site\" content=\"@KalkaLawGroup\" \/>\n<meta name=\"twitter:label1\" content=\"Tiempo de lectura\" \/>\n\t<meta name=\"twitter:data1\" content=\"2 minutos\" \/>\n<!-- \/ Yoast SEO plugin. -->","yoast_head_json":{"title":"Servicios de da\u00f1os personales a distancia | Kalka Law Group","description":"Kalka Law Group puede ayudarte con tu caso de lesiones personales a distancia. Llama hoy mismo a uno de nuestros despachos para hablar con un abogado experto en lesiones personales sobre c\u00f3mo obtener una indemnizaci\u00f3n.","robots":{"index":"index","follow":"follow","max-snippet":"max-snippet:-1","max-image-preview":"max-image-preview:large","max-video-preview":"max-video-preview:-1"},"canonical":"https:\/\/www.kalkalaw.com\/es\/servicios-a-distancia-de-danos-personales\/","og_locale":"es_ES","og_type":"article","og_title":"Servicios de da\u00f1os personales a distancia | Kalka Law Group","og_description":"Kalka Law Group puede ayudarte con tu caso de lesiones personales a distancia. Llama hoy mismo a uno de nuestros despachos para hablar con un abogado experto en lesiones personales sobre c\u00f3mo obtener una indemnizaci\u00f3n.","og_url":"https:\/\/www.kalkalaw.com\/es\/servicios-a-distancia-de-danos-personales\/","og_site_name":"The Kalka Law Group - Personal Injury &amp; Car Accident Attorneys","article_publisher":"https:\/\/www.facebook.com\/KalkaLawGroup\/","twitter_card":"summary_large_image","twitter_site":"@KalkaLawGroup","twitter_misc":{"Tiempo de lectura":"2 minutos"},"schema":{"@context":"https:\/\/schema.org","@graph":[{"@type":"WebPage","@id":"https:\/\/www.kalkalaw.com\/es\/servicios-a-distancia-de-danos-personales\/","url":"https:\/\/www.kalkalaw.com\/es\/servicios-a-distancia-de-danos-personales\/","name":"Servicios de da\u00f1os personales a distancia | Kalka Law Group","isPartOf":{"@id":"https:\/\/www.kalkalaw.com\/es\/#website"},"datePublished":"2023-11-01T02:35:31+00:00","description":"Kalka Law Group puede ayudarte con tu caso de lesiones personales a distancia. Llama hoy mismo a uno de nuestros despachos para hablar con un abogado experto en lesiones personales sobre c\u00f3mo obtener una indemnizaci\u00f3n.","breadcrumb":{"@id":"https:\/\/www.kalkalaw.com\/es\/servicios-a-distancia-de-danos-personales\/#breadcrumb"},"inLanguage":"es","potentialAction":[{"@type":"ReadAction","target":["https:\/\/www.kalkalaw.com\/es\/servicios-a-distancia-de-danos-personales\/"]}]},{"@type":"BreadcrumbList","@id":"https:\/\/www.kalkalaw.com\/es\/servicios-a-distancia-de-danos-personales\/#breadcrumb","itemListElement":[{"@type":"ListItem","position":1,"name":"Home","item":"https:\/\/www.kalkalaw.com\/es\/"},{"@type":"ListItem","position":2,"name":"Servicios a distancia de da\u00f1os personales"}]},{"@type":"WebSite","@id":"https:\/\/www.kalkalaw.com\/es\/#website","url":"https:\/\/www.kalkalaw.com\/es\/","name":"The Kalka Law Group - Personal Injury & Car Accident Attorneys","description":"","publisher":{"@id":"https:\/\/www.kalkalaw.com\/es\/#organization"},"potentialAction":[{"@type":"SearchAction","target":{"@type":"EntryPoint","urlTemplate":"https:\/\/www.kalkalaw.com\/es\/?s={search_term_string}"},"query-input":{"@type":"PropertyValueSpecification","valueRequired":true,"valueName":"search_term_string"}}],"inLanguage":"es"},{"@type":"Organization","@id":"https:\/\/www.kalkalaw.com\/es\/#organization","name":"The Kalka Law Group - Personal Injury & Car Accident Attorneys","url":"https:\/\/www.kalkalaw.com\/es\/","logo":{"@type":"ImageObject","inLanguage":"es","@id":"https:\/\/www.kalkalaw.com\/es\/#\/schema\/logo\/image\/","url":"https:\/\/www.kalkalaw.com\/wp-content\/uploads\/2023\/10\/logo-navy.png","contentUrl":"https:\/\/www.kalkalaw.com\/wp-content\/uploads\/2023\/10\/logo-navy.png","width":1088,"height":364,"caption":"The Kalka Law Group - Personal Injury & Car Accident Attorneys"},"image":{"@id":"https:\/\/www.kalkalaw.com\/es\/#\/schema\/logo\/image\/"},"sameAs":["https:\/\/www.facebook.com\/KalkaLawGroup\/","https:\/\/x.com\/KalkaLawGroup","https:\/\/www.avvo.com\/attorneys\/30309-ga-anthony-kalka-479261.html","https:\/\/www.yelp.com\/biz\/the-kalka-law-group-marietta","https:\/\/www.linkedin.com\/company\/kalkalawgroup\/"]}]}},"_links":{"self":[{"href":"https:\/\/www.kalkalaw.com\/es\/wp-json\/wp\/v2\/pages\/5952","targetHints":{"allow":["GET"]}}],"collection":[{"href":"https:\/\/www.kalkalaw.com\/es\/wp-json\/wp\/v2\/pages"}],"about":[{"href":"https:\/\/www.kalkalaw.com\/es\/wp-json\/wp\/v2\/types\/page"}],"author":[{"embeddable":true,"href":"https:\/\/www.kalkalaw.com\/es\/wp-json\/wp\/v2\/users\/3"}],"replies":[{"embeddable":true,"href":"https:\/\/www.kalkalaw.com\/es\/wp-json\/wp\/v2\/comments?post=5952"}],"version-history":[{"count":0,"href":"https:\/\/www.kalkalaw.com\/es\/wp-json\/wp\/v2\/pages\/5952\/revisions"}],"wp:attachment":[{"href":"https:\/\/www.kalkalaw.com\/es\/wp-json\/wp\/v2\/media?parent=5952"}],"curies":[{"name":"wp","href":"https:\/\/api.w.org\/{rel}","templated":true}]}}