{"id":5953,"date":"2023-10-31T22:13:37","date_gmt":"2023-11-01T02:13:37","guid":{"rendered":"https:\/\/www.kalkalaw.com\/que-hacer-si-tienes-un-accidente-en-un-aparcamiento\/"},"modified":"2025-06-25T11:36:28","modified_gmt":"2025-06-25T15:36:28","slug":"que-hacer-si-tienes-un-accidente-en-un-aparcamiento","status":"publish","type":"page","link":"https:\/\/www.kalkalaw.com\/es\/que-hacer-si-tienes-un-accidente-en-un-aparcamiento\/","title":{"rendered":"Qu\u00e9 hacer si tienes un accidente en un aparcamiento"},"content":{"rendered":"<div class=\"fusion-fullwidth fullwidth-box fusion-builder-row-1 fusion-flex-container nonhundred-percent-fullwidth non-hundred-percent-height-scrolling\" style=\"--awb-border-radius-top-left:0px;--awb-border-radius-top-right:0px;--awb-border-radius-bottom-right:0px;--awb-border-radius-bottom-left:0px;--awb-flex-wrap:wrap;\" ><div class=\"fusion-builder-row fusion-row fusion-flex-align-items-flex-start fusion-flex-content-wrap\" style=\"max-width:1393.6px;margin-left: calc(-4% \/ 2 );margin-right: calc(-4% \/ 2 );\"><div class=\"fusion-layout-column fusion_builder_column fusion-builder-column-0 fusion_builder_column_2_3 2_3 fusion-flex-column\" style=\"--awb-bg-size:cover;--awb-width-large:66.6666666667%;--awb-margin-top-large:0px;--awb-spacing-right-large:2.88%;--awb-margin-bottom-large:0px;--awb-spacing-left-large:3.84%;--awb-width-medium:66.6666666667%;--awb-spacing-right-medium:2.88%;--awb-spacing-left-medium:3.84%;--awb-width-small:100%;--awb-spacing-right-small:1.92%;--awb-spacing-left-small:1.92%;\"><div class=\"fusion-column-wrapper fusion-flex-justify-content-flex-start fusion-content-layout-column\"><div class=\"fusion-text fusion-text-1\"><h1>Qu\u00e9 hacer si tienes un accidente en un aparcamiento<\/h1>\n<h2>Abogados de accidentes de tr\u00e1fico en Atlanta<\/h2>\n<p>Despu\u00e9s de ir a Target, Wal-Mart o al centro comercial, uno puede ver cu\u00e1nto tr\u00e1fico y movimiento hay en los aparcamientos. Los coches van y vienen, los compradores van y vienen de la tienda, y hay mucha acci\u00f3n que aumenta las probabilidades de accidentes de tr\u00e1fico en aparcamientos de Georgia. <\/p>\n<div class=\"light-bg bullet-list t1\">\n<p><strong>Algunas de las causas habituales de los accidentes de tr\u00e1fico en los aparcamientos son:<\/strong><\/p>\n<ul>\n<li>Coches entrando o saliendo constantemente de las plazas de aparcamiento.<\/li>\n<li>Peatones que no prestan atenci\u00f3n a los coches en movimiento mientras entran o salen de la tienda.<\/li>\n<li>Conductores tan concentrados en aparcar cerca que no prestan atenci\u00f3n.<\/li>\n<li>Conductores que no miran si hay <a href=\"https:\/\/www.kalkalaw.com\/pedestrian-accident-lawyer-atlanta-georgia-personal-injury-lawyer-near-me\/\">peatones<\/a> o coches antes de salir marcha atr\u00e1s de una plaza de aparcamiento.<\/li>\n<\/ul>\n<\/div>\n<p>Aunque la mayor\u00eda de los accidentes en aparcamientos causan da\u00f1os m\u00ednimos, algunos accidentes en aparcamientos pueden causar graves da\u00f1os materiales y lesiones personales.<\/p>\n<h3>Pasos a seguir tras un accidente en un aparcamiento<\/h3>\n<p>Igual que si tuvieras un <a href=\"https:\/\/www.kalkalaw.com\/es\/abogados-de-accidentes-de-coche-en-marietta-cerca-de-ti-en-georgia\/\">accidente de coche<\/a> en Georgia en cualquier calle de la ciudad o interestatal, debes tratar los accidentes en aparcamientos de la misma manera.<\/p>\n<div class=\"light-bg bullet-list t2\">\n<p><strong>Esto significa que debes hacer lo siguiente<\/strong><\/p>\n<ul>\n<li>Si puedes apartar tu coche del tr\u00e1fico, det\u00e9nlo en un lugar seguro.<\/li>\n<li>Si t\u00fa o alguien resulta herido, pide asistencia m\u00e9dica urgente.<\/li>\n<li>Si es posible, sal de tu coche e intercambia informaci\u00f3n con el otro conductor.<\/li>\n<li>Utiliza tu tel\u00e9fono m\u00f3vil u otra c\u00e1mara para hacer fotos de los da\u00f1os sufridos.<\/li>\n<li>No discutas la culpa con el otro conductor o conductores.<\/li>\n<li>Re\u00fane los nombres y datos de contacto de los testigos del accidente.<\/li>\n<li>Si fue un atropello con fuga o si hubo heridos, llama a la polic\u00eda para presentar un parte de accidente.<\/li>\n<li>Si el agente que responde no presenta una denuncia, al menos obt\u00e9n su nombre y n\u00famero de placa.<\/li>\n<li>Anota la fecha, la hora, el lugar exacto, los detalles, las condiciones meteorol\u00f3gicas y el entorno del aparcamiento inmediatamente despu\u00e9s del accidente.<\/li>\n<li>Ponte en contacto con tu abogado de lesiones personales si tus da\u00f1os son cuantiosos o <a href=\"https:\/\/www.kalkalaw.com\/es\/abogado-de-lesiones-personales-en-marietta\/\">si has sufrido lesiones<\/a>, para saber cu\u00e1l es la mejor forma de proteger tus derechos.<\/li>\n<\/ul>\n<\/div>\n<p>Despu\u00e9s de cualquier tipo de accidente de coche, puede ser dif\u00edcil mantener la calma, sobre todo cuando sabes que el otro conductor tuvo la culpa; sin embargo, es importante que intentes mantener la calma y evaluar los da\u00f1os y lesiones. Las emociones pueden sacar lo mejor de cualquiera tras un accidente, pero gritar al otro conductor s\u00f3lo puede empeorar la situaci\u00f3n. En lugar de eso, concentra tus esfuerzos en los pasos indicados m\u00e1s arriba y aseg\u00farate de que cualquier herido reciba atenci\u00f3n m\u00e9dica.  <\/p>\n<p>Una vez que te hayas asegurado de que todos reciben la atenci\u00f3n m\u00e9dica que necesitan, t\u00fa incluido, llama a un abogado cualificado especializado en accidentes de tr\u00e1fico en Atlanta. Necesitar\u00e1s un defensor legal que pueda representar tus intereses. <\/p>\n<p><strong>Rellena nuestro <\/strong><a href=\"https:\/\/www.kalkalaw.com\/contact-us\/\"><strong>sencillo formulario de contacto online para solicitar una evaluaci\u00f3n gratuita de tu caso <\/strong><\/a><strong>sobre tu caso de accidente hoy mismo.<\/strong><\/p>\n<\/div><\/div><\/div><div class=\"fusion-layout-column fusion_builder_column fusion-builder-column-1 awb-sticky awb-sticky-large fusion_builder_column_1_3 1_3 fusion-flex-column fusion-animated\" style=\"--awb-padding-top:10%;--awb-padding-right:10%;--awb-padding-bottom:10%;--awb-padding-left:10%;--awb-bg-color:var(--awb-color3);--awb-bg-color-hover:var(--awb-color3);--awb-bg-size:cover;--awb-width-large:33.3333333333%;--awb-margin-top-large:0px;--awb-spacing-right-large:4.608%;--awb-margin-bottom-large:0px;--awb-spacing-left-large:5.76%;--awb-width-medium:33.3333333333%;--awb-order-medium:0;--awb-spacing-right-medium:4.608%;--awb-spacing-left-medium:5.76%;--awb-width-small:100%;--awb-order-small:1;--awb-spacing-right-small:1.92%;--awb-spacing-left-small:1.92%;\" data-animationType=\"fadeInLeft\" data-animationDuration=\"1.3\" data-animationOffset=\"top-into-view\" data-motion-effects=\"[{&quot;type&quot;:&quot;&quot;,&quot;scroll_type&quot;:&quot;transition&quot;,&quot;scroll_direction&quot;:&quot;up&quot;,&quot;transition_speed&quot;:&quot;1&quot;,&quot;fade_type&quot;:&quot;in&quot;,&quot;scale_type&quot;:&quot;up&quot;,&quot;initial_scale&quot;:&quot;1&quot;,&quot;max_scale&quot;:&quot;1.5&quot;,&quot;min_scale&quot;:&quot;0.5&quot;,&quot;initial_rotate&quot;:&quot;0&quot;,&quot;end_rotate&quot;:&quot;30&quot;,&quot;initial_blur&quot;:&quot;0&quot;,&quot;end_blur&quot;:&quot;3&quot;,&quot;start_element&quot;:&quot;top&quot;,&quot;start_viewport&quot;:&quot;bottom&quot;,&quot;end_element&quot;:&quot;bottom&quot;,&quot;end_viewport&quot;:&quot;top&quot;,&quot;mouse_effect&quot;:&quot;track&quot;,&quot;mouse_effect_direction&quot;:&quot;opposite&quot;,&quot;mouse_effect_speed&quot;:&quot;2&quot;,&quot;infinite_animation&quot;:&quot;float&quot;,&quot;infinite_animation_speed&quot;:&quot;2&quot;}]\" data-scroll-devices=\"small-visibility,medium-visibility,large-visibility\"><div class=\"fusion-column-wrapper fusion-column-has-shadow fusion-flex-justify-content-flex-start fusion-content-layout-column\"><div class=\"fusion-title title fusion-title-1 fusion-sep-none fusion-title-text fusion-title-size-three\"><h3 class=\"fusion-title-heading title-heading-left\" style=\"margin:0;text-transform:capitalize;\">Preguntas frecuentes<\/h3><\/div><div class=\"fusion-text fusion-text-2\" style=\"--awb-text-transform:capitalize;--awb-text-color:var(--awb-color1);\"><ul>\n<li><a href=\"https:\/\/www.kalkalaw.com\/es\/preguntas-frecuentes\/accidente-causado-por-un-neumatico-defectuoso\/\">Accidente causado por un neum\u00e1tico defectuoso<\/a><\/li>\n<li><a href=\"https:\/\/www.kalkalaw.com\/es\/otro-coche-se-desvio-hacia-mi-carril\/\">Otro coche se desvi\u00f3 hacia mi carril<\/a><\/li>\n<li><a href=\"https:\/\/www.kalkalaw.com\/es\/se-permite-a-los-motoristas-ir-de-lado-a-lado\/\">\u00bfSe permite a los motociclistas ir de lado a lado?<\/a><\/li>\n<li><a href=\"https:\/\/www.kalkalaw.com\/faq\/car-pedestrian-accident-where-i-suffered-leg-inj\/\">Accidente de coche-peat\u00f3n en el que sufr\u00ed lesiones en las piernas<\/a><\/li>\n<li><a href=\"https:\/\/www.kalkalaw.com\/es\/diferencia-entre-fractura-simple-y-fractura-compuesta\/\">\u00bfDiferencia entre fractura simple y fractura compuesta?<\/a><\/li>\n<li><a href=\"https:\/\/www.kalkalaw.com\/es\/dolor-de-espalda-tras-el-accidente\/\">Dolor de espalda tras el accidente<\/a><\/li>\n<li><a href=\"https:\/\/www.kalkalaw.com\/es\/golpear-un-bache-mientras-monto-en-bici\/\">Golpear un bache mientras monto en bici<\/a><\/li>\n<li><a href=\"https:\/\/www.kalkalaw.com\/es\/como-pueden-ayudarte-12-segundos-a-evitar-un-accidente\/\">\u00bfC\u00f3mo pueden ayudarte 12 segundos a evitar un accidente?<\/a><\/li>\n<li><a href=\"https:\/\/www.kalkalaw.com\/faq\/how-do-you-quantify-pain-and-suffering\/\">\u00bfC\u00f3mo se cuantifica el dolor y el sufrimiento?<\/a><\/li>\n<li><a href=\"https:\/\/www.kalkalaw.com\/es\/golpee-la-puerta-de-un-coche\/\">Golpe\u00e9 la puerta de un coche<\/a><\/li>\n<li><a href=\"https:\/\/www.kalkalaw.com\/es\/es-mas-peligroso-ir-en-grupo\/\">\u00bfEs m\u00e1s peligroso ir en grupo?<\/a><\/li>\n<li><a href=\"https:\/\/www.kalkalaw.com\/es\/preguntas-frecuentes\/mi-hermano-resulto-herido-en-un-accidente-de-trafico\/\">Mi hermano result\u00f3 herido en un accidente de tr\u00e1fico<\/a><\/li>\n<li><a href=\"https:\/\/www.kalkalaw.com\/es\/preguntas-frecuentes\/debo-ser-considerado-responsable-si-el-ciclista-se-salto-un-semaforo-en-rojo\/\">\u00bfDebo ser considerado responsable si el ciclista se salt\u00f3 un sem\u00e1foro en rojo?<\/a><\/li>\n<li><a href=\"https:\/\/www.kalkalaw.com\/es\/preguntas-frecuentes\/debo-interponer-una-demanda-tras-un-golpe-lateral\/\">\u00bfDebo interponer una demanda tras un golpe lateral?<\/a><\/li>\n<li><a href=\"https:\/\/www.kalkalaw.com\/es\/preguntas-frecuentes\/un-camionero-dice-que-le-corte-el-paso-y-me-choco-por-detras\/\">Un camionero dice que le cort\u00e9 el paso y me choc\u00f3 por detr\u00e1s<\/a><\/li>\n<li><a href=\"https:\/\/www.kalkalaw.com\/es\/preguntas-frecuentes\/cuales-son-las-lesiones-toracicas-mas-frecuentes-en-un-accidente-de-trafico\/\">\u00bfCu\u00e1les son las lesiones tor\u00e1cicas m\u00e1s frecuentes en un accidente de tr\u00e1fico?<\/a><\/li>\n<li><a href=\"https:\/\/www.kalkalaw.com\/es\/que-ocurre-cuando-un-accidente-de-coche-provoca-una-rotura-de-bazo\/\">\u00bfQu\u00e9 ocurre cuando un accidente de coche provoca una rotura de bazo?<\/a><\/li>\n<li><a href=\"https:\/\/www.kalkalaw.com\/es\/que-es-una-fractura-de-greenstick\/\">\u00bfQu\u00e9 es una fractura de Greenstick?<\/a><\/li>\n<li><a href=\"https:\/\/www.kalkalaw.com\/es\/que-hacer-si-tienes-un-accidente-en-un-aparcamiento\/\">Qu\u00e9 hacer si tienes un accidente en un aparcamiento<\/a><\/li>\n<li><a href=\"https:\/\/www.kalkalaw.com\/es\/quien-es-responsable-de-pagar-las-facturas-medicas-tras-un-atropello-con-fuga\/\">\u00bfQui\u00e9n es responsable de pagar las facturas m\u00e9dicas tras un atropello con fuga?<\/a><\/li>\n<li><a href=\"https:\/\/www.kalkalaw.com\/es\/por-que-me-han-denegado-la-solicitud\/\">\u00bfPor qu\u00e9 me han denegado la solicitud?<\/a><\/li>\n<\/ul>\n<\/div><\/div><\/div>\n<\/div><\/div>\n","protected":false},"excerpt":{"rendered":"","protected":false},"author":3,"featured_media":0,"parent":5974,"menu_order":0,"comment_status":"closed","ping_status":"closed","template":"","meta":{"footnotes":""},"class_list":["post-5953","page","type-page","status-publish","hentry"],"yoast_head":"<!-- This site is optimized with the Yoast SEO plugin v27.1.1 - https:\/\/yoast.com\/product\/yoast-seo-wordpress\/ -->\n<title>Qu\u00e9 hacer si sufres un accidente en un aparcamiento | The Kalka Law Group<\/title>\n<meta name=\"description\" content=\"Qu\u00e9 hacer si sufres un accidente en un aparcamiento. Lee los siguientes valiosos art\u00edculos de un abogado de lesiones personales de Atlanta que ha sido nombrado en 2012 &quot;Top 40 under 40&quot; de National Trial Lawyers.\" \/>\n<meta name=\"robots\" content=\"index, follow, max-snippet:-1, max-image-preview:large, max-video-preview:-1\" \/>\n<link rel=\"canonical\" href=\"https:\/\/www.kalkalaw.com\/es\/que-hacer-si-tienes-un-accidente-en-un-aparcamiento\/\" \/>\n<meta property=\"og:locale\" content=\"es_ES\" \/>\n<meta property=\"og:type\" content=\"article\" \/>\n<meta property=\"og:title\" content=\"Qu\u00e9 hacer si sufres un accidente en un aparcamiento | The Kalka Law Group\" \/>\n<meta property=\"og:description\" content=\"Qu\u00e9 hacer si sufres un accidente en un aparcamiento. Lee los siguientes valiosos art\u00edculos de un abogado de lesiones personales de Atlanta que ha sido nombrado en 2012 &quot;Top 40 under 40&quot; de National Trial Lawyers.\" \/>\n<meta property=\"og:url\" content=\"https:\/\/www.kalkalaw.com\/es\/que-hacer-si-tienes-un-accidente-en-un-aparcamiento\/\" \/>\n<meta property=\"og:site_name\" content=\"The Kalka Law Group - Personal Injury &amp; Car Accident Attorneys\" \/>\n<meta property=\"article:publisher\" content=\"https:\/\/www.facebook.com\/KalkaLawGroup\/\" \/>\n<meta property=\"article:modified_time\" content=\"2025-06-25T15:36:28+00:00\" \/>\n<meta name=\"twitter:card\" content=\"summary_large_image\" \/>\n<meta name=\"twitter:site\" content=\"@KalkaLawGroup\" \/>\n<meta name=\"twitter:label1\" content=\"Tiempo de lectura\" \/>\n\t<meta name=\"twitter:data1\" content=\"3 minutos\" \/>\n<!-- \/ Yoast SEO plugin. -->","yoast_head_json":{"title":"Qu\u00e9 hacer si sufres un accidente en un aparcamiento | The Kalka Law Group","description":"Qu\u00e9 hacer si sufres un accidente en un aparcamiento. Lee los siguientes valiosos art\u00edculos de un abogado de lesiones personales de Atlanta que ha sido nombrado en 2012 \"Top 40 under 40\" de National Trial Lawyers.","robots":{"index":"index","follow":"follow","max-snippet":"max-snippet:-1","max-image-preview":"max-image-preview:large","max-video-preview":"max-video-preview:-1"},"canonical":"https:\/\/www.kalkalaw.com\/es\/que-hacer-si-tienes-un-accidente-en-un-aparcamiento\/","og_locale":"es_ES","og_type":"article","og_title":"Qu\u00e9 hacer si sufres un accidente en un aparcamiento | The Kalka Law Group","og_description":"Qu\u00e9 hacer si sufres un accidente en un aparcamiento. Lee los siguientes valiosos art\u00edculos de un abogado de lesiones personales de Atlanta que ha sido nombrado en 2012 \"Top 40 under 40\" de National Trial Lawyers.","og_url":"https:\/\/www.kalkalaw.com\/es\/que-hacer-si-tienes-un-accidente-en-un-aparcamiento\/","og_site_name":"The Kalka Law Group - Personal Injury &amp; Car Accident Attorneys","article_publisher":"https:\/\/www.facebook.com\/KalkaLawGroup\/","article_modified_time":"2025-06-25T15:36:28+00:00","twitter_card":"summary_large_image","twitter_site":"@KalkaLawGroup","twitter_misc":{"Tiempo de lectura":"3 minutos"},"schema":{"@context":"https:\/\/schema.org","@graph":[{"@type":"WebPage","@id":"https:\/\/www.kalkalaw.com\/es\/que-hacer-si-tienes-un-accidente-en-un-aparcamiento\/","url":"https:\/\/www.kalkalaw.com\/es\/que-hacer-si-tienes-un-accidente-en-un-aparcamiento\/","name":"Qu\u00e9 hacer si sufres un accidente en un aparcamiento | The Kalka Law Group","isPartOf":{"@id":"https:\/\/www.kalkalaw.com\/es\/#website"},"datePublished":"2023-11-01T02:13:37+00:00","dateModified":"2025-06-25T15:36:28+00:00","description":"Qu\u00e9 hacer si sufres un accidente en un aparcamiento. Lee los siguientes valiosos art\u00edculos de un abogado de lesiones personales de Atlanta que ha sido nombrado en 2012 \"Top 40 under 40\" de National Trial Lawyers.","breadcrumb":{"@id":"https:\/\/www.kalkalaw.com\/es\/que-hacer-si-tienes-un-accidente-en-un-aparcamiento\/#breadcrumb"},"inLanguage":"es","potentialAction":[{"@type":"ReadAction","target":["https:\/\/www.kalkalaw.com\/es\/que-hacer-si-tienes-un-accidente-en-un-aparcamiento\/"]}]},{"@type":"BreadcrumbList","@id":"https:\/\/www.kalkalaw.com\/es\/que-hacer-si-tienes-un-accidente-en-un-aparcamiento\/#breadcrumb","itemListElement":[{"@type":"ListItem","position":1,"name":"Home","item":"https:\/\/www.kalkalaw.com\/es\/"},{"@type":"ListItem","position":2,"name":"PREGUNTAS FRECUENTES","item":"https:\/\/www.kalkalaw.com\/es\/preguntas-frecuentes\/"},{"@type":"ListItem","position":3,"name":"Qu\u00e9 hacer si tienes un accidente en un aparcamiento"}]},{"@type":"WebSite","@id":"https:\/\/www.kalkalaw.com\/es\/#website","url":"https:\/\/www.kalkalaw.com\/es\/","name":"The Kalka Law Group - Personal Injury & Car Accident Attorneys","description":"","publisher":{"@id":"https:\/\/www.kalkalaw.com\/es\/#organization"},"potentialAction":[{"@type":"SearchAction","target":{"@type":"EntryPoint","urlTemplate":"https:\/\/www.kalkalaw.com\/es\/?s={search_term_string}"},"query-input":{"@type":"PropertyValueSpecification","valueRequired":true,"valueName":"search_term_string"}}],"inLanguage":"es"},{"@type":"Organization","@id":"https:\/\/www.kalkalaw.com\/es\/#organization","name":"The Kalka Law Group - Personal Injury & Car Accident Attorneys","url":"https:\/\/www.kalkalaw.com\/es\/","logo":{"@type":"ImageObject","inLanguage":"es","@id":"https:\/\/www.kalkalaw.com\/es\/#\/schema\/logo\/image\/","url":"https:\/\/www.kalkalaw.com\/wp-content\/uploads\/2023\/10\/logo-navy.png","contentUrl":"https:\/\/www.kalkalaw.com\/wp-content\/uploads\/2023\/10\/logo-navy.png","width":1088,"height":364,"caption":"The Kalka Law Group - Personal Injury & Car Accident Attorneys"},"image":{"@id":"https:\/\/www.kalkalaw.com\/es\/#\/schema\/logo\/image\/"},"sameAs":["https:\/\/www.facebook.com\/KalkaLawGroup\/","https:\/\/x.com\/KalkaLawGroup","https:\/\/www.avvo.com\/attorneys\/30309-ga-anthony-kalka-479261.html","https:\/\/www.yelp.com\/biz\/the-kalka-law-group-marietta","https:\/\/www.linkedin.com\/company\/kalkalawgroup\/"]}]}},"_links":{"self":[{"href":"https:\/\/www.kalkalaw.com\/es\/wp-json\/wp\/v2\/pages\/5953","targetHints":{"allow":["GET"]}}],"collection":[{"href":"https:\/\/www.kalkalaw.com\/es\/wp-json\/wp\/v2\/pages"}],"about":[{"href":"https:\/\/www.kalkalaw.com\/es\/wp-json\/wp\/v2\/types\/page"}],"author":[{"embeddable":true,"href":"https:\/\/www.kalkalaw.com\/es\/wp-json\/wp\/v2\/users\/3"}],"replies":[{"embeddable":true,"href":"https:\/\/www.kalkalaw.com\/es\/wp-json\/wp\/v2\/comments?post=5953"}],"version-history":[{"count":0,"href":"https:\/\/www.kalkalaw.com\/es\/wp-json\/wp\/v2\/pages\/5953\/revisions"}],"up":[{"embeddable":true,"href":"https:\/\/www.kalkalaw.com\/es\/wp-json\/wp\/v2\/pages\/5974"}],"wp:attachment":[{"href":"https:\/\/www.kalkalaw.com\/es\/wp-json\/wp\/v2\/media?parent=5953"}],"curies":[{"name":"wp","href":"https:\/\/api.w.org\/{rel}","templated":true}]}}