{"id":5956,"date":"2023-10-31T22:05:29","date_gmt":"2023-11-01T02:05:29","guid":{"rendered":"https:\/\/www.kalkalaw.com\/accidente-causado-por-un-neumatico-defectuoso\/"},"modified":"2025-06-25T11:36:28","modified_gmt":"2025-06-25T15:36:28","slug":"accidente-causado-por-un-neumatico-defectuoso","status":"publish","type":"page","link":"https:\/\/www.kalkalaw.com\/es\/preguntas-frecuentes\/accidente-causado-por-un-neumatico-defectuoso\/","title":{"rendered":"Accidente causado por un neum\u00e1tico defectuoso"},"content":{"rendered":"<div class=\"fusion-fullwidth fullwidth-box fusion-builder-row-1 fusion-flex-container nonhundred-percent-fullwidth non-hundred-percent-height-scrolling\" style=\"--awb-border-radius-top-left:0px;--awb-border-radius-top-right:0px;--awb-border-radius-bottom-right:0px;--awb-border-radius-bottom-left:0px;--awb-flex-wrap:wrap;\" ><div class=\"fusion-builder-row fusion-row fusion-flex-align-items-flex-start fusion-flex-content-wrap\" style=\"max-width:1393.6px;margin-left: calc(-4% \/ 2 );margin-right: calc(-4% \/ 2 );\"><div class=\"fusion-layout-column fusion_builder_column fusion-builder-column-0 fusion_builder_column_2_3 2_3 fusion-flex-column\" style=\"--awb-bg-size:cover;--awb-width-large:66.6666666667%;--awb-margin-top-large:0px;--awb-spacing-right-large:2.88%;--awb-margin-bottom-large:0px;--awb-spacing-left-large:3.84%;--awb-width-medium:66.6666666667%;--awb-spacing-right-medium:2.88%;--awb-spacing-left-medium:3.84%;--awb-width-small:100%;--awb-spacing-right-small:1.92%;--awb-spacing-left-small:1.92%;\"><div class=\"fusion-column-wrapper fusion-flex-justify-content-flex-start fusion-content-layout-column\"><div class=\"fusion-text fusion-text-1\"><h1>Accidentes de coche causados por neum\u00e1ticos en mal estado<\/h1>\n<p><em><strong>\u00ab\u00bfQui\u00e9n es responsable si pierdo a mi hijo en un accidente de coche provocado por un neum\u00e1tico en mal estado?\u00bb.<\/strong><\/em><\/p>\n<p>Lamentablemente, los neum\u00e1ticos defectuosos provocan accidentes mortales que se cobran vidas todos los a\u00f1os. Nos entristece saber que tu hijo fue uno de los que perdieron la vida por culpa de unos neum\u00e1ticos defectuosos. Cuando esto ocurre, el fabricante de neum\u00e1ticos debe ser considerado responsable del revent\u00f3n del neum\u00e1tico, el fallo del flanco, la explosi\u00f3n o la separaci\u00f3n de la banda de rodadura que se produjo. Cuando se determina que el fallo del neum\u00e1tico se debi\u00f3 a un defecto de dise\u00f1o o de material, el fabricante de neum\u00e1ticos puede ser considerado responsable.   <\/p>\n<p>Los productos mal dise\u00f1ados, como los neum\u00e1ticos defectuosos, llegan al mercado con m\u00e1s frecuencia de lo que pensamos. Cuando una empresa no pone de su parte para probar los neum\u00e1ticos adecuadamente, debe ser considerada responsable de las colisiones mortales que se produzcan como consecuencia de ello. <\/p>\n<p><strong>Si un hijo o un ser querido ha muerto a causa de un neum\u00e1tico defectuoso <\/strong><a href=\"https:\/\/www.kalkalaw.com\/contact-us\/\"><strong>llama a Kalka Law Group<\/strong><\/a><strong> y programa una consulta legal gratuita con un abogado experto en lesiones.<\/strong><\/p>\n<h2>\u00bfTu accidente fue causado por la banda de rodadura?<\/h2>\n<p>Debido a que muchos veh\u00edculos tienen reventones de neum\u00e1ticos, los trozos de neum\u00e1ticos salen despedidos a la interestatal con frecuencia. Los trozos de neum\u00e1tico en la autopista obligan a menudo a los automovilistas a dar un volantazo o frenar bruscamente para evitar golpearlos. Si los automovilistas tienen que hacer esas maniobras para evitar chocar con los trozos de neum\u00e1tico, pueden provocar <a href=\"https:\/\/www.kalkalaw.com\/car-accident-lawyer-atlanta-ga-car-crash-injury-lawyer-near-me\/\">accidentes de tr\u00e1fico<\/a>, sobre todo si el trozo de neum\u00e1tico es de un cami\u00f3n de gran tonelaje. Los trozos de neum\u00e1tico pueden variar de tama\u00f1o, pero siempre son peligrosos para los automovilistas, especialmente para los motoristas. Cuando estalla un neum\u00e1tico, el veh\u00edculo o la motocicleta que va al lado o detr\u00e1s de ese autom\u00f3vil puede verse en una situaci\u00f3n muy peligrosa.    <\/p>\n<p><strong>Los neum\u00e1ticos suelen reventar por falta de mantenimiento o por <a href=\"https:\/\/www.kalkalaw.com\/general-negligence-lawyer-atlanta-georgia-negligence-lawyer-near-me\/\">negligencia<\/a> de los propietarios de los veh\u00edculos.<\/strong><\/p>\n<h3>Gravedad de la banda de rodadura<\/h3>\n<p>Aunque el neum\u00e1tico est\u00e1 hecho de caucho, puede ser extremadamente peligroso cuando un veh\u00edculo o motocicleta choca contra \u00e9l. Algunas situaciones peligrosas de la banda de rodadura de un neum\u00e1tico son <\/p>\n<ul>\n<li>Los coches se desv\u00edan a su alrededor s\u00f3lo para provocar un accidente lateral;<\/li>\n<li>Los veh\u00edculos se detienen bruscamente para evitarlo, pero son embestidos por detr\u00e1s;<\/li>\n<li>Los autom\u00f3viles pasan por encima, haciendo que salga volando y golpee a otro coche o motociclista.<\/li>\n<\/ul>\n<p>Los propietarios de autom\u00f3viles deben acordarse de inspeccionar y mantener sus neum\u00e1ticos con frecuencia, manteni\u00e9ndolos correctamente inflados. Los reventones de neum\u00e1ticos tambi\u00e9n pueden deberse a defectos de fabricaci\u00f3n. Si el revent\u00f3n de un neum\u00e1tico te caus\u00f3 lesiones en un accidente de tr\u00e1fico, puedes tener derecho a una indemnizaci\u00f3n econ\u00f3mica del conductor negligente o del fabricante del neum\u00e1tico.  <\/p>\n<\/div><\/div><\/div><div class=\"fusion-layout-column fusion_builder_column fusion-builder-column-1 awb-sticky awb-sticky-large fusion_builder_column_1_3 1_3 fusion-flex-column fusion-animated\" style=\"--awb-padding-top:10%;--awb-padding-right:10%;--awb-padding-bottom:10%;--awb-padding-left:10%;--awb-bg-color:var(--awb-color3);--awb-bg-color-hover:var(--awb-color3);--awb-bg-size:cover;--awb-width-large:33.3333333333%;--awb-margin-top-large:0px;--awb-spacing-right-large:4.608%;--awb-margin-bottom-large:0px;--awb-spacing-left-large:5.76%;--awb-width-medium:33.3333333333%;--awb-order-medium:0;--awb-spacing-right-medium:4.608%;--awb-spacing-left-medium:5.76%;--awb-width-small:100%;--awb-order-small:1;--awb-spacing-right-small:1.92%;--awb-spacing-left-small:1.92%;\" data-animationType=\"fadeInLeft\" data-animationDuration=\"1.3\" data-animationOffset=\"top-into-view\" data-motion-effects=\"[{&quot;type&quot;:&quot;&quot;,&quot;scroll_type&quot;:&quot;transition&quot;,&quot;scroll_direction&quot;:&quot;up&quot;,&quot;transition_speed&quot;:&quot;1&quot;,&quot;fade_type&quot;:&quot;in&quot;,&quot;scale_type&quot;:&quot;up&quot;,&quot;initial_scale&quot;:&quot;1&quot;,&quot;max_scale&quot;:&quot;1.5&quot;,&quot;min_scale&quot;:&quot;0.5&quot;,&quot;initial_rotate&quot;:&quot;0&quot;,&quot;end_rotate&quot;:&quot;30&quot;,&quot;initial_blur&quot;:&quot;0&quot;,&quot;end_blur&quot;:&quot;3&quot;,&quot;start_element&quot;:&quot;top&quot;,&quot;start_viewport&quot;:&quot;bottom&quot;,&quot;end_element&quot;:&quot;bottom&quot;,&quot;end_viewport&quot;:&quot;top&quot;,&quot;mouse_effect&quot;:&quot;track&quot;,&quot;mouse_effect_direction&quot;:&quot;opposite&quot;,&quot;mouse_effect_speed&quot;:&quot;2&quot;,&quot;infinite_animation&quot;:&quot;float&quot;,&quot;infinite_animation_speed&quot;:&quot;2&quot;}]\" data-scroll-devices=\"small-visibility,medium-visibility,large-visibility\"><div class=\"fusion-column-wrapper fusion-column-has-shadow fusion-flex-justify-content-flex-start fusion-content-layout-column\"><div class=\"fusion-title title fusion-title-1 fusion-sep-none fusion-title-text fusion-title-size-three\"><h3 class=\"fusion-title-heading title-heading-left\" style=\"margin:0;text-transform:capitalize;\">Preguntas frecuentes<\/h3><\/div><div class=\"fusion-text fusion-text-2\" style=\"--awb-text-transform:capitalize;--awb-text-color:var(--awb-color1);\"><ul>\n<li><a href=\"https:\/\/www.kalkalaw.com\/es\/preguntas-frecuentes\/accidente-causado-por-un-neumatico-defectuoso\/\">Accidente causado por un neum\u00e1tico defectuoso<\/a><\/li>\n<li><a href=\"https:\/\/www.kalkalaw.com\/es\/otro-coche-se-desvio-hacia-mi-carril\/\">Otro coche se desvi\u00f3 hacia mi carril<\/a><\/li>\n<li><a href=\"https:\/\/www.kalkalaw.com\/es\/se-permite-a-los-motoristas-ir-de-lado-a-lado\/\">\u00bfSe permite a los motociclistas ir de lado a lado?<\/a><\/li>\n<li><a href=\"https:\/\/www.kalkalaw.com\/faq\/car-pedestrian-accident-where-i-suffered-leg-inj\/\">Accidente de coche-peat\u00f3n en el que sufr\u00ed lesiones en las piernas<\/a><\/li>\n<li><a href=\"https:\/\/www.kalkalaw.com\/es\/diferencia-entre-fractura-simple-y-fractura-compuesta\/\">\u00bfDiferencia entre fractura simple y fractura compuesta?<\/a><\/li>\n<li><a href=\"https:\/\/www.kalkalaw.com\/es\/dolor-de-espalda-tras-el-accidente\/\">Dolor de espalda tras el accidente<\/a><\/li>\n<li><a href=\"https:\/\/www.kalkalaw.com\/es\/golpear-un-bache-mientras-monto-en-bici\/\">Golpear un bache mientras monto en bici<\/a><\/li>\n<li><a href=\"https:\/\/www.kalkalaw.com\/es\/como-pueden-ayudarte-12-segundos-a-evitar-un-accidente\/\">\u00bfC\u00f3mo pueden ayudarte 12 segundos a evitar un accidente?<\/a><\/li>\n<li><a href=\"https:\/\/www.kalkalaw.com\/faq\/how-do-you-quantify-pain-and-suffering\/\">\u00bfC\u00f3mo se cuantifica el dolor y el sufrimiento?<\/a><\/li>\n<li><a href=\"https:\/\/www.kalkalaw.com\/es\/golpee-la-puerta-de-un-coche\/\">Golpe\u00e9 la puerta de un coche<\/a><\/li>\n<li><a href=\"https:\/\/www.kalkalaw.com\/es\/es-mas-peligroso-ir-en-grupo\/\">\u00bfEs m\u00e1s peligroso ir en grupo?<\/a><\/li>\n<li><a href=\"https:\/\/www.kalkalaw.com\/es\/preguntas-frecuentes\/mi-hermano-resulto-herido-en-un-accidente-de-trafico\/\">Mi hermano result\u00f3 herido en un accidente de tr\u00e1fico<\/a><\/li>\n<li><a href=\"https:\/\/www.kalkalaw.com\/es\/preguntas-frecuentes\/debo-ser-considerado-responsable-si-el-ciclista-se-salto-un-semaforo-en-rojo\/\">\u00bfDebo ser considerado responsable si el ciclista se salt\u00f3 un sem\u00e1foro en rojo?<\/a><\/li>\n<li><a href=\"https:\/\/www.kalkalaw.com\/es\/preguntas-frecuentes\/debo-interponer-una-demanda-tras-un-golpe-lateral\/\">\u00bfDebo interponer una demanda tras un golpe lateral?<\/a><\/li>\n<li><a href=\"https:\/\/www.kalkalaw.com\/es\/preguntas-frecuentes\/un-camionero-dice-que-le-corte-el-paso-y-me-choco-por-detras\/\">Un camionero dice que le cort\u00e9 el paso y me choc\u00f3 por detr\u00e1s<\/a><\/li>\n<li><a href=\"https:\/\/www.kalkalaw.com\/es\/preguntas-frecuentes\/cuales-son-las-lesiones-toracicas-mas-frecuentes-en-un-accidente-de-trafico\/\">\u00bfCu\u00e1les son las lesiones tor\u00e1cicas m\u00e1s frecuentes en un accidente de tr\u00e1fico?<\/a><\/li>\n<li><a href=\"https:\/\/www.kalkalaw.com\/es\/que-ocurre-cuando-un-accidente-de-coche-provoca-una-rotura-de-bazo\/\">\u00bfQu\u00e9 ocurre cuando un accidente de coche provoca una rotura de bazo?<\/a><\/li>\n<li><a href=\"https:\/\/www.kalkalaw.com\/es\/que-es-una-fractura-de-greenstick\/\">\u00bfQu\u00e9 es una fractura de Greenstick?<\/a><\/li>\n<li><a href=\"https:\/\/www.kalkalaw.com\/es\/que-hacer-si-tienes-un-accidente-en-un-aparcamiento\/\">Qu\u00e9 hacer si tienes un accidente en un aparcamiento<\/a><\/li>\n<li><a href=\"https:\/\/www.kalkalaw.com\/es\/quien-es-responsable-de-pagar-las-facturas-medicas-tras-un-atropello-con-fuga\/\">\u00bfQui\u00e9n es responsable de pagar las facturas m\u00e9dicas tras un atropello con fuga?<\/a><\/li>\n<li><a href=\"https:\/\/www.kalkalaw.com\/es\/por-que-me-han-denegado-la-solicitud\/\">\u00bfPor qu\u00e9 me han denegado la solicitud?<\/a><\/li>\n<\/ul>\n<\/div><\/div><\/div>\n<\/div><\/div>\n","protected":false},"excerpt":{"rendered":"","protected":false},"author":3,"featured_media":0,"parent":5974,"menu_order":0,"comment_status":"closed","ping_status":"closed","template":"","meta":{"footnotes":""},"class_list":["post-5956","page","type-page","status-publish","hentry"],"yoast_head":"<!-- This site is optimized with the Yoast SEO plugin v27.1.1 - https:\/\/yoast.com\/product\/yoast-seo-wordpress\/ -->\n<title>Accidente causado por un neum\u00e1tico defectuoso | Preguntas frecuentes sobre accidentes de tr\u00e1fico<\/title>\n<meta name=\"description\" content=\"Si tu accidente de coche fue causado por un neum\u00e1tico defectuoso, es posible que puedas reclamar una indemnizaci\u00f3n al fabricante o a otras partes responsables. Llama hoy mismo a Kalka Law Group.\" \/>\n<meta name=\"robots\" content=\"index, follow, max-snippet:-1, max-image-preview:large, max-video-preview:-1\" \/>\n<link rel=\"canonical\" href=\"https:\/\/www.kalkalaw.com\/es\/preguntas-frecuentes\/accidente-causado-por-un-neumatico-defectuoso\/\" \/>\n<meta property=\"og:locale\" content=\"es_ES\" \/>\n<meta property=\"og:type\" content=\"article\" \/>\n<meta property=\"og:title\" content=\"Accidente causado por un neum\u00e1tico defectuoso | Preguntas frecuentes sobre accidentes de tr\u00e1fico\" \/>\n<meta property=\"og:description\" content=\"Si tu accidente de coche fue causado por un neum\u00e1tico defectuoso, es posible que puedas reclamar una indemnizaci\u00f3n al fabricante o a otras partes responsables. Llama hoy mismo a Kalka Law Group.\" \/>\n<meta property=\"og:url\" content=\"https:\/\/www.kalkalaw.com\/es\/preguntas-frecuentes\/accidente-causado-por-un-neumatico-defectuoso\/\" \/>\n<meta property=\"og:site_name\" content=\"The Kalka Law Group - Personal Injury &amp; Car Accident Attorneys\" \/>\n<meta property=\"article:publisher\" content=\"https:\/\/www.facebook.com\/KalkaLawGroup\/\" \/>\n<meta property=\"article:modified_time\" content=\"2025-06-25T15:36:28+00:00\" \/>\n<meta name=\"twitter:card\" content=\"summary_large_image\" \/>\n<meta name=\"twitter:site\" content=\"@KalkaLawGroup\" \/>\n<meta name=\"twitter:label1\" content=\"Tiempo de lectura\" \/>\n\t<meta name=\"twitter:data1\" content=\"3 minutos\" \/>\n<!-- \/ Yoast SEO plugin. -->","yoast_head_json":{"title":"Accidente causado por un neum\u00e1tico defectuoso | Preguntas frecuentes sobre accidentes de tr\u00e1fico","description":"Si tu accidente de coche fue causado por un neum\u00e1tico defectuoso, es posible que puedas reclamar una indemnizaci\u00f3n al fabricante o a otras partes responsables. Llama hoy mismo a Kalka Law Group.","robots":{"index":"index","follow":"follow","max-snippet":"max-snippet:-1","max-image-preview":"max-image-preview:large","max-video-preview":"max-video-preview:-1"},"canonical":"https:\/\/www.kalkalaw.com\/es\/preguntas-frecuentes\/accidente-causado-por-un-neumatico-defectuoso\/","og_locale":"es_ES","og_type":"article","og_title":"Accidente causado por un neum\u00e1tico defectuoso | Preguntas frecuentes sobre accidentes de tr\u00e1fico","og_description":"Si tu accidente de coche fue causado por un neum\u00e1tico defectuoso, es posible que puedas reclamar una indemnizaci\u00f3n al fabricante o a otras partes responsables. Llama hoy mismo a Kalka Law Group.","og_url":"https:\/\/www.kalkalaw.com\/es\/preguntas-frecuentes\/accidente-causado-por-un-neumatico-defectuoso\/","og_site_name":"The Kalka Law Group - Personal Injury &amp; Car Accident Attorneys","article_publisher":"https:\/\/www.facebook.com\/KalkaLawGroup\/","article_modified_time":"2025-06-25T15:36:28+00:00","twitter_card":"summary_large_image","twitter_site":"@KalkaLawGroup","twitter_misc":{"Tiempo de lectura":"3 minutos"},"schema":{"@context":"https:\/\/schema.org","@graph":[{"@type":"WebPage","@id":"https:\/\/www.kalkalaw.com\/es\/preguntas-frecuentes\/accidente-causado-por-un-neumatico-defectuoso\/","url":"https:\/\/www.kalkalaw.com\/es\/preguntas-frecuentes\/accidente-causado-por-un-neumatico-defectuoso\/","name":"Accidente causado por un neum\u00e1tico defectuoso | Preguntas frecuentes sobre accidentes de tr\u00e1fico","isPartOf":{"@id":"https:\/\/www.kalkalaw.com\/es\/#website"},"datePublished":"2023-11-01T02:05:29+00:00","dateModified":"2025-06-25T15:36:28+00:00","description":"Si tu accidente de coche fue causado por un neum\u00e1tico defectuoso, es posible que puedas reclamar una indemnizaci\u00f3n al fabricante o a otras partes responsables. Llama hoy mismo a Kalka Law Group.","breadcrumb":{"@id":"https:\/\/www.kalkalaw.com\/es\/preguntas-frecuentes\/accidente-causado-por-un-neumatico-defectuoso\/#breadcrumb"},"inLanguage":"es","potentialAction":[{"@type":"ReadAction","target":["https:\/\/www.kalkalaw.com\/es\/preguntas-frecuentes\/accidente-causado-por-un-neumatico-defectuoso\/"]}]},{"@type":"BreadcrumbList","@id":"https:\/\/www.kalkalaw.com\/es\/preguntas-frecuentes\/accidente-causado-por-un-neumatico-defectuoso\/#breadcrumb","itemListElement":[{"@type":"ListItem","position":1,"name":"Home","item":"https:\/\/www.kalkalaw.com\/es\/"},{"@type":"ListItem","position":2,"name":"PREGUNTAS FRECUENTES","item":"https:\/\/www.kalkalaw.com\/es\/preguntas-frecuentes\/"},{"@type":"ListItem","position":3,"name":"Accidente causado por un neum\u00e1tico defectuoso"}]},{"@type":"WebSite","@id":"https:\/\/www.kalkalaw.com\/es\/#website","url":"https:\/\/www.kalkalaw.com\/es\/","name":"The Kalka Law Group - Personal Injury & Car Accident Attorneys","description":"","publisher":{"@id":"https:\/\/www.kalkalaw.com\/es\/#organization"},"potentialAction":[{"@type":"SearchAction","target":{"@type":"EntryPoint","urlTemplate":"https:\/\/www.kalkalaw.com\/es\/?s={search_term_string}"},"query-input":{"@type":"PropertyValueSpecification","valueRequired":true,"valueName":"search_term_string"}}],"inLanguage":"es"},{"@type":"Organization","@id":"https:\/\/www.kalkalaw.com\/es\/#organization","name":"The Kalka Law Group - Personal Injury & Car Accident Attorneys","url":"https:\/\/www.kalkalaw.com\/es\/","logo":{"@type":"ImageObject","inLanguage":"es","@id":"https:\/\/www.kalkalaw.com\/es\/#\/schema\/logo\/image\/","url":"https:\/\/www.kalkalaw.com\/wp-content\/uploads\/2023\/10\/logo-navy.png","contentUrl":"https:\/\/www.kalkalaw.com\/wp-content\/uploads\/2023\/10\/logo-navy.png","width":1088,"height":364,"caption":"The Kalka Law Group - Personal Injury & Car Accident Attorneys"},"image":{"@id":"https:\/\/www.kalkalaw.com\/es\/#\/schema\/logo\/image\/"},"sameAs":["https:\/\/www.facebook.com\/KalkaLawGroup\/","https:\/\/x.com\/KalkaLawGroup","https:\/\/www.avvo.com\/attorneys\/30309-ga-anthony-kalka-479261.html","https:\/\/www.yelp.com\/biz\/the-kalka-law-group-marietta","https:\/\/www.linkedin.com\/company\/kalkalawgroup\/"]}]}},"_links":{"self":[{"href":"https:\/\/www.kalkalaw.com\/es\/wp-json\/wp\/v2\/pages\/5956","targetHints":{"allow":["GET"]}}],"collection":[{"href":"https:\/\/www.kalkalaw.com\/es\/wp-json\/wp\/v2\/pages"}],"about":[{"href":"https:\/\/www.kalkalaw.com\/es\/wp-json\/wp\/v2\/types\/page"}],"author":[{"embeddable":true,"href":"https:\/\/www.kalkalaw.com\/es\/wp-json\/wp\/v2\/users\/3"}],"replies":[{"embeddable":true,"href":"https:\/\/www.kalkalaw.com\/es\/wp-json\/wp\/v2\/comments?post=5956"}],"version-history":[{"count":0,"href":"https:\/\/www.kalkalaw.com\/es\/wp-json\/wp\/v2\/pages\/5956\/revisions"}],"up":[{"embeddable":true,"href":"https:\/\/www.kalkalaw.com\/es\/wp-json\/wp\/v2\/pages\/5974"}],"wp:attachment":[{"href":"https:\/\/www.kalkalaw.com\/es\/wp-json\/wp\/v2\/media?parent=5956"}],"curies":[{"name":"wp","href":"https:\/\/api.w.org\/{rel}","templated":true}]}}