{"id":5957,"date":"2025-04-22T22:12:49","date_gmt":"2025-04-23T02:12:49","guid":{"rendered":"https:\/\/www.kalkalaw.com\/que-ocurre-cuando-un-accidente-de-coche-provoca-una-rotura-de-bazo\/"},"modified":"2025-06-25T11:36:27","modified_gmt":"2025-06-25T15:36:27","slug":"que-ocurre-cuando-un-accidente-de-coche-provoca-una-rotura-de-bazo","status":"publish","type":"page","link":"https:\/\/www.kalkalaw.com\/es\/que-ocurre-cuando-un-accidente-de-coche-provoca-una-rotura-de-bazo\/","title":{"rendered":"\u00bfQu\u00e9 ocurre cuando un accidente de coche provoca una rotura de bazo?"},"content":{"rendered":"<div class=\"fusion-fullwidth fullwidth-box fusion-builder-row-1 fusion-flex-container nonhundred-percent-fullwidth non-hundred-percent-height-scrolling\" style=\"--awb-border-radius-top-left:0px;--awb-border-radius-top-right:0px;--awb-border-radius-bottom-right:0px;--awb-border-radius-bottom-left:0px;--awb-flex-wrap:wrap;\" ><div class=\"fusion-builder-row fusion-row fusion-flex-align-items-flex-start fusion-flex-content-wrap\" style=\"max-width:1393.6px;margin-left: calc(-4% \/ 2 );margin-right: calc(-4% \/ 2 );\"><div class=\"fusion-layout-column fusion_builder_column fusion-builder-column-0 fusion_builder_column_2_3 2_3 fusion-flex-column\" style=\"--awb-bg-size:cover;--awb-width-large:66.6666666667%;--awb-margin-top-large:0px;--awb-spacing-right-large:2.88%;--awb-margin-bottom-large:0px;--awb-spacing-left-large:3.84%;--awb-width-medium:66.6666666667%;--awb-spacing-right-medium:2.88%;--awb-spacing-left-medium:3.84%;--awb-width-small:100%;--awb-spacing-right-small:1.92%;--awb-spacing-left-small:1.92%;\"><div class=\"fusion-column-wrapper fusion-flex-justify-content-flex-start fusion-content-layout-column\"><div class=\"fusion-text fusion-text-1\"><h1>Informaci\u00f3n sobre la rotura del bazo<\/h1>\n<p>El bazo est\u00e1 situado justo debajo de la caja tor\u00e1cica, en el lado izquierdo; es un \u00f3rgano blando y esponjoso, y est\u00e1 ah\u00ed para impedir que entren infecciones en tu sangre. La funci\u00f3n principal del bazo es filtrar las c\u00e9lulas sangu\u00edneas viejas y da\u00f1adas de tu torrente sangu\u00edneo. La rotura del bazo en un accidente puede poner en peligro la vida y se considera una urgencia m\u00e9dica grave.  <\/p>\n<p>No todos los accidentes de coche provocan rotura de bazo, pero a veces los choques violentos que lesionan el lado izquierdo del cuerpo de una persona pueden causar una lesi\u00f3n de bazo en Georgia. Cuando la parte superior del abdomen o inferior del t\u00f3rax de una persona recibe un impacto durante un accidente de tr\u00e1fico, puede producirse una rotura de bazo. Este impacto en el bazo puede causar una hemorragia interna que puede poner en peligro la vida. A veces, el bazo se rompe inmediatamente despu\u00e9s del traumatismo, y otras veces la rotura tarda d\u00edas o semanas en producirse.   <\/p>\n<h4>tl;dr<\/h4>\n<ul>\n<li>El bazo, situado en el lado izquierdo, bajo la caja tor\u00e1cica, filtra las c\u00e9lulas sangu\u00edneas viejas y previene las infecciones.<\/li>\n<li>Una rotura de bazo por accidente de tr\u00e1fico es una urgencia m\u00e9dica grave, debido a una posible hemorragia interna potencialmente mortal.<\/li>\n<li>Los choques violentos que impactan en el lado izquierdo o en la parte superior del abdomen pueden causar lesiones en el bazo.<\/li>\n<li>Los s\u00edntomas de una rotura de bazo incluyen dolor abdominal izquierdo, sensibilidad y signos de hemorragia interna (aturdimiento, confusi\u00f3n, desmayo, visi\u00f3n borrosa).<\/li>\n<li>El da\u00f1o en el bazo puede provocar una hemorragia mortal o la formaci\u00f3n de un hematoma.<\/li>\n<li>El tratamiento puede implicar cirug\u00eda y, en casos graves, puede ser necesario extirpar el bazo.<\/li>\n<li>Si la culpa de un accidente de tr\u00e1fico es de otra persona, considera la posibilidad de presentar una demanda por lesiones personales para cubrir los gastos m\u00e9dicos.<\/li>\n<\/ul>\n<h2>\u00bfC\u00f3mo puedes saber si tu bazo est\u00e1 lesionado?<\/h2>\n<p><strong>Los signos de lesiones del bazo son<\/strong><\/p>\n<ul>\n<li>Dolor en el abdomen izquierdo y\/o en el hombro izquierdo<\/li>\n<li>Sensibilidad al tacto en la parte superior izquierda del abdomen<\/li>\n<li>El abdomen puede estar duro<\/li>\n<\/ul>\n<p><strong>Los s\u00edntomas de una hemorragia interna son<\/strong><\/p>\n<ul>\n<li>Mareo<\/li>\n<li>Confusi\u00f3n<\/li>\n<li>Desmayos<\/li>\n<li>Visi\u00f3n borrosa<\/li>\n<\/ul>\n<p>La ubicaci\u00f3n del bazo en el cuerpo lo expone a sufrir lesiones en un accidente de tr\u00e1fico. Cuando se produce un golpe grave en el costado izquierdo pueden lesionarse la zona del est\u00f3mago o las costillas, pero el bazo tambi\u00e9n puede haber sufrido lesiones en el impacto. Si tienes dolor en el abdomen izquierdo y signos de hemorragia interna, es fundamental que busques atenci\u00f3n m\u00e9dica inmediatamente.  <\/p>\n<h3>Riesgos de lesiones en el bazo<\/h3>\n<p>Cuando se da\u00f1a el bazo, el tejido que lo recubre puede desgarrarse y liberar sangre en el abdomen, provocando una hemorragia mortal en algunos casos. Tambi\u00e9n puede producirse da\u00f1o cuando la sangre se acumula en el bazo; esto puede formar un hematoma, que puede romperse y ser mortal. <\/p>\n<p>A veces el bazo puede repararse con cirug\u00eda, pero en muchos casos puede ser necesario extirparlo por completo. El tratamiento de las roturas espl\u00e9nicas puede variar, pero las facturas hospitalarias y los gastos de cirug\u00eda y medicaci\u00f3n pueden ser considerables. <\/p>\n<p><strong>Si otra persona tuvo la culpa de tu accidente de coche en Atlanta, deber\u00edas considerar presentar una <\/strong><a href=\"https:\/\/www.kalkalaw.com\/contact-us\/\"><strong>demanda por lesiones personales en Georgia<\/strong><\/a><strong> para cubrir tus gastos m\u00e9dicos.<\/strong><\/p>\n<\/div><\/div><\/div><div class=\"fusion-layout-column fusion_builder_column fusion-builder-column-1 awb-sticky awb-sticky-large fusion_builder_column_1_3 1_3 fusion-flex-column fusion-animated\" style=\"--awb-padding-top:10%;--awb-padding-right:10%;--awb-padding-bottom:10%;--awb-padding-left:10%;--awb-bg-color:var(--awb-color3);--awb-bg-color-hover:var(--awb-color3);--awb-bg-size:cover;--awb-width-large:33.3333333333%;--awb-margin-top-large:0px;--awb-spacing-right-large:4.608%;--awb-margin-bottom-large:0px;--awb-spacing-left-large:5.76%;--awb-width-medium:33.3333333333%;--awb-order-medium:0;--awb-spacing-right-medium:4.608%;--awb-spacing-left-medium:5.76%;--awb-width-small:100%;--awb-order-small:1;--awb-spacing-right-small:1.92%;--awb-spacing-left-small:1.92%;\" data-animationType=\"fadeInLeft\" data-animationDuration=\"1.3\" data-animationOffset=\"top-into-view\" data-motion-effects=\"[{&quot;type&quot;:&quot;&quot;,&quot;scroll_type&quot;:&quot;transition&quot;,&quot;scroll_direction&quot;:&quot;up&quot;,&quot;transition_speed&quot;:&quot;1&quot;,&quot;fade_type&quot;:&quot;in&quot;,&quot;scale_type&quot;:&quot;up&quot;,&quot;initial_scale&quot;:&quot;1&quot;,&quot;max_scale&quot;:&quot;1.5&quot;,&quot;min_scale&quot;:&quot;0.5&quot;,&quot;initial_rotate&quot;:&quot;0&quot;,&quot;end_rotate&quot;:&quot;30&quot;,&quot;initial_blur&quot;:&quot;0&quot;,&quot;end_blur&quot;:&quot;3&quot;,&quot;start_element&quot;:&quot;top&quot;,&quot;start_viewport&quot;:&quot;bottom&quot;,&quot;end_element&quot;:&quot;bottom&quot;,&quot;end_viewport&quot;:&quot;top&quot;,&quot;mouse_effect&quot;:&quot;track&quot;,&quot;mouse_effect_direction&quot;:&quot;opposite&quot;,&quot;mouse_effect_speed&quot;:&quot;2&quot;,&quot;infinite_animation&quot;:&quot;float&quot;,&quot;infinite_animation_speed&quot;:&quot;2&quot;}]\" data-scroll-devices=\"small-visibility,medium-visibility,large-visibility\"><div class=\"fusion-column-wrapper fusion-column-has-shadow fusion-flex-justify-content-flex-start fusion-content-layout-column\"><div class=\"fusion-title title fusion-title-1 fusion-sep-none fusion-title-text fusion-title-size-three\"><h3 class=\"fusion-title-heading title-heading-left\" style=\"margin:0;text-transform:capitalize;\">Preguntas frecuentes<\/h3><\/div><div class=\"fusion-text fusion-text-2\" style=\"--awb-text-transform:capitalize;--awb-text-color:var(--awb-color1);\"><ul>\n<li><a href=\"https:\/\/www.kalkalaw.com\/es\/preguntas-frecuentes\/accidente-causado-por-un-neumatico-defectuoso\/\">Accidente causado por un neum\u00e1tico defectuoso<\/a><\/li>\n<li><a href=\"https:\/\/www.kalkalaw.com\/es\/otro-coche-se-desvio-hacia-mi-carril\/\">Otro coche se desvi\u00f3 hacia mi carril<\/a><\/li>\n<li><a href=\"https:\/\/www.kalkalaw.com\/es\/se-permite-a-los-motoristas-ir-de-lado-a-lado\/\">\u00bfSe permite a los motociclistas ir de lado a lado?<\/a><\/li>\n<li><a href=\"https:\/\/www.kalkalaw.com\/faq\/car-pedestrian-accident-where-i-suffered-leg-inj\/\">Accidente de coche-peat\u00f3n en el que sufr\u00ed lesiones en las piernas<\/a><\/li>\n<li><a href=\"https:\/\/www.kalkalaw.com\/es\/diferencia-entre-fractura-simple-y-fractura-compuesta\/\">\u00bfDiferencia entre fractura simple y fractura compuesta?<\/a><\/li>\n<li><a href=\"https:\/\/www.kalkalaw.com\/es\/dolor-de-espalda-tras-el-accidente\/\">Dolor de espalda tras el accidente<\/a><\/li>\n<li><a href=\"https:\/\/www.kalkalaw.com\/es\/golpear-un-bache-mientras-monto-en-bici\/\">Golpear un bache mientras monto en bici<\/a><\/li>\n<li><a href=\"https:\/\/www.kalkalaw.com\/es\/como-pueden-ayudarte-12-segundos-a-evitar-un-accidente\/\">\u00bfC\u00f3mo pueden ayudarte 12 segundos a evitar un accidente?<\/a><\/li>\n<li><a href=\"https:\/\/www.kalkalaw.com\/faq\/how-do-you-quantify-pain-and-suffering\/\">\u00bfC\u00f3mo se cuantifica el dolor y el sufrimiento?<\/a><\/li>\n<li><a href=\"https:\/\/www.kalkalaw.com\/es\/golpee-la-puerta-de-un-coche\/\">Golpe\u00e9 la puerta de un coche<\/a><\/li>\n<li><a href=\"https:\/\/www.kalkalaw.com\/es\/es-mas-peligroso-ir-en-grupo\/\">\u00bfEs m\u00e1s peligroso ir en grupo?<\/a><\/li>\n<li><a href=\"https:\/\/www.kalkalaw.com\/es\/preguntas-frecuentes\/mi-hermano-resulto-herido-en-un-accidente-de-trafico\/\">Mi hermano result\u00f3 herido en un accidente de tr\u00e1fico<\/a><\/li>\n<li><a href=\"https:\/\/www.kalkalaw.com\/es\/preguntas-frecuentes\/debo-ser-considerado-responsable-si-el-ciclista-se-salto-un-semaforo-en-rojo\/\">\u00bfDebo ser considerado responsable si el ciclista se salt\u00f3 un sem\u00e1foro en rojo?<\/a><\/li>\n<li><a href=\"https:\/\/www.kalkalaw.com\/es\/preguntas-frecuentes\/debo-interponer-una-demanda-tras-un-golpe-lateral\/\">\u00bfDebo interponer una demanda tras un golpe lateral?<\/a><\/li>\n<li><a href=\"https:\/\/www.kalkalaw.com\/es\/preguntas-frecuentes\/un-camionero-dice-que-le-corte-el-paso-y-me-choco-por-detras\/\">Un camionero dice que le cort\u00e9 el paso y me choc\u00f3 por detr\u00e1s<\/a><\/li>\n<li><a href=\"https:\/\/www.kalkalaw.com\/es\/preguntas-frecuentes\/cuales-son-las-lesiones-toracicas-mas-frecuentes-en-un-accidente-de-trafico\/\">\u00bfCu\u00e1les son las lesiones tor\u00e1cicas m\u00e1s frecuentes en un accidente de tr\u00e1fico?<\/a><\/li>\n<li><a href=\"https:\/\/www.kalkalaw.com\/es\/que-ocurre-cuando-un-accidente-de-coche-provoca-una-rotura-de-bazo\/\">\u00bfQu\u00e9 ocurre cuando un accidente de coche provoca una rotura de bazo?<\/a><\/li>\n<li><a href=\"https:\/\/www.kalkalaw.com\/es\/que-es-una-fractura-de-greenstick\/\">\u00bfQu\u00e9 es una fractura de Greenstick?<\/a><\/li>\n<li><a href=\"https:\/\/www.kalkalaw.com\/es\/que-hacer-si-tienes-un-accidente-en-un-aparcamiento\/\">Qu\u00e9 hacer si tienes un accidente en un aparcamiento<\/a><\/li>\n<li><a href=\"https:\/\/www.kalkalaw.com\/es\/quien-es-responsable-de-pagar-las-facturas-medicas-tras-un-atropello-con-fuga\/\">\u00bfQui\u00e9n es responsable de pagar las facturas m\u00e9dicas tras un atropello con fuga?<\/a><\/li>\n<li><a href=\"https:\/\/www.kalkalaw.com\/es\/por-que-me-han-denegado-la-solicitud\/\">\u00bfPor qu\u00e9 me han denegado la solicitud?<\/a><\/li>\n<\/ul>\n<\/div><\/div><\/div>\n<\/div><\/div>\n","protected":false},"excerpt":{"rendered":"","protected":false},"author":3,"featured_media":0,"parent":5974,"menu_order":0,"comment_status":"closed","ping_status":"closed","template":"","meta":{"footnotes":""},"class_list":["post-5957","page","type-page","status-publish","hentry"],"yoast_head":"<!-- This site is optimized with the Yoast SEO plugin v27.1.1 - https:\/\/yoast.com\/product\/yoast-seo-wordpress\/ -->\n<title>C\u00f3mo reconocer los s\u00edntomas de una rotura de bazo<\/title>\n<meta name=\"description\" content=\"Si sientes dolor debajo de la zona de la caja tor\u00e1cica tras un accidente de coche, consulta a un profesional m\u00e9dico para asegurarte de que no se te ha roto el bazo.\" \/>\n<meta name=\"robots\" content=\"index, follow, max-snippet:-1, max-image-preview:large, max-video-preview:-1\" \/>\n<link rel=\"canonical\" href=\"https:\/\/www.kalkalaw.com\/es\/que-ocurre-cuando-un-accidente-de-coche-provoca-una-rotura-de-bazo\/\" \/>\n<meta property=\"og:locale\" content=\"es_ES\" \/>\n<meta property=\"og:type\" content=\"article\" \/>\n<meta property=\"og:title\" content=\"C\u00f3mo reconocer los s\u00edntomas de una rotura de bazo\" \/>\n<meta property=\"og:description\" content=\"Si sientes dolor debajo de la zona de la caja tor\u00e1cica tras un accidente de coche, consulta a un profesional m\u00e9dico para asegurarte de que no se te ha roto el bazo.\" \/>\n<meta property=\"og:url\" content=\"https:\/\/www.kalkalaw.com\/es\/que-ocurre-cuando-un-accidente-de-coche-provoca-una-rotura-de-bazo\/\" \/>\n<meta property=\"og:site_name\" content=\"The Kalka Law Group - Personal Injury &amp; Car Accident Attorneys\" \/>\n<meta property=\"article:publisher\" content=\"https:\/\/www.facebook.com\/KalkaLawGroup\/\" \/>\n<meta property=\"article:modified_time\" content=\"2025-06-25T15:36:27+00:00\" \/>\n<meta name=\"twitter:card\" content=\"summary_large_image\" \/>\n<meta name=\"twitter:site\" content=\"@KalkaLawGroup\" \/>\n<meta name=\"twitter:label1\" content=\"Tiempo de lectura\" \/>\n\t<meta name=\"twitter:data1\" content=\"4 minutos\" \/>\n<!-- \/ Yoast SEO plugin. -->","yoast_head_json":{"title":"C\u00f3mo reconocer los s\u00edntomas de una rotura de bazo","description":"Si sientes dolor debajo de la zona de la caja tor\u00e1cica tras un accidente de coche, consulta a un profesional m\u00e9dico para asegurarte de que no se te ha roto el bazo.","robots":{"index":"index","follow":"follow","max-snippet":"max-snippet:-1","max-image-preview":"max-image-preview:large","max-video-preview":"max-video-preview:-1"},"canonical":"https:\/\/www.kalkalaw.com\/es\/que-ocurre-cuando-un-accidente-de-coche-provoca-una-rotura-de-bazo\/","og_locale":"es_ES","og_type":"article","og_title":"C\u00f3mo reconocer los s\u00edntomas de una rotura de bazo","og_description":"Si sientes dolor debajo de la zona de la caja tor\u00e1cica tras un accidente de coche, consulta a un profesional m\u00e9dico para asegurarte de que no se te ha roto el bazo.","og_url":"https:\/\/www.kalkalaw.com\/es\/que-ocurre-cuando-un-accidente-de-coche-provoca-una-rotura-de-bazo\/","og_site_name":"The Kalka Law Group - Personal Injury &amp; Car Accident Attorneys","article_publisher":"https:\/\/www.facebook.com\/KalkaLawGroup\/","article_modified_time":"2025-06-25T15:36:27+00:00","twitter_card":"summary_large_image","twitter_site":"@KalkaLawGroup","twitter_misc":{"Tiempo de lectura":"4 minutos"},"schema":{"@context":"https:\/\/schema.org","@graph":[{"@type":"WebPage","@id":"https:\/\/www.kalkalaw.com\/es\/que-ocurre-cuando-un-accidente-de-coche-provoca-una-rotura-de-bazo\/","url":"https:\/\/www.kalkalaw.com\/es\/que-ocurre-cuando-un-accidente-de-coche-provoca-una-rotura-de-bazo\/","name":"C\u00f3mo reconocer los s\u00edntomas de una rotura de bazo","isPartOf":{"@id":"https:\/\/www.kalkalaw.com\/es\/#website"},"datePublished":"2025-04-23T02:12:49+00:00","dateModified":"2025-06-25T15:36:27+00:00","description":"Si sientes dolor debajo de la zona de la caja tor\u00e1cica tras un accidente de coche, consulta a un profesional m\u00e9dico para asegurarte de que no se te ha roto el bazo.","breadcrumb":{"@id":"https:\/\/www.kalkalaw.com\/es\/que-ocurre-cuando-un-accidente-de-coche-provoca-una-rotura-de-bazo\/#breadcrumb"},"inLanguage":"es","potentialAction":[{"@type":"ReadAction","target":["https:\/\/www.kalkalaw.com\/es\/que-ocurre-cuando-un-accidente-de-coche-provoca-una-rotura-de-bazo\/"]}]},{"@type":"BreadcrumbList","@id":"https:\/\/www.kalkalaw.com\/es\/que-ocurre-cuando-un-accidente-de-coche-provoca-una-rotura-de-bazo\/#breadcrumb","itemListElement":[{"@type":"ListItem","position":1,"name":"Home","item":"https:\/\/www.kalkalaw.com\/es\/"},{"@type":"ListItem","position":2,"name":"PREGUNTAS FRECUENTES","item":"https:\/\/www.kalkalaw.com\/es\/preguntas-frecuentes\/"},{"@type":"ListItem","position":3,"name":"\u00bfQu\u00e9 ocurre cuando un accidente de coche provoca una rotura de bazo?"}]},{"@type":"WebSite","@id":"https:\/\/www.kalkalaw.com\/es\/#website","url":"https:\/\/www.kalkalaw.com\/es\/","name":"The Kalka Law Group - Personal Injury & Car Accident Attorneys","description":"","publisher":{"@id":"https:\/\/www.kalkalaw.com\/es\/#organization"},"potentialAction":[{"@type":"SearchAction","target":{"@type":"EntryPoint","urlTemplate":"https:\/\/www.kalkalaw.com\/es\/?s={search_term_string}"},"query-input":{"@type":"PropertyValueSpecification","valueRequired":true,"valueName":"search_term_string"}}],"inLanguage":"es"},{"@type":"Organization","@id":"https:\/\/www.kalkalaw.com\/es\/#organization","name":"The Kalka Law Group - Personal Injury & Car Accident Attorneys","url":"https:\/\/www.kalkalaw.com\/es\/","logo":{"@type":"ImageObject","inLanguage":"es","@id":"https:\/\/www.kalkalaw.com\/es\/#\/schema\/logo\/image\/","url":"https:\/\/www.kalkalaw.com\/wp-content\/uploads\/2023\/10\/logo-navy.png","contentUrl":"https:\/\/www.kalkalaw.com\/wp-content\/uploads\/2023\/10\/logo-navy.png","width":1088,"height":364,"caption":"The Kalka Law Group - Personal Injury & Car Accident Attorneys"},"image":{"@id":"https:\/\/www.kalkalaw.com\/es\/#\/schema\/logo\/image\/"},"sameAs":["https:\/\/www.facebook.com\/KalkaLawGroup\/","https:\/\/x.com\/KalkaLawGroup","https:\/\/www.avvo.com\/attorneys\/30309-ga-anthony-kalka-479261.html","https:\/\/www.yelp.com\/biz\/the-kalka-law-group-marietta","https:\/\/www.linkedin.com\/company\/kalkalawgroup\/"]}]}},"_links":{"self":[{"href":"https:\/\/www.kalkalaw.com\/es\/wp-json\/wp\/v2\/pages\/5957","targetHints":{"allow":["GET"]}}],"collection":[{"href":"https:\/\/www.kalkalaw.com\/es\/wp-json\/wp\/v2\/pages"}],"about":[{"href":"https:\/\/www.kalkalaw.com\/es\/wp-json\/wp\/v2\/types\/page"}],"author":[{"embeddable":true,"href":"https:\/\/www.kalkalaw.com\/es\/wp-json\/wp\/v2\/users\/3"}],"replies":[{"embeddable":true,"href":"https:\/\/www.kalkalaw.com\/es\/wp-json\/wp\/v2\/comments?post=5957"}],"version-history":[{"count":0,"href":"https:\/\/www.kalkalaw.com\/es\/wp-json\/wp\/v2\/pages\/5957\/revisions"}],"up":[{"embeddable":true,"href":"https:\/\/www.kalkalaw.com\/es\/wp-json\/wp\/v2\/pages\/5974"}],"wp:attachment":[{"href":"https:\/\/www.kalkalaw.com\/es\/wp-json\/wp\/v2\/media?parent=5957"}],"curies":[{"name":"wp","href":"https:\/\/api.w.org\/{rel}","templated":true}]}}