{"id":5960,"date":"2023-10-31T22:10:03","date_gmt":"2023-11-01T02:10:03","guid":{"rendered":"https:\/\/www.kalkalaw.com\/es-mas-peligroso-ir-en-grupo\/"},"modified":"2025-06-25T11:36:26","modified_gmt":"2025-06-25T15:36:26","slug":"es-mas-peligroso-ir-en-grupo","status":"publish","type":"page","link":"https:\/\/www.kalkalaw.com\/es\/es-mas-peligroso-ir-en-grupo\/","title":{"rendered":"\u00bfEs m\u00e1s peligroso ir en grupo?"},"content":{"rendered":"<div class=\"fusion-fullwidth fullwidth-box fusion-builder-row-1 fusion-flex-container nonhundred-percent-fullwidth non-hundred-percent-height-scrolling\" style=\"--awb-border-radius-top-left:0px;--awb-border-radius-top-right:0px;--awb-border-radius-bottom-right:0px;--awb-border-radius-bottom-left:0px;--awb-flex-wrap:wrap;\" ><div class=\"fusion-builder-row fusion-row fusion-flex-align-items-flex-start fusion-flex-content-wrap\" style=\"max-width:1393.6px;margin-left: calc(-4% \/ 2 );margin-right: calc(-4% \/ 2 );\"><div class=\"fusion-layout-column fusion_builder_column fusion-builder-column-0 fusion_builder_column_2_3 2_3 fusion-flex-column\" style=\"--awb-bg-size:cover;--awb-width-large:66.6666666667%;--awb-margin-top-large:0px;--awb-spacing-right-large:2.88%;--awb-margin-bottom-large:0px;--awb-spacing-left-large:3.84%;--awb-width-medium:66.6666666667%;--awb-spacing-right-medium:2.88%;--awb-spacing-left-medium:3.84%;--awb-width-small:100%;--awb-spacing-right-small:1.92%;--awb-spacing-left-small:1.92%;\"><div class=\"fusion-column-wrapper fusion-flex-justify-content-flex-start fusion-content-layout-column\"><div class=\"fusion-text fusion-text-1\"><h1>Pedalear con un grupo de ciclistas<\/h1>\n<p><em><strong>\u00ab\u00bfNo es m\u00e1s peligroso para m\u00ed ir con un grupo de ciclistas que sola?\u00bb<\/strong><\/em><\/p>\n<p>Depende. A veces circular en grupo puede ser m\u00e1s peligroso, y otras veces puede ser m\u00e1s seguro. Cuando un grupo grande de ciclistas circula junto, es muy dif\u00edcil que otros conductores no los vean. En cambio, si circulas solo, es m\u00e1s probable que los conductores negligentes no te vean en la carretera. Sin embargo, no siempre es as\u00ed. Hay ocasiones en que ir en grupo puede ser m\u00e1s peligroso y provocar un accidente de bicicleta en Georgia, incluso entre ciclistas.     <\/p>\n<p>Cuando los ciclistas de un grupo se siguen demasiado de cerca, un neum\u00e1tico delantero de otra bicicleta puede golpear el neum\u00e1tico trasero de la tuya y provocarte un accidente. Por eso es muy importante que en cualquier grupo de ciclistas haya ciclistas experimentados que sepan dejar el espacio correcto entre las bicis. Adem\u00e1s, es importante dejar los marcajes s\u00f3lo a los ciclistas experimentados. A veces, al circular en grupo, los ciclistas olvidan que no son los \u00fanicos en la carretera. Es importante que, cuando circules en grupo con otras personas, todo el mundo controle el tr\u00e1fico y circule con seguridad.    <\/p>\n<h2>Conduce de forma responsable y comprueba siempre los posibles peligros<\/h2>\n<p>Compartir la carretera es siempre responsabilidad individual de cada ciclista. A menudo, los ciclistas pueden seguir a otros ciclistas de frente sin ni siquiera comprobar por s\u00ed mismos si hay peligros. Por ejemplo, nunca sigas a otro ciclista en un cruce sin comprobar los sem\u00e1foros y el tr\u00e1fico antes de entrar. Aunque montar en bicicleta en grupo entra\u00f1a algunos peligros, tambi\u00e9n tiene muchos aspectos positivos. Puedes aprender nuevas t\u00e9cnicas de otros ciclistas y mejorar tus habilidades. Adem\u00e1s, contribuir\u00e1s a aumentar la concienciaci\u00f3n sobre el ciclismo en Georgia.     <\/p>\n<p><strong>Si has resultado herido en un accidente de bicicleta causado por otra persona, por favor <\/strong><a href=\"https:\/\/www.kalkalaw.com\/contact-us\/\"><strong>llama a los abogados de accidentes de bicicleta de Kalka Law Group<\/strong><\/a><strong> para una consulta gratuita hoy mismo.<\/strong><\/p>\n<\/div><\/div><\/div><div class=\"fusion-layout-column fusion_builder_column fusion-builder-column-1 awb-sticky awb-sticky-large fusion_builder_column_1_3 1_3 fusion-flex-column fusion-animated\" style=\"--awb-padding-top:10%;--awb-padding-right:10%;--awb-padding-bottom:10%;--awb-padding-left:10%;--awb-bg-color:var(--awb-color3);--awb-bg-color-hover:var(--awb-color3);--awb-bg-size:cover;--awb-width-large:33.3333333333%;--awb-margin-top-large:0px;--awb-spacing-right-large:4.608%;--awb-margin-bottom-large:0px;--awb-spacing-left-large:5.76%;--awb-width-medium:33.3333333333%;--awb-order-medium:0;--awb-spacing-right-medium:4.608%;--awb-spacing-left-medium:5.76%;--awb-width-small:100%;--awb-order-small:1;--awb-spacing-right-small:1.92%;--awb-spacing-left-small:1.92%;\" data-animationType=\"fadeInLeft\" data-animationDuration=\"1.3\" data-animationOffset=\"top-into-view\" data-motion-effects=\"[{&quot;type&quot;:&quot;&quot;,&quot;scroll_type&quot;:&quot;transition&quot;,&quot;scroll_direction&quot;:&quot;up&quot;,&quot;transition_speed&quot;:&quot;1&quot;,&quot;fade_type&quot;:&quot;in&quot;,&quot;scale_type&quot;:&quot;up&quot;,&quot;initial_scale&quot;:&quot;1&quot;,&quot;max_scale&quot;:&quot;1.5&quot;,&quot;min_scale&quot;:&quot;0.5&quot;,&quot;initial_rotate&quot;:&quot;0&quot;,&quot;end_rotate&quot;:&quot;30&quot;,&quot;initial_blur&quot;:&quot;0&quot;,&quot;end_blur&quot;:&quot;3&quot;,&quot;start_element&quot;:&quot;top&quot;,&quot;start_viewport&quot;:&quot;bottom&quot;,&quot;end_element&quot;:&quot;bottom&quot;,&quot;end_viewport&quot;:&quot;top&quot;,&quot;mouse_effect&quot;:&quot;track&quot;,&quot;mouse_effect_direction&quot;:&quot;opposite&quot;,&quot;mouse_effect_speed&quot;:&quot;2&quot;,&quot;infinite_animation&quot;:&quot;float&quot;,&quot;infinite_animation_speed&quot;:&quot;2&quot;}]\" data-scroll-devices=\"small-visibility,medium-visibility,large-visibility\"><div class=\"fusion-column-wrapper fusion-column-has-shadow fusion-flex-justify-content-flex-start fusion-content-layout-column\"><div class=\"fusion-title title fusion-title-1 fusion-sep-none fusion-title-text fusion-title-size-three\"><h3 class=\"fusion-title-heading title-heading-left\" style=\"margin:0;text-transform:capitalize;\">Preguntas frecuentes<\/h3><\/div><div class=\"fusion-text fusion-text-2\" style=\"--awb-text-transform:capitalize;--awb-text-color:var(--awb-color1);\"><ul>\n<li><a href=\"https:\/\/www.kalkalaw.com\/es\/preguntas-frecuentes\/accidente-causado-por-un-neumatico-defectuoso\/\">Accidente causado por un neum\u00e1tico defectuoso<\/a><\/li>\n<li><a href=\"https:\/\/www.kalkalaw.com\/es\/otro-coche-se-desvio-hacia-mi-carril\/\">Otro coche se desvi\u00f3 hacia mi carril<\/a><\/li>\n<li><a href=\"https:\/\/www.kalkalaw.com\/es\/se-permite-a-los-motoristas-ir-de-lado-a-lado\/\">\u00bfSe permite a los motociclistas ir de lado a lado?<\/a><\/li>\n<li><a href=\"https:\/\/www.kalkalaw.com\/faq\/car-pedestrian-accident-where-i-suffered-leg-inj\/\">Accidente de coche-peat\u00f3n en el que sufr\u00ed lesiones en las piernas<\/a><\/li>\n<li><a href=\"https:\/\/www.kalkalaw.com\/es\/diferencia-entre-fractura-simple-y-fractura-compuesta\/\">\u00bfDiferencia entre fractura simple y fractura compuesta?<\/a><\/li>\n<li><a href=\"https:\/\/www.kalkalaw.com\/es\/dolor-de-espalda-tras-el-accidente\/\">Dolor de espalda tras el accidente<\/a><\/li>\n<li><a href=\"https:\/\/www.kalkalaw.com\/es\/golpear-un-bache-mientras-monto-en-bici\/\">Golpear un bache mientras monto en bici<\/a><\/li>\n<li><a href=\"https:\/\/www.kalkalaw.com\/es\/como-pueden-ayudarte-12-segundos-a-evitar-un-accidente\/\">\u00bfC\u00f3mo pueden ayudarte 12 segundos a evitar un accidente?<\/a><\/li>\n<li><a href=\"https:\/\/www.kalkalaw.com\/faq\/how-do-you-quantify-pain-and-suffering\/\">\u00bfC\u00f3mo se cuantifica el dolor y el sufrimiento?<\/a><\/li>\n<li><a href=\"https:\/\/www.kalkalaw.com\/es\/golpee-la-puerta-de-un-coche\/\">Golpe\u00e9 la puerta de un coche<\/a><\/li>\n<li><a href=\"https:\/\/www.kalkalaw.com\/es\/es-mas-peligroso-ir-en-grupo\/\">\u00bfEs m\u00e1s peligroso ir en grupo?<\/a><\/li>\n<li><a href=\"https:\/\/www.kalkalaw.com\/es\/preguntas-frecuentes\/mi-hermano-resulto-herido-en-un-accidente-de-trafico\/\">Mi hermano result\u00f3 herido en un accidente de tr\u00e1fico<\/a><\/li>\n<li><a href=\"https:\/\/www.kalkalaw.com\/es\/preguntas-frecuentes\/debo-ser-considerado-responsable-si-el-ciclista-se-salto-un-semaforo-en-rojo\/\">\u00bfDebo ser considerado responsable si el ciclista se salt\u00f3 un sem\u00e1foro en rojo?<\/a><\/li>\n<li><a href=\"https:\/\/www.kalkalaw.com\/es\/preguntas-frecuentes\/debo-interponer-una-demanda-tras-un-golpe-lateral\/\">\u00bfDebo interponer una demanda tras un golpe lateral?<\/a><\/li>\n<li><a href=\"https:\/\/www.kalkalaw.com\/es\/preguntas-frecuentes\/un-camionero-dice-que-le-corte-el-paso-y-me-choco-por-detras\/\">Un camionero dice que le cort\u00e9 el paso y me choc\u00f3 por detr\u00e1s<\/a><\/li>\n<li><a href=\"https:\/\/www.kalkalaw.com\/es\/preguntas-frecuentes\/cuales-son-las-lesiones-toracicas-mas-frecuentes-en-un-accidente-de-trafico\/\">\u00bfCu\u00e1les son las lesiones tor\u00e1cicas m\u00e1s frecuentes en un accidente de tr\u00e1fico?<\/a><\/li>\n<li><a href=\"https:\/\/www.kalkalaw.com\/es\/que-ocurre-cuando-un-accidente-de-coche-provoca-una-rotura-de-bazo\/\">\u00bfQu\u00e9 ocurre cuando un accidente de coche provoca una rotura de bazo?<\/a><\/li>\n<li><a href=\"https:\/\/www.kalkalaw.com\/es\/que-es-una-fractura-de-greenstick\/\">\u00bfQu\u00e9 es una fractura de Greenstick?<\/a><\/li>\n<li><a href=\"https:\/\/www.kalkalaw.com\/es\/que-hacer-si-tienes-un-accidente-en-un-aparcamiento\/\">Qu\u00e9 hacer si tienes un accidente en un aparcamiento<\/a><\/li>\n<li><a href=\"https:\/\/www.kalkalaw.com\/es\/quien-es-responsable-de-pagar-las-facturas-medicas-tras-un-atropello-con-fuga\/\">\u00bfQui\u00e9n es responsable de pagar las facturas m\u00e9dicas tras un atropello con fuga?<\/a><\/li>\n<li><a href=\"https:\/\/www.kalkalaw.com\/es\/por-que-me-han-denegado-la-solicitud\/\">\u00bfPor qu\u00e9 me han denegado la solicitud?<\/a><\/li>\n<\/ul>\n<\/div><\/div><\/div>\n<\/div><\/div>\n","protected":false},"excerpt":{"rendered":"","protected":false},"author":3,"featured_media":0,"parent":5974,"menu_order":0,"comment_status":"closed","ping_status":"closed","template":"","meta":{"footnotes":""},"class_list":["post-5960","page","type-page","status-publish","hentry"],"yoast_head":"<!-- This site is optimized with the Yoast SEO plugin v27.1.1 - https:\/\/yoast.com\/product\/yoast-seo-wordpress\/ -->\n<title>\u00bfEs m\u00e1s peligroso ir en grupo? | Preguntas frecuentes sobre lesiones personales<\/title>\n<meta name=\"description\" content=\"\u00bfEs m\u00e1s peligroso viajar en grupo? - Si tienes preguntas que te gustar\u00eda que te respondieran, no dudes en consultar cuanto antes a un abogado de lesiones personales de Atlanta de nuestro bufete.\" \/>\n<meta name=\"robots\" content=\"index, follow, max-snippet:-1, max-image-preview:large, max-video-preview:-1\" \/>\n<link rel=\"canonical\" href=\"https:\/\/www.kalkalaw.com\/es\/es-mas-peligroso-ir-en-grupo\/\" \/>\n<meta property=\"og:locale\" content=\"es_ES\" \/>\n<meta property=\"og:type\" content=\"article\" \/>\n<meta property=\"og:title\" content=\"\u00bfEs m\u00e1s peligroso ir en grupo? | Preguntas frecuentes sobre lesiones personales\" \/>\n<meta property=\"og:description\" content=\"\u00bfEs m\u00e1s peligroso viajar en grupo? - Si tienes preguntas que te gustar\u00eda que te respondieran, no dudes en consultar cuanto antes a un abogado de lesiones personales de Atlanta de nuestro bufete.\" \/>\n<meta property=\"og:url\" content=\"https:\/\/www.kalkalaw.com\/es\/es-mas-peligroso-ir-en-grupo\/\" \/>\n<meta property=\"og:site_name\" content=\"The Kalka Law Group - Personal Injury &amp; Car Accident Attorneys\" \/>\n<meta property=\"article:publisher\" content=\"https:\/\/www.facebook.com\/KalkaLawGroup\/\" \/>\n<meta property=\"article:modified_time\" content=\"2025-06-25T15:36:26+00:00\" \/>\n<meta name=\"twitter:card\" content=\"summary_large_image\" \/>\n<meta name=\"twitter:site\" content=\"@KalkaLawGroup\" \/>\n<meta name=\"twitter:label1\" content=\"Tiempo de lectura\" \/>\n\t<meta name=\"twitter:data1\" content=\"2 minutos\" \/>\n<!-- \/ Yoast SEO plugin. -->","yoast_head_json":{"title":"\u00bfEs m\u00e1s peligroso ir en grupo? | Preguntas frecuentes sobre lesiones personales","description":"\u00bfEs m\u00e1s peligroso viajar en grupo? - Si tienes preguntas que te gustar\u00eda que te respondieran, no dudes en consultar cuanto antes a un abogado de lesiones personales de Atlanta de nuestro bufete.","robots":{"index":"index","follow":"follow","max-snippet":"max-snippet:-1","max-image-preview":"max-image-preview:large","max-video-preview":"max-video-preview:-1"},"canonical":"https:\/\/www.kalkalaw.com\/es\/es-mas-peligroso-ir-en-grupo\/","og_locale":"es_ES","og_type":"article","og_title":"\u00bfEs m\u00e1s peligroso ir en grupo? | Preguntas frecuentes sobre lesiones personales","og_description":"\u00bfEs m\u00e1s peligroso viajar en grupo? - Si tienes preguntas que te gustar\u00eda que te respondieran, no dudes en consultar cuanto antes a un abogado de lesiones personales de Atlanta de nuestro bufete.","og_url":"https:\/\/www.kalkalaw.com\/es\/es-mas-peligroso-ir-en-grupo\/","og_site_name":"The Kalka Law Group - Personal Injury &amp; Car Accident Attorneys","article_publisher":"https:\/\/www.facebook.com\/KalkaLawGroup\/","article_modified_time":"2025-06-25T15:36:26+00:00","twitter_card":"summary_large_image","twitter_site":"@KalkaLawGroup","twitter_misc":{"Tiempo de lectura":"2 minutos"},"schema":{"@context":"https:\/\/schema.org","@graph":[{"@type":"WebPage","@id":"https:\/\/www.kalkalaw.com\/es\/es-mas-peligroso-ir-en-grupo\/","url":"https:\/\/www.kalkalaw.com\/es\/es-mas-peligroso-ir-en-grupo\/","name":"\u00bfEs m\u00e1s peligroso ir en grupo? | Preguntas frecuentes sobre lesiones personales","isPartOf":{"@id":"https:\/\/www.kalkalaw.com\/es\/#website"},"datePublished":"2023-11-01T02:10:03+00:00","dateModified":"2025-06-25T15:36:26+00:00","description":"\u00bfEs m\u00e1s peligroso viajar en grupo? - Si tienes preguntas que te gustar\u00eda que te respondieran, no dudes en consultar cuanto antes a un abogado de lesiones personales de Atlanta de nuestro bufete.","breadcrumb":{"@id":"https:\/\/www.kalkalaw.com\/es\/es-mas-peligroso-ir-en-grupo\/#breadcrumb"},"inLanguage":"es","potentialAction":[{"@type":"ReadAction","target":["https:\/\/www.kalkalaw.com\/es\/es-mas-peligroso-ir-en-grupo\/"]}]},{"@type":"BreadcrumbList","@id":"https:\/\/www.kalkalaw.com\/es\/es-mas-peligroso-ir-en-grupo\/#breadcrumb","itemListElement":[{"@type":"ListItem","position":1,"name":"Home","item":"https:\/\/www.kalkalaw.com\/es\/"},{"@type":"ListItem","position":2,"name":"PREGUNTAS FRECUENTES","item":"https:\/\/www.kalkalaw.com\/es\/preguntas-frecuentes\/"},{"@type":"ListItem","position":3,"name":"\u00bfEs m\u00e1s peligroso ir en grupo?"}]},{"@type":"WebSite","@id":"https:\/\/www.kalkalaw.com\/es\/#website","url":"https:\/\/www.kalkalaw.com\/es\/","name":"The Kalka Law Group - Personal Injury & Car Accident Attorneys","description":"","publisher":{"@id":"https:\/\/www.kalkalaw.com\/es\/#organization"},"potentialAction":[{"@type":"SearchAction","target":{"@type":"EntryPoint","urlTemplate":"https:\/\/www.kalkalaw.com\/es\/?s={search_term_string}"},"query-input":{"@type":"PropertyValueSpecification","valueRequired":true,"valueName":"search_term_string"}}],"inLanguage":"es"},{"@type":"Organization","@id":"https:\/\/www.kalkalaw.com\/es\/#organization","name":"The Kalka Law Group - Personal Injury & Car Accident Attorneys","url":"https:\/\/www.kalkalaw.com\/es\/","logo":{"@type":"ImageObject","inLanguage":"es","@id":"https:\/\/www.kalkalaw.com\/es\/#\/schema\/logo\/image\/","url":"https:\/\/www.kalkalaw.com\/wp-content\/uploads\/2023\/10\/logo-navy.png","contentUrl":"https:\/\/www.kalkalaw.com\/wp-content\/uploads\/2023\/10\/logo-navy.png","width":1088,"height":364,"caption":"The Kalka Law Group - Personal Injury & Car Accident Attorneys"},"image":{"@id":"https:\/\/www.kalkalaw.com\/es\/#\/schema\/logo\/image\/"},"sameAs":["https:\/\/www.facebook.com\/KalkaLawGroup\/","https:\/\/x.com\/KalkaLawGroup","https:\/\/www.avvo.com\/attorneys\/30309-ga-anthony-kalka-479261.html","https:\/\/www.yelp.com\/biz\/the-kalka-law-group-marietta","https:\/\/www.linkedin.com\/company\/kalkalawgroup\/"]}]}},"_links":{"self":[{"href":"https:\/\/www.kalkalaw.com\/es\/wp-json\/wp\/v2\/pages\/5960","targetHints":{"allow":["GET"]}}],"collection":[{"href":"https:\/\/www.kalkalaw.com\/es\/wp-json\/wp\/v2\/pages"}],"about":[{"href":"https:\/\/www.kalkalaw.com\/es\/wp-json\/wp\/v2\/types\/page"}],"author":[{"embeddable":true,"href":"https:\/\/www.kalkalaw.com\/es\/wp-json\/wp\/v2\/users\/3"}],"replies":[{"embeddable":true,"href":"https:\/\/www.kalkalaw.com\/es\/wp-json\/wp\/v2\/comments?post=5960"}],"version-history":[{"count":0,"href":"https:\/\/www.kalkalaw.com\/es\/wp-json\/wp\/v2\/pages\/5960\/revisions"}],"up":[{"embeddable":true,"href":"https:\/\/www.kalkalaw.com\/es\/wp-json\/wp\/v2\/pages\/5974"}],"wp:attachment":[{"href":"https:\/\/www.kalkalaw.com\/es\/wp-json\/wp\/v2\/media?parent=5960"}],"curies":[{"name":"wp","href":"https:\/\/api.w.org\/{rel}","templated":true}]}}