{"id":5970,"date":"2023-10-31T22:07:17","date_gmt":"2023-11-01T02:07:17","guid":{"rendered":"https:\/\/www.kalkalaw.com\/accidente-de-coche-peaton-en-el-que-sufri-lesiones-en-las-piernas\/"},"modified":"2025-06-25T11:36:29","modified_gmt":"2025-06-25T15:36:29","slug":"accidente-de-coche-peaton-en-el-que-sufri-lesiones-en-las-piernas","status":"publish","type":"page","link":"https:\/\/www.kalkalaw.com\/es\/accidente-de-coche-peaton-en-el-que-sufri-lesiones-en-las-piernas\/","title":{"rendered":"Accidente de coche-peat\u00f3n en el que sufr\u00ed lesiones en las piernas"},"content":{"rendered":"<div class=\"fusion-fullwidth fullwidth-box fusion-builder-row-1 fusion-flex-container nonhundred-percent-fullwidth non-hundred-percent-height-scrolling\" style=\"--awb-border-radius-top-left:0px;--awb-border-radius-top-right:0px;--awb-border-radius-bottom-right:0px;--awb-border-radius-bottom-left:0px;--awb-flex-wrap:wrap;\" ><div class=\"fusion-builder-row fusion-row fusion-flex-align-items-flex-start fusion-flex-content-wrap\" style=\"max-width:1393.6px;margin-left: calc(-4% \/ 2 );margin-right: calc(-4% \/ 2 );\"><div class=\"fusion-layout-column fusion_builder_column fusion-builder-column-0 fusion_builder_column_2_3 2_3 fusion-flex-column\" style=\"--awb-bg-size:cover;--awb-width-large:66.6666666667%;--awb-margin-top-large:0px;--awb-spacing-right-large:2.88%;--awb-margin-bottom-large:0px;--awb-spacing-left-large:3.84%;--awb-width-medium:66.6666666667%;--awb-spacing-right-medium:2.88%;--awb-spacing-left-medium:3.84%;--awb-width-small:100%;--awb-spacing-right-small:1.92%;--awb-spacing-left-small:1.92%;\"><div class=\"fusion-column-wrapper fusion-flex-justify-content-flex-start fusion-content-layout-column\"><div class=\"fusion-text fusion-text-1\"><h1>Accidentes de peatones<\/h1>\n<p><em><strong>\u00ab\u00bfPuedes ayudarme con las secuelas de mi accidente de peat\u00f3n en el que sufr\u00ed lesiones en las piernas?\u00bb<\/strong><\/em><\/p>\n<p>S\u00ed, nuestros abogados se ocupan de casos de accidentes en los que <a href=\"https:\/\/www.kalkalaw.com\/pedestrian-accident-lawyer-atlanta-georgia-personal-injury-lawyer-near-me\/\">los conductores atropellan y lesionan a peatones<\/a> en los arcenes de las carreteras. Nuestro personal de abogados, muy agradable, est\u00e1 bien formado en las leyes de tr\u00e1fico de Georgia. Cuando un conductor de coche o cami\u00f3n <a href=\"https:\/\/www.kalkalaw.com\/general-negligence-lawyer-atlanta-georgia-negligence-lawyer-near-me\/\">act\u00faa con negligencia<\/a> y hace caso omiso de sus responsabilidades, es f\u00e1cilmente posible que luego atropelle a un peat\u00f3n en el arc\u00e9n de la carretera.  <\/p>\n<p>El coche o cami\u00f3n que atropella al peat\u00f3n suele levantarlo del suelo mientras acelera a la persona a la velocidad que llevaba el veh\u00edculo. Entonces, cuando el conductor reacciona al atropello y frena bruscamente, el peat\u00f3n sale despedido del veh\u00edculo y cae al suelo. <\/p>\n<p>Un accidente tan violento puede causar graves lesiones al cuerpo humano. Las dos lesiones m\u00e1s comunes de los accidentes entre peatones y coches son las lesiones en la parte inferior de las piernas, como huesos rotos y fracturados, o las lesiones en la cabeza. Otras lesiones menos frecuentes son los da\u00f1os en el cuello y la columna vertebral por recibir un latigazo tan agresivo. Los accidentes de tr\u00e1fico como los de peat\u00f3n pueden provocar lesiones graves.   <\/p>\n<p>Ponte en contacto con Kalka Law Group si buscas informaci\u00f3n jur\u00eddica sobre las lesiones sufridas en un accidente de este tipo.<\/p>\n<p><strong>Para ponerte en contacto con Kalka Law Group, rellena nuestro <\/strong><a href=\"https:\/\/www.kalkalaw.com\/contact-us\/\" target=\"_blank\" rel=\"noopener\"><strong>formulario de contacto online<\/strong><\/a><strong> y alguien de nuestro despacho se pondr\u00e1 en contacto contigo.<\/strong><\/p>\n<\/div><\/div><\/div><div class=\"fusion-layout-column fusion_builder_column fusion-builder-column-1 awb-sticky awb-sticky-large fusion_builder_column_1_3 1_3 fusion-flex-column fusion-animated\" style=\"--awb-padding-top:10%;--awb-padding-right:10%;--awb-padding-bottom:10%;--awb-padding-left:10%;--awb-bg-color:var(--awb-color3);--awb-bg-color-hover:var(--awb-color3);--awb-bg-size:cover;--awb-width-large:33.3333333333%;--awb-margin-top-large:0px;--awb-spacing-right-large:4.608%;--awb-margin-bottom-large:0px;--awb-spacing-left-large:5.76%;--awb-width-medium:33.3333333333%;--awb-order-medium:0;--awb-spacing-right-medium:4.608%;--awb-spacing-left-medium:5.76%;--awb-width-small:100%;--awb-order-small:1;--awb-spacing-right-small:1.92%;--awb-spacing-left-small:1.92%;\" data-animationType=\"fadeInLeft\" data-animationDuration=\"1.3\" data-animationOffset=\"top-into-view\" data-motion-effects=\"[{&quot;type&quot;:&quot;&quot;,&quot;scroll_type&quot;:&quot;transition&quot;,&quot;scroll_direction&quot;:&quot;up&quot;,&quot;transition_speed&quot;:&quot;1&quot;,&quot;fade_type&quot;:&quot;in&quot;,&quot;scale_type&quot;:&quot;up&quot;,&quot;initial_scale&quot;:&quot;1&quot;,&quot;max_scale&quot;:&quot;1.5&quot;,&quot;min_scale&quot;:&quot;0.5&quot;,&quot;initial_rotate&quot;:&quot;0&quot;,&quot;end_rotate&quot;:&quot;30&quot;,&quot;initial_blur&quot;:&quot;0&quot;,&quot;end_blur&quot;:&quot;3&quot;,&quot;start_element&quot;:&quot;top&quot;,&quot;start_viewport&quot;:&quot;bottom&quot;,&quot;end_element&quot;:&quot;bottom&quot;,&quot;end_viewport&quot;:&quot;top&quot;,&quot;mouse_effect&quot;:&quot;track&quot;,&quot;mouse_effect_direction&quot;:&quot;opposite&quot;,&quot;mouse_effect_speed&quot;:&quot;2&quot;,&quot;infinite_animation&quot;:&quot;float&quot;,&quot;infinite_animation_speed&quot;:&quot;2&quot;}]\" data-scroll-devices=\"small-visibility,medium-visibility,large-visibility\"><div class=\"fusion-column-wrapper fusion-column-has-shadow fusion-flex-justify-content-flex-start fusion-content-layout-column\"><div class=\"fusion-title title fusion-title-1 fusion-sep-none fusion-title-text fusion-title-size-three\"><h3 class=\"fusion-title-heading title-heading-left\" style=\"margin:0;text-transform:capitalize;\">Preguntas frecuentes<\/h3><\/div><div class=\"fusion-text fusion-text-2\" style=\"--awb-text-transform:capitalize;--awb-text-color:var(--awb-color1);\"><ul>\n<li><a href=\"https:\/\/www.kalkalaw.com\/es\/preguntas-frecuentes\/accidente-causado-por-un-neumatico-defectuoso\/\">Accidente causado por un neum\u00e1tico defectuoso<\/a><\/li>\n<li><a href=\"https:\/\/www.kalkalaw.com\/es\/otro-coche-se-desvio-hacia-mi-carril\/\">Otro coche se desvi\u00f3 hacia mi carril<\/a><\/li>\n<li><a href=\"https:\/\/www.kalkalaw.com\/es\/se-permite-a-los-motoristas-ir-de-lado-a-lado\/\">\u00bfSe permite a los motociclistas ir de lado a lado?<\/a><\/li>\n<li><a href=\"https:\/\/www.kalkalaw.com\/faq\/car-pedestrian-accident-where-i-suffered-leg-inj\/\">Accidente de coche-peat\u00f3n en el que sufr\u00ed lesiones en las piernas<\/a><\/li>\n<li><a href=\"https:\/\/www.kalkalaw.com\/es\/diferencia-entre-fractura-simple-y-fractura-compuesta\/\">\u00bfDiferencia entre fractura simple y fractura compuesta?<\/a><\/li>\n<li><a href=\"https:\/\/www.kalkalaw.com\/es\/dolor-de-espalda-tras-el-accidente\/\">Dolor de espalda tras el accidente<\/a><\/li>\n<li><a href=\"https:\/\/www.kalkalaw.com\/es\/golpear-un-bache-mientras-monto-en-bici\/\">Golpear un bache mientras monto en bici<\/a><\/li>\n<li><a href=\"https:\/\/www.kalkalaw.com\/es\/como-pueden-ayudarte-12-segundos-a-evitar-un-accidente\/\">\u00bfC\u00f3mo pueden ayudarte 12 segundos a evitar un accidente?<\/a><\/li>\n<li><a href=\"https:\/\/www.kalkalaw.com\/faq\/how-do-you-quantify-pain-and-suffering\/\">\u00bfC\u00f3mo se cuantifica el dolor y el sufrimiento?<\/a><\/li>\n<li><a href=\"https:\/\/www.kalkalaw.com\/es\/golpee-la-puerta-de-un-coche\/\">Golpe\u00e9 la puerta de un coche<\/a><\/li>\n<li><a href=\"https:\/\/www.kalkalaw.com\/es\/es-mas-peligroso-ir-en-grupo\/\">\u00bfEs m\u00e1s peligroso ir en grupo?<\/a><\/li>\n<li><a href=\"https:\/\/www.kalkalaw.com\/es\/preguntas-frecuentes\/mi-hermano-resulto-herido-en-un-accidente-de-trafico\/\">Mi hermano result\u00f3 herido en un accidente de tr\u00e1fico<\/a><\/li>\n<li><a href=\"https:\/\/www.kalkalaw.com\/es\/preguntas-frecuentes\/debo-ser-considerado-responsable-si-el-ciclista-se-salto-un-semaforo-en-rojo\/\">\u00bfDebo ser considerado responsable si el ciclista se salt\u00f3 un sem\u00e1foro en rojo?<\/a><\/li>\n<li><a href=\"https:\/\/www.kalkalaw.com\/es\/preguntas-frecuentes\/debo-interponer-una-demanda-tras-un-golpe-lateral\/\">\u00bfDebo interponer una demanda tras un golpe lateral?<\/a><\/li>\n<li><a href=\"https:\/\/www.kalkalaw.com\/es\/preguntas-frecuentes\/un-camionero-dice-que-le-corte-el-paso-y-me-choco-por-detras\/\">Un camionero dice que le cort\u00e9 el paso y me choc\u00f3 por detr\u00e1s<\/a><\/li>\n<li><a href=\"https:\/\/www.kalkalaw.com\/es\/preguntas-frecuentes\/cuales-son-las-lesiones-toracicas-mas-frecuentes-en-un-accidente-de-trafico\/\">\u00bfCu\u00e1les son las lesiones tor\u00e1cicas m\u00e1s frecuentes en un accidente de tr\u00e1fico?<\/a><\/li>\n<li><a href=\"https:\/\/www.kalkalaw.com\/es\/que-ocurre-cuando-un-accidente-de-coche-provoca-una-rotura-de-bazo\/\">\u00bfQu\u00e9 ocurre cuando un accidente de coche provoca una rotura de bazo?<\/a><\/li>\n<li><a href=\"https:\/\/www.kalkalaw.com\/es\/que-es-una-fractura-de-greenstick\/\">\u00bfQu\u00e9 es una fractura de Greenstick?<\/a><\/li>\n<li><a href=\"https:\/\/www.kalkalaw.com\/es\/que-hacer-si-tienes-un-accidente-en-un-aparcamiento\/\">Qu\u00e9 hacer si tienes un accidente en un aparcamiento<\/a><\/li>\n<li><a href=\"https:\/\/www.kalkalaw.com\/es\/quien-es-responsable-de-pagar-las-facturas-medicas-tras-un-atropello-con-fuga\/\">\u00bfQui\u00e9n es responsable de pagar las facturas m\u00e9dicas tras un atropello con fuga?<\/a><\/li>\n<li><a href=\"https:\/\/www.kalkalaw.com\/es\/por-que-me-han-denegado-la-solicitud\/\">\u00bfPor qu\u00e9 me han denegado la solicitud?<\/a><\/li>\n<\/ul>\n<\/div><\/div><\/div>\n<\/div><\/div>\n","protected":false},"excerpt":{"rendered":"","protected":false},"author":3,"featured_media":0,"parent":5974,"menu_order":0,"comment_status":"closed","ping_status":"closed","template":"","meta":{"footnotes":""},"class_list":["post-5970","page","type-page","status-publish","hentry"],"yoast_head":"<!-- This site is optimized with the Yoast SEO plugin v27.1.1 - https:\/\/yoast.com\/product\/yoast-seo-wordpress\/ -->\n<title>Accidente de peat\u00f3n con lesiones en las piernas<\/title>\n<meta name=\"description\" content=\"Si eres un peat\u00f3n atropellado por un coche, con lesiones graves en las piernas, llama hoy mismo a los abogados de lesiones personales de Atlanta de Kalka Law Group para una consulta gratuita.\" \/>\n<meta name=\"robots\" content=\"index, follow, max-snippet:-1, max-image-preview:large, max-video-preview:-1\" \/>\n<link rel=\"canonical\" href=\"https:\/\/www.kalkalaw.com\/es\/accidente-de-coche-peaton-en-el-que-sufri-lesiones-en-las-piernas\/\" \/>\n<meta property=\"og:locale\" content=\"es_ES\" \/>\n<meta property=\"og:type\" content=\"article\" \/>\n<meta property=\"og:title\" content=\"Accidente de peat\u00f3n con lesiones en las piernas\" \/>\n<meta property=\"og:description\" content=\"Si eres un peat\u00f3n atropellado por un coche, con lesiones graves en las piernas, llama hoy mismo a los abogados de lesiones personales de Atlanta de Kalka Law Group para una consulta gratuita.\" \/>\n<meta property=\"og:url\" content=\"https:\/\/www.kalkalaw.com\/es\/accidente-de-coche-peaton-en-el-que-sufri-lesiones-en-las-piernas\/\" \/>\n<meta property=\"og:site_name\" content=\"The Kalka Law Group - Personal Injury &amp; Car Accident Attorneys\" \/>\n<meta property=\"article:publisher\" content=\"https:\/\/www.facebook.com\/KalkaLawGroup\/\" \/>\n<meta property=\"article:modified_time\" content=\"2025-06-25T15:36:29+00:00\" \/>\n<meta name=\"twitter:card\" content=\"summary_large_image\" \/>\n<meta name=\"twitter:site\" content=\"@KalkaLawGroup\" \/>\n<meta name=\"twitter:label1\" content=\"Tiempo de lectura\" \/>\n\t<meta name=\"twitter:data1\" content=\"2 minutos\" \/>\n<!-- \/ Yoast SEO plugin. -->","yoast_head_json":{"title":"Accidente de peat\u00f3n con lesiones en las piernas","description":"Si eres un peat\u00f3n atropellado por un coche, con lesiones graves en las piernas, llama hoy mismo a los abogados de lesiones personales de Atlanta de Kalka Law Group para una consulta gratuita.","robots":{"index":"index","follow":"follow","max-snippet":"max-snippet:-1","max-image-preview":"max-image-preview:large","max-video-preview":"max-video-preview:-1"},"canonical":"https:\/\/www.kalkalaw.com\/es\/accidente-de-coche-peaton-en-el-que-sufri-lesiones-en-las-piernas\/","og_locale":"es_ES","og_type":"article","og_title":"Accidente de peat\u00f3n con lesiones en las piernas","og_description":"Si eres un peat\u00f3n atropellado por un coche, con lesiones graves en las piernas, llama hoy mismo a los abogados de lesiones personales de Atlanta de Kalka Law Group para una consulta gratuita.","og_url":"https:\/\/www.kalkalaw.com\/es\/accidente-de-coche-peaton-en-el-que-sufri-lesiones-en-las-piernas\/","og_site_name":"The Kalka Law Group - Personal Injury &amp; Car Accident Attorneys","article_publisher":"https:\/\/www.facebook.com\/KalkaLawGroup\/","article_modified_time":"2025-06-25T15:36:29+00:00","twitter_card":"summary_large_image","twitter_site":"@KalkaLawGroup","twitter_misc":{"Tiempo de lectura":"2 minutos"},"schema":{"@context":"https:\/\/schema.org","@graph":[{"@type":"WebPage","@id":"https:\/\/www.kalkalaw.com\/es\/accidente-de-coche-peaton-en-el-que-sufri-lesiones-en-las-piernas\/","url":"https:\/\/www.kalkalaw.com\/es\/accidente-de-coche-peaton-en-el-que-sufri-lesiones-en-las-piernas\/","name":"Accidente de peat\u00f3n con lesiones en las piernas","isPartOf":{"@id":"https:\/\/www.kalkalaw.com\/es\/#website"},"datePublished":"2023-11-01T02:07:17+00:00","dateModified":"2025-06-25T15:36:29+00:00","description":"Si eres un peat\u00f3n atropellado por un coche, con lesiones graves en las piernas, llama hoy mismo a los abogados de lesiones personales de Atlanta de Kalka Law Group para una consulta gratuita.","breadcrumb":{"@id":"https:\/\/www.kalkalaw.com\/es\/accidente-de-coche-peaton-en-el-que-sufri-lesiones-en-las-piernas\/#breadcrumb"},"inLanguage":"es","potentialAction":[{"@type":"ReadAction","target":["https:\/\/www.kalkalaw.com\/es\/accidente-de-coche-peaton-en-el-que-sufri-lesiones-en-las-piernas\/"]}]},{"@type":"BreadcrumbList","@id":"https:\/\/www.kalkalaw.com\/es\/accidente-de-coche-peaton-en-el-que-sufri-lesiones-en-las-piernas\/#breadcrumb","itemListElement":[{"@type":"ListItem","position":1,"name":"Home","item":"https:\/\/www.kalkalaw.com\/es\/"},{"@type":"ListItem","position":2,"name":"Accidente de coche-peat\u00f3n en el que sufr\u00ed lesiones en las piernas"}]},{"@type":"WebSite","@id":"https:\/\/www.kalkalaw.com\/es\/#website","url":"https:\/\/www.kalkalaw.com\/es\/","name":"The Kalka Law Group - Personal Injury & Car Accident Attorneys","description":"","publisher":{"@id":"https:\/\/www.kalkalaw.com\/es\/#organization"},"potentialAction":[{"@type":"SearchAction","target":{"@type":"EntryPoint","urlTemplate":"https:\/\/www.kalkalaw.com\/es\/?s={search_term_string}"},"query-input":{"@type":"PropertyValueSpecification","valueRequired":true,"valueName":"search_term_string"}}],"inLanguage":"es"},{"@type":"Organization","@id":"https:\/\/www.kalkalaw.com\/es\/#organization","name":"The Kalka Law Group - Personal Injury & Car Accident Attorneys","url":"https:\/\/www.kalkalaw.com\/es\/","logo":{"@type":"ImageObject","inLanguage":"es","@id":"https:\/\/www.kalkalaw.com\/es\/#\/schema\/logo\/image\/","url":"https:\/\/www.kalkalaw.com\/wp-content\/uploads\/2023\/10\/logo-navy.png","contentUrl":"https:\/\/www.kalkalaw.com\/wp-content\/uploads\/2023\/10\/logo-navy.png","width":1088,"height":364,"caption":"The Kalka Law Group - Personal Injury & Car Accident Attorneys"},"image":{"@id":"https:\/\/www.kalkalaw.com\/es\/#\/schema\/logo\/image\/"},"sameAs":["https:\/\/www.facebook.com\/KalkaLawGroup\/","https:\/\/x.com\/KalkaLawGroup","https:\/\/www.avvo.com\/attorneys\/30309-ga-anthony-kalka-479261.html","https:\/\/www.yelp.com\/biz\/the-kalka-law-group-marietta","https:\/\/www.linkedin.com\/company\/kalkalawgroup\/"]}]}},"_links":{"self":[{"href":"https:\/\/www.kalkalaw.com\/es\/wp-json\/wp\/v2\/pages\/5970","targetHints":{"allow":["GET"]}}],"collection":[{"href":"https:\/\/www.kalkalaw.com\/es\/wp-json\/wp\/v2\/pages"}],"about":[{"href":"https:\/\/www.kalkalaw.com\/es\/wp-json\/wp\/v2\/types\/page"}],"author":[{"embeddable":true,"href":"https:\/\/www.kalkalaw.com\/es\/wp-json\/wp\/v2\/users\/3"}],"replies":[{"embeddable":true,"href":"https:\/\/www.kalkalaw.com\/es\/wp-json\/wp\/v2\/comments?post=5970"}],"version-history":[{"count":0,"href":"https:\/\/www.kalkalaw.com\/es\/wp-json\/wp\/v2\/pages\/5970\/revisions"}],"up":[{"embeddable":true,"href":"https:\/\/www.kalkalaw.com\/es\/wp-json\/wp\/v2\/pages\/5974"}],"wp:attachment":[{"href":"https:\/\/www.kalkalaw.com\/es\/wp-json\/wp\/v2\/media?parent=5970"}],"curies":[{"name":"wp","href":"https:\/\/api.w.org\/{rel}","templated":true}]}}