{"id":6359,"date":"2026-01-05T10:32:19","date_gmt":"2026-01-05T15:32:19","guid":{"rendered":"https:\/\/www.kalkalaw.com\/servicios-de-abogados-de-lesiones-personales-cerca-de-garden-hills-ga-30305\/"},"modified":"2026-01-05T10:32:19","modified_gmt":"2026-01-05T15:32:19","slug":"servicios-de-abogados-de-lesiones-personales-cerca-de-garden-hills-ga-30305","status":"publish","type":"page","link":"https:\/\/www.kalkalaw.com\/es\/servicios-de-abogados-de-lesiones-personales-cerca-de-garden-hills-ga-30305\/","title":{"rendered":"Servicios de abogados de lesiones personales cerca de Garden Hills, GA 30305"},"content":{"rendered":"<p>Cuando la sala del tribunal te llama, necesitas algo m\u00e1s que un abogado: necesitas un campe\u00f3n definido por la integridad y el empuje demostrado. Nuestros abogados de lesiones personales de <a href=\"https:\/\/www.google.com\/search?kgmid=\/g\/11y86vnl2s\">Kalka Law Group<\/a> son ese campe\u00f3n. Nuestro compromiso est\u00e1 respaldado por credenciales excepcionales, incluida la calificaci\u00f3n 10.0 Superb de Avvo y el reconocimiento Super Lawyers\u00ae Rising Star del abogado Kalka. Con m\u00e1s de dos d\u00e9cadas de experiencia combinada, nos dedicamos a proporcionar una representaci\u00f3n poderosa y sobresaliente a las v\u00edctimas de todo Georgia. Elige a Kalka Law Group como tu mejor opci\u00f3n para obtener justicia.    <\/p>\n<h2>Acerca de Garden Hills, GA<\/h2>\n<p><a href=\"https:\/\/en.wikipedia.org\/wiki\/Garden_Hills,_Georgia\">Garden Hills, GA<\/a>, situado en el coraz\u00f3n de Buckhead, Atlanta, es un pintoresco e hist\u00f3rico barrio conocido por sus calles arboladas, sus elegantes casas y su fuerte sentido de comunidad. Desarrollada en la d\u00e9cada de 1920, esta zona combina el encanto cl\u00e1sico con la comodidad moderna, ofreciendo a sus residentes f\u00e1cil acceso a tiendas de lujo, restaurantes y lugares de ocio. El barrio gira en torno a la piscina y el centro recreativo de Garden Hills, un punto de encuentro local que contribuye a su atractivo familiar. Gracias a su proximidad a Peachtree Road, Lenox Square y el distrito financiero de Atlanta, Garden Hills ofrece un ambiente suburbano tranquilo, al tiempo que mantiene la vibrante vida urbana de Atlanta a pocos minutos de distancia.   <\/p>\n<h3>Puntos de inter\u00e9s cercanos a Garden Hills, GA<\/h3>\n<ul>\n<li><strong>Plaza Lenox:<\/strong> Uno de los principales destinos de compras de Atlanta, Lenox Square cuenta con tiendas de lujo como Louis Vuitton, Apple y Bloomingdale&#8217;s, adem\u00e1s de una amplia oferta gastron\u00f3mica.<\/li>\n<li><strong>Las Tiendas Buckhead de Atlanta:<\/strong> Un elegante distrito comercial al aire libre que ofrece marcas de dise\u00f1o, caf\u00e9s de moda y experiencias gastron\u00f3micas de primera.<\/li>\n<li><strong>Jard\u00edn Bot\u00e1nico de Atlanta:<\/strong> A poca distancia en coche, este impresionante destino ofrece jardines tem\u00e1ticos, paseos por las copas de los \u00e1rboles y eventos estacionales.<\/li>\n<\/ul>\n<h2>\u00bfPor qu\u00e9 elegir a Kalka Law Group?<\/h2>\n<p>En <a href=\"https:\/\/www.kalkalaw.com\/car-accident-lawyer-atlanta-ga-car-crash-injury-lawyer-near-me\/?utm_source=TRD&#038;utm_medium=organic&#038;utm_campaign=GBP_Main&#038;utm_content=GBP_Atlanta_TRD\">Kalka Law Group<\/a> comprendemos que cualquier lesi\u00f3n, leve o grave, puede afectar profundamente a tu vida, y nos comprometemos a trabajar a tu lado para reparar esos da\u00f1os. Con un legado basado en m\u00e1s de dos d\u00e9cadas de experiencia jur\u00eddica combinada, nuestro galardonado equipo de abogados, ambos con una calificaci\u00f3n 10.0 Superb de Avvo y reconocidos por prestigiosas publicaciones como U.S. News, est\u00e1 preparado para tratar cualquier caso de lesiones personales con una atenci\u00f3n personalizada y compasiva. Creemos que la representaci\u00f3n de calidad debe estar al alcance de todos, por lo que nos enorgullecemos de trabajar con honorarios condicionales, de modo que no pagues honorarios por adelantado. Tras haber conseguido millones de d\u00f3lares en indemnizaciones para clientes anteriores, trabajamos sin descanso para conseguir la mayor indemnizaci\u00f3n posible para ti. Te invitamos a ponerte en contacto con nosotros para una evaluaci\u00f3n gratuita y confidencial de tu caso, a fin de discutir tus opciones y descubrir c\u00f3mo podemos ayudarte a seguir adelante.    <\/p>\n<p>&nbsp;<\/p>\n<h2>C\u00f3mo llegar en coche desde Garden Hills, GA<\/h2>\n<p><iframe style=\"border: 0;\" src=\"https:\/\/www.google.com\/maps\/embed?pb=!1m28!1m12!1m3!1d26519.30927368919!2d-84.40048276853358!3d33.81454114408323!2m3!1f0!2f0!3f0!3m2!1i1024!2i768!4f13.1!4m13!3e0!4m5!1s0x88f50594aa092f71%3A0x4d180e60c42bc570!2sGarden%20Hills%2C%20Atlanta%2C%20GA!3m2!1d33.832816!2d-84.3778787!4m5!1s0x88f5053f2fcb4be1%3A0xd770d91366382bb7!2sThe%20Kalka%20Law%20Group%20-%20Personal%20Injury%20%26%20Car%20Accident%20Attorneys%2C%20Peachtree%20Street%20Northeast%2C%20Atlanta%2C%20GA!3m2!1d33.7942423!2d-84.3871411!5e0!3m2!1sen!2sus!4v1760727032313!5m2!1sen!2sus\" width=\"600\" height=\"450\" allowfullscreen=\"allowfullscreen\"><\/iframe><\/p>\n<h2>Abogado de accidentes de coche cerca de Garden Hills, GA<\/h2>\n<p>Mereces un escudo contra la negligencia ajena. La dura lucha legal tras un accidente de tr\u00e1fico es cosa nuestra, no tuya. Nuestro experimentado <a href=\"https:\/\/www.kalkalaw.com\/car-accident-lawyer-atlanta-ga-car-crash-injury-lawyer-near-me\/\"><strong>abogado de accidentes de tr\u00e1fico<\/strong><\/a> en The Kalka Law Group act\u00faa como tu defensor, asumiendo las complejidades de todas las reclamaciones, desde conductores de veh\u00edculos compartidos hasta accidentes de un solo veh\u00edculo en los que se te acus\u00f3 injustamente. Hacemos responsables a las partes negligentes. D\u00e9janos explorar tus opciones legales y conseguir la justicia que mereces.    <\/p>\n<h3>Clasificaciones de los distintos accidentes de tr\u00e1fico<\/h3>\n<p>Conf\u00eda en la fiabilidad inquebrantable acumulada durante d\u00e9cadas de experiencia jur\u00eddica colectiva. Nuestros abogados especializados en accidentes de tr\u00e1fico se han enfrentado con \u00e9xito a todos los tipos imaginables de accidentes de tr\u00e1fico y colisiones. Puedes confiar en nosotros para sacar el m\u00e1ximo partido estrat\u00e9gico a tu caso, aportando toda nuestra experiencia para garantizar que los detalles del accidente nunca comprometan tu derecho a una recuperaci\u00f3n total.  <\/p>\n<p>Inf\u00f3rmanos si has tenido un accidente en el que ha estado implicado un:<\/p>\n<ul>\n<li><strong>Colisi\u00f3n frontal<\/strong> &#8211; Las colisiones frontales se encuentran entre las colisiones m\u00e1s peligrosas, y suelen ocurrir en carreteras estrechas de dos carriles. Suelen ser el resultado del intento arriesgado de un conductor de adelantar a un veh\u00edculo m\u00e1s lento o de un volantazo de emergencia en direcci\u00f3n contraria, lo que provoca un impacto devastador. <\/li>\n<li><strong>Vuelco del veh\u00edculo<\/strong> &#8211; La anatom\u00eda de un accidente con vuelco es una p\u00e9rdida repentina de control. Estas colisiones suelen estar provocadas por veh\u00edculos que realizan giros bruscos a alta velocidad, y los SUV corren un riesgo superior a la media debido a su centro de gravedad m\u00e1s alto. Una colisi\u00f3n lateral tambi\u00e9n puede provocar un vuelco.  <\/li>\n<li>Colisi\u00f3n <strong>lateral<\/strong> &#8211; Una colisi\u00f3n \u00abT-Bone\u00bb o lateral es un choque peligroso que suele ocurrir durante un giro a la izquierda sin protecci\u00f3n. Los laterales de los veh\u00edculos ofrecen poca protecci\u00f3n, lo que puede provocar lesiones graves. <\/li>\n<li><strong>Colisi\u00f3n<\/strong> por alcance &#8211; Las colisiones por alcance suelen estar provocadas por conductores que siguen demasiado de cerca y no pueden frenar a tiempo cuando el veh\u00edculo que les precede se detiene.<\/li>\n<li><strong>Accidente<\/strong> de un solo veh\u00edculo &#8211; Un accidente sin un segundo coche se denomina accidente de un solo veh\u00edculo. En lugar de las acciones de otro conductor, estos accidentes suelen estar causados por factores externos, como un defecto del veh\u00edculo, el mal estado de la carretera o las inclemencias del tiempo. <\/li>\n<\/ul>\n<h2>Abogados de accidentes de bicicleta cerca de Garden Hills, GA<\/h2>\n<p>Si te ha lesionado una negligencia, tienes derecho a que se haga justicia conforme a la ley de Georgia. Nuestros <a href=\"https:\/\/www.kalkalaw.com\/bicycle-accident-lawyer-atlanta-georgia-bicycle-accident-attorney-near-me\/\"><strong>abogados de accidentes de bicicleta<\/strong><\/a> en The Kalka Law Group son expertos altamente reconocidos con una pr\u00e1ctica judicial galardonada. Somos defensores dedicados dispuestos a revisar tu caso y demostrarte c\u00f3mo nuestra experiencia garantiza un resultado satisfactorio. No esperes m\u00e1s: h\u00e1blanos de c\u00f3mo podemos defender tu recuperaci\u00f3n.   <\/p>\n<h2>Abogados de accidentes de autob\u00fas cerca de Garden Hills, GA<\/h2>\n<p>Creemos que toda v\u00edctima de un accidente de autob\u00fas tiene derecho a una indemnizaci\u00f3n. Nuestros <a href=\"https:\/\/www.kalkalaw.com\/bus-accident-lawyer-atlanta-georgia-bus-accident-attorney-near-me\/\"><strong>abogados de accidentes de autob\u00fas<\/strong><\/a> de Kalka Law Group son abogados dedicados con m\u00e1s de tres d\u00e9cadas de experiencia jur\u00eddica combinada, lo que garantiza que tu caso est\u00e1 en manos capaces y competentes. Protegemos los derechos de los lesionados, reconociendo que los accidentes de autob\u00fas suelen causar lesiones graves y debilitantes. Representamos a todas las partes afectadas, desde pasajeros a peatones y ocupantes de otros veh\u00edculos.   <\/p>\n<h2>Abogados de lesiones catastr\u00f3ficas cerca de Garden Hills, GA<\/h2>\n<p>Los traumatismos sostenidos, permanentes o desfigurantes crean graves problemas, y no debes afrontarlos solo. Los <a href=\"https:\/\/www.kalkalaw.com\/catastrophic-injury-lawyer-atlanta-georgia-serious-injury-lawyer-near-me\/\"><strong>abogados de lesiones catastr\u00f3ficas<\/strong><\/a> de Kalka Law Group comprenden la gravedad de tu situaci\u00f3n. Somos tus abogados, comprometidos a conseguir la cuantiosa indemnizaci\u00f3n que mereces. Nuestro objetivo es sencillo: eliminar la carga econ\u00f3mica para que puedas centrarte en curarte y reconstruir tu vida con confianza.   <\/p>\n<h2>Abogado de accidentes de construcci\u00f3n cerca de Garden Hills, GA<\/h2>\n<p>No te enfrentes solo a los peligros de la construcci\u00f3n. <a href=\"https:\/\/www.kalkalaw.com\/construction-accident-lawyer-atlanta-georgia-scaffolding-injury-lawyer-near-me\/\"><strong>La construcci\u00f3n<\/strong><\/a> sigue siendo una de las profesiones m\u00e1s peligrosas de Georgia, con graves accidentes a menudo derivados de problemas de responsabilidad de las instalaciones y del mal funcionamiento de los equipos. Kalka Law Group act\u00faa como tu escudo legal, aportando d\u00e9cadas de experiencia jur\u00eddica colectiva y un compromiso inquebrantable con la obtenci\u00f3n de justicia para las v\u00edctimas. Estamos aqu\u00ed para asegurarnos de que obtienes la justicia y la recuperaci\u00f3n econ\u00f3mica que mereces, responsabilizando a todos los casos de negligencia.   <\/p>\n<h2>Abogados de accidentes de moto cerca de Garden Hills, GA<\/h2>\n<p>Las lesiones injustas exigen una defensa poderosa. Nuestros galardonados <a href=\"https:\/\/www.kalkalaw.com\/motorcycle-accident-lawyer-atlanta-georgia-motorcycle-accident-attorney-near-me\/\"><strong>abogados de accidentes de motocicleta<\/strong><\/a> de The Kalka Law Group cuentan con la confianza de colegas y clientes de todo Georgia por una raz\u00f3n: nuestros abogados han sido nombrados Superabogados de Georgia y han recuperado millones de d\u00f3lares para v\u00edctimas de accidentes. Si t\u00fa o un ser querido hab\u00e9is sufrido da\u00f1os en un accidente de moto en el condado de Cobb o en Georgia, estamos aqu\u00ed para ayudarte a dar los siguientes pasos. Trabajamos con honorarios condicionales, por lo que no pagas nada a menos que consigamos la justicia y la indemnizaci\u00f3n que mereces.   <\/p>\n<h2>Abogados de Negligencia cerca de Garden Hills, GA<\/h2>\n<p>En Georgia <a href=\"https:\/\/www.kalkalaw.com\/general-negligence-lawyer-atlanta-georgia-negligence-lawyer-near-me\/\"><strong>negligencia<\/strong><\/a> es fundamentalmente un incumplimiento de la responsabilidad. Si sufres da\u00f1os debidos a la imprudencia de alguien -como un resbal\u00f3n grave y una ca\u00edda en un escal\u00f3n roto que no arreglaron-, la ley te permite exigirle responsabilidades. El \u00e9xito de una demanda depende de probar una estructura de cuatro partes: establecer un deber de diligencia, demostrar el incumplimiento posterior de ese deber, probar que el incumplimiento caus\u00f3 tus lesiones y cuantificar los da\u00f1os resultantes.  <\/p>\n<h2>Abogados de accidentes de Uber y Lyft cerca de Garden Hills, GA<\/h2>\n<p>Los detalles legales de un <strong><a href=\"https:\/\/www.kalkalaw.com\/rideshare-accident-lawyer-atlanta-georgia-uber-and-lyft-accident-lawyer-near-me\/\">accidente de coche compartido<\/a><\/strong> pueden ser complicados y requieren un verdadero experto. En Kalka Law Group, somos la autoridad en reclamaciones por accidentes de transporte compartido desde 2014. La comodidad de servicios como Uber y Lyft a menudo oculta un grave riesgo, pero si resultaste herido, nuestros abogados expertos en lesiones personales comprenden las leyes de Georgia y est\u00e1n preparados para llevar tu caso de principio a fin. Hemos tramitado con \u00e9xito numerosas demandas, incluido un caso notable en el que recuperamos m\u00e1s de medio mill\u00f3n de d\u00f3lares para nuestro cliente, asegur\u00e1ndonos de que obtengas la indemnizaci\u00f3n completa que mereces.   <\/p>\n<h3>Proteger tus derechos: Nuestras \u00c1reas de Pr\u00e1ctica<\/h3>\n<p>Tu protecci\u00f3n requiere una cobertura de espectro completo. Estamos especializados en una amplia gama de asuntos jur\u00eddicos, para garantizar tu protecci\u00f3n tras cualquier lesi\u00f3n. Nuestras \u00c1reas de Pr\u00e1ctica abarcan las demandas por lesiones personales m\u00e1s complejas, incluidas las lesiones de espalda y de m\u00e9dula espinal que alteran la vida y las lesiones cerebrales (TBI), hasta demandas especializadas como accidentes de ciclistas y peatones. Tambi\u00e9n nos enfrentamos a dif\u00edciles batallas contra las compa\u00f1\u00edas de seguros, incluidas las reclamaciones por mala fe y por motorista sin seguro.     <em><strong>No importa la lesi\u00f3n o la complejidad, nuestro bufete se compromete a ayudarte a encontrar justicia.<\/strong><\/em><\/p>\n<h2>Preguntas frecuentes<\/h2>\n<h3>\u00bfC\u00f3mo puedo presentar una demanda por da\u00f1os personales?<\/h3>\n<p>El primer paso m\u00e1s importante es contratar a un abogado con experiencia. A continuaci\u00f3n, tu abogado te guiar\u00e1 en la recopilaci\u00f3n de toda la documentaci\u00f3n necesaria para respaldar tus reclamaciones. Mientras t\u00fa te centras en tu recuperaci\u00f3n, tu equipo jur\u00eddico puede ocuparse de los complejos detalles, asegur\u00e1ndose de que el proceso se tramita correcta y eficazmente de principio a fin.  <\/p>\n<h3>\u00bfQu\u00e9 situaciones exigen presentar una demanda por da\u00f1os personales?<\/h3>\n<p>Si has sido v\u00edctima de una lesi\u00f3n grave por causas ajenas a tu voluntad, puedes presentar una demanda por lesiones personales para obtener una indemnizaci\u00f3n justa por tus p\u00e9rdidas. Esto podr\u00eda incluir la cobertura de gastos m\u00e9dicos, salarios perdidos y mucho m\u00e1s. Las situaciones habituales que dan lugar a estos casos son una colisi\u00f3n de autom\u00f3vil, un accidente de motocicleta, una negligencia m\u00e9dica o un accidente por resbal\u00f3n y ca\u00edda.  <\/p>\n<h3>\u00bfCu\u00e1nto vale mi caso?<\/h3>\n<p>El valor de tu caso de lesiones personales viene determinado por diversos factores, desde la gravedad de tu lesi\u00f3n hasta el tiempo total y el coste del tratamiento. Con un abogado de tu parte, sabr\u00e1s con conocimiento de causa cu\u00e1nto puede valer tu caso y podr\u00e1s buscar con confianza un acuerdo justo, en lugar de conformarte con la oferta inicial a la baja de la compa\u00f1\u00eda de seguros. <\/p>\n<p><strong>Si t\u00fa o un ser querido hab\u00e9is sufrido lesiones, tu primer paso hacia la justicia es sencillo. Ponte en contacto con nosotros <a href=\"https:\/\/www.kalkalaw.com\/es\/contacta-con-nosotros\/\">aqu\u00ed<\/a> o rellena el formulario para programar la consulta gratuita de tu caso con un abogado. <\/strong><\/p>\n<p>&nbsp;<\/p>\n<p>Tu viaje jur\u00eddico comienza con una llamada. Deja que te ayudemos buscando indemnizaci\u00f3n y justicia en tu nombre. Llama hoy al (404) 999-0745, o vis\u00edtanos en 1447 Peachtree St NE, Suite 550 Atlanta, GA 30309 para saber m\u00e1s sobre tus derechos despu\u00e9s de un accidente. Nuestro equipo puede ayudarte, est\u00e9s donde est\u00e9s en Georgia.   <\/p>\n<p>&nbsp;<\/p>\n","protected":false},"excerpt":{"rendered":"<p>Cuando la sala del tribunal te llama, necesitas algo m\u00e1s [&hellip;]<\/p>\n","protected":false},"author":4,"featured_media":0,"parent":0,"menu_order":0,"comment_status":"closed","ping_status":"closed","template":"","meta":{"footnotes":""},"class_list":["post-6359","page","type-page","status-publish","hentry"],"yoast_head":"<!-- This site is optimized with the Yoast SEO plugin v27.5 - https:\/\/yoast.com\/product\/yoast-seo-wordpress\/ -->\n<title>Servicios de abogados de lesiones personales cerca de Garden Hills, GA 30305<\/title>\n<meta name=\"robots\" content=\"index, follow, max-snippet:-1, max-image-preview:large, max-video-preview:-1\" \/>\n<link rel=\"canonical\" href=\"https:\/\/www.kalkalaw.com\/es\/servicios-de-abogados-de-lesiones-personales-cerca-de-garden-hills-ga-30305\/\" \/>\n<meta property=\"og:locale\" content=\"es_ES\" \/>\n<meta property=\"og:type\" content=\"article\" \/>\n<meta property=\"og:title\" content=\"Servicios de abogados de lesiones personales cerca de Garden Hills, GA 30305\" \/>\n<meta property=\"og:description\" content=\"Cuando la sala del tribunal te llama, necesitas algo m\u00e1s [&hellip;]\" \/>\n<meta property=\"og:url\" content=\"https:\/\/www.kalkalaw.com\/es\/servicios-de-abogados-de-lesiones-personales-cerca-de-garden-hills-ga-30305\/\" \/>\n<meta property=\"og:site_name\" content=\"The Kalka Law Group - Personal Injury &amp; Car Accident Attorneys\" \/>\n<meta property=\"article:publisher\" content=\"https:\/\/www.facebook.com\/KalkaLawGroup\/\" \/>\n<meta name=\"twitter:card\" content=\"summary_large_image\" \/>\n<meta name=\"twitter:site\" content=\"@KalkaLawGroup\" \/>\n<meta name=\"twitter:label1\" content=\"Tiempo de lectura\" \/>\n\t<meta name=\"twitter:data1\" content=\"11 minutos\" \/>\n<!-- \/ Yoast SEO plugin. -->","yoast_head_json":{"title":"Servicios de abogados de lesiones personales cerca de Garden Hills, GA 30305","robots":{"index":"index","follow":"follow","max-snippet":"max-snippet:-1","max-image-preview":"max-image-preview:large","max-video-preview":"max-video-preview:-1"},"canonical":"https:\/\/www.kalkalaw.com\/es\/servicios-de-abogados-de-lesiones-personales-cerca-de-garden-hills-ga-30305\/","og_locale":"es_ES","og_type":"article","og_title":"Servicios de abogados de lesiones personales cerca de Garden Hills, GA 30305","og_description":"Cuando la sala del tribunal te llama, necesitas algo m\u00e1s [&hellip;]","og_url":"https:\/\/www.kalkalaw.com\/es\/servicios-de-abogados-de-lesiones-personales-cerca-de-garden-hills-ga-30305\/","og_site_name":"The Kalka Law Group - Personal Injury &amp; Car Accident Attorneys","article_publisher":"https:\/\/www.facebook.com\/KalkaLawGroup\/","twitter_card":"summary_large_image","twitter_site":"@KalkaLawGroup","twitter_misc":{"Tiempo de lectura":"11 minutos"},"schema":{"@context":"https:\/\/schema.org","@graph":[{"@type":"WebPage","@id":"https:\/\/www.kalkalaw.com\/es\/servicios-de-abogados-de-lesiones-personales-cerca-de-garden-hills-ga-30305\/","url":"https:\/\/www.kalkalaw.com\/es\/servicios-de-abogados-de-lesiones-personales-cerca-de-garden-hills-ga-30305\/","name":"Servicios de abogados de lesiones personales cerca de Garden Hills, GA 30305","isPartOf":{"@id":"https:\/\/www.kalkalaw.com\/es\/#website"},"datePublished":"2026-01-05T15:32:19+00:00","breadcrumb":{"@id":"https:\/\/www.kalkalaw.com\/es\/servicios-de-abogados-de-lesiones-personales-cerca-de-garden-hills-ga-30305\/#breadcrumb"},"inLanguage":"es","potentialAction":[{"@type":"ReadAction","target":["https:\/\/www.kalkalaw.com\/es\/servicios-de-abogados-de-lesiones-personales-cerca-de-garden-hills-ga-30305\/"]}]},{"@type":"BreadcrumbList","@id":"https:\/\/www.kalkalaw.com\/es\/servicios-de-abogados-de-lesiones-personales-cerca-de-garden-hills-ga-30305\/#breadcrumb","itemListElement":[{"@type":"ListItem","position":1,"name":"Home","item":"https:\/\/www.kalkalaw.com\/es\/"},{"@type":"ListItem","position":2,"name":"Servicios de abogados de lesiones personales cerca de Garden Hills, GA 30305"}]},{"@type":"WebSite","@id":"https:\/\/www.kalkalaw.com\/es\/#website","url":"https:\/\/www.kalkalaw.com\/es\/","name":"The Kalka Law Group - Personal Injury & Car Accident Attorneys","description":"","publisher":{"@id":"https:\/\/www.kalkalaw.com\/es\/#organization"},"potentialAction":[{"@type":"SearchAction","target":{"@type":"EntryPoint","urlTemplate":"https:\/\/www.kalkalaw.com\/es\/?s={search_term_string}"},"query-input":{"@type":"PropertyValueSpecification","valueRequired":true,"valueName":"search_term_string"}}],"inLanguage":"es"},{"@type":"Organization","@id":"https:\/\/www.kalkalaw.com\/es\/#organization","name":"The Kalka Law Group - Personal Injury & Car Accident Attorneys","url":"https:\/\/www.kalkalaw.com\/es\/","logo":{"@type":"ImageObject","inLanguage":"es","@id":"https:\/\/www.kalkalaw.com\/es\/#\/schema\/logo\/image\/","url":"https:\/\/www.kalkalaw.com\/wp-content\/uploads\/2023\/10\/logo-navy.png","contentUrl":"https:\/\/www.kalkalaw.com\/wp-content\/uploads\/2023\/10\/logo-navy.png","width":1088,"height":364,"caption":"The Kalka Law Group - Personal Injury & Car Accident Attorneys"},"image":{"@id":"https:\/\/www.kalkalaw.com\/es\/#\/schema\/logo\/image\/"},"sameAs":["https:\/\/www.facebook.com\/KalkaLawGroup\/","https:\/\/x.com\/KalkaLawGroup","https:\/\/www.avvo.com\/attorneys\/30309-ga-anthony-kalka-479261.html","https:\/\/www.yelp.com\/biz\/the-kalka-law-group-marietta","https:\/\/www.linkedin.com\/company\/kalkalawgroup\/"]}]}},"_links":{"self":[{"href":"https:\/\/www.kalkalaw.com\/es\/wp-json\/wp\/v2\/pages\/6359","targetHints":{"allow":["GET"]}}],"collection":[{"href":"https:\/\/www.kalkalaw.com\/es\/wp-json\/wp\/v2\/pages"}],"about":[{"href":"https:\/\/www.kalkalaw.com\/es\/wp-json\/wp\/v2\/types\/page"}],"author":[{"embeddable":true,"href":"https:\/\/www.kalkalaw.com\/es\/wp-json\/wp\/v2\/users\/4"}],"replies":[{"embeddable":true,"href":"https:\/\/www.kalkalaw.com\/es\/wp-json\/wp\/v2\/comments?post=6359"}],"version-history":[{"count":0,"href":"https:\/\/www.kalkalaw.com\/es\/wp-json\/wp\/v2\/pages\/6359\/revisions"}],"wp:attachment":[{"href":"https:\/\/www.kalkalaw.com\/es\/wp-json\/wp\/v2\/media?parent=6359"}],"curies":[{"name":"wp","href":"https:\/\/api.w.org\/{rel}","templated":true}]}}