{"id":6360,"date":"2026-01-05T10:29:47","date_gmt":"2026-01-05T15:29:47","guid":{"rendered":"https:\/\/www.kalkalaw.com\/servicios-de-abogados-de-lesiones-personales-cerca-de-gunter-estates-ga-30043\/"},"modified":"2026-01-05T10:29:47","modified_gmt":"2026-01-05T15:29:47","slug":"servicios-de-abogados-de-lesiones-personales-cerca-de-gunter-estates-ga-30043","status":"publish","type":"page","link":"https:\/\/www.kalkalaw.com\/es\/servicios-de-abogados-de-lesiones-personales-cerca-de-gunter-estates-ga-30043\/","title":{"rendered":"Servicios de abogados de lesiones personales cerca de Gunter Estates, GA 30043"},"content":{"rendered":"<p>Cuando llega la crisis, d\u00e9janos navegar. <a href=\"https:\/\/www.google.com\/search?kgmid=\/g\/11fktr_x_z\">Kalka Law Group<\/a> es tu gu\u00eda de confianza y experto en todo Georgia, especializado en el dominio de casos complejos tras lesiones graves o muerte por negligencia. Respaldados por m\u00e1s de 30 a\u00f1os de experiencia combinada, nuestros abogados se centran sin descanso en ayudar a las v\u00edctimas de accidentes de tr\u00e1fico complejos, responsabilidad de las instalaciones y lesiones catastr\u00f3ficas. Estamos comprometidos con la pr\u00e1ctica \u00e9tica y el servicio al cliente, asegurando los resultados que mereces. Llama hoy para una consulta gratuita y deja que tracemos tu camino hacia la justicia.   <\/p>\n<h2>Acerca de Gunter Estates, GA<\/h2>\n<p><a href=\"https:\/\/en.wikipedia.org\/wiki\/Lawrenceville,_Georgia\">Gunter Estates, GA<\/a>, es una tranquila comunidad suburbana que ofrece un equilibrio perfecto entre comodidad, encanto y accesibilidad. Enclavado en una pintoresca zona del estado, el barrio es conocido por sus calles arboladas, sus casas bien mantenidas y un ambiente acogedor que atrae tanto a familias como a profesionales. Los residentes disfrutan de la proximidad a parques locales, escuelas de calidad y una amplia gama de opciones comerciales y gastron\u00f3micas, lo que lo convierte en un lugar ideal para establecerse sin dejar de estar conectado con las comodidades urbanas cercanas. Con su mezcla de tranquilidad y f\u00e1cil acceso a las ciudades circundantes, Gunter Estates ofrece un estilo de vida sereno pero vibrante en un pintoresco entorno de Georgia.   <\/p>\n<h3>Puntos de inter\u00e9s cercanos a Gunter Estates, GA<\/h3>\n<ul>\n<li><strong>Centro Comercial Gwinnett Place:<\/strong> Un importante destino de compras en la cercana Duluth, con una gran variedad de tiendas, restaurantes y opciones de ocio para toda la familia.<\/li>\n<li><strong>Sugarloaf Mills:<\/strong> Un gran centro comercial outlet que ofrece marcas con descuento, restaurantes y un cine para pasar un d\u00eda completo de entretenimiento.<\/li>\n<li><strong>El casco antiguo de Duluth:<\/strong> Una encantadora zona hist\u00f3rica del centro de la ciudad con tiendas boutique, restaurantes locales y eventos estacionales como festivales y mercados de agricultores.<\/li>\n<\/ul>\n<h2>\u00bfPor qu\u00e9 elegir a Kalka Law Group?<\/h2>\n<p>En <a href=\"https:\/\/www.kalkalaw.com\/lawrenceville-georgia-car-accident-lawyer-personal-injury-attorney-near-you\/?utm_source=TRD&#038;utm_medium=organic&#038;utm_campaign=GBP_Main&#038;utm_content=GBP_Lawrenceville_TRD\">The Kalka Law Group<\/a>, entendemos que cualquier lesi\u00f3n -de menor a mayor- puede afectar profundamente a tu vida, y nos comprometemos a trabajar a tu lado para reparar esos da\u00f1os. Con un legado basado en m\u00e1s de dos d\u00e9cadas de experiencia jur\u00eddica combinada, nuestro galardonado equipo de abogados, ambos con una calificaci\u00f3n 10.0 Superb de Avvo y reconocidos por prestigiosas publicaciones como U.S. News, est\u00e1 preparado para tratar cualquier caso de lesiones personales con una atenci\u00f3n personalizada y compasiva. Creemos que la representaci\u00f3n de calidad debe estar al alcance de todos, por lo que nos enorgullecemos de trabajar con honorarios condicionales, para que no tengas que pagar nada por adelantado. Tras haber conseguido millones de d\u00f3lares en indemnizaciones para clientes anteriores, trabajamos sin descanso para conseguir la mayor indemnizaci\u00f3n posible para ti. Te invitamos a ponerte en contacto con nosotros para una evaluaci\u00f3n gratuita y confidencial de tu caso, a fin de discutir tus opciones y descubrir c\u00f3mo podemos ayudarte a seguir adelante.    <\/p>\n<p>&nbsp;<\/p>\n<h2>C\u00f3mo llegar desde Gunter Estates, GA<\/h2>\n<p><iframe style=\"border: 0;\" src=\"https:\/\/www.google.com\/maps\/embed?pb=!1m28!1m12!1m3!1d26468.258371419568!2d-84.00052961819196!3d33.978858921428866!2m3!1f0!2f0!3f0!3m2!1i1024!2i768!4f13.1!4m13!3e0!4m5!1s0x88f5bfda7592ef53%3A0x8ab3c45cd3910071!2sGunter%20Estates%2C%20Lawrenceville%2C%20GA!3m2!1d33.998159!2d-83.9637936!4m5!1s0x88f5bfa9165759f3%3A0xcf3af1b281123d82!2sThe%20Kalka%20Law%20Group%20-%20Lawrenceville%2C%20South%20Clayton%20Street%2C%20Lawrenceville%2C%20GA!3m2!1d33.9556732!2d-83.988418!5e0!3m2!1sen!2sus!4v1760728188113!5m2!1sen!2sus\" width=\"600\" height=\"450\" allowfullscreen=\"allowfullscreen\"><\/iframe><\/p>\n<h2>Abogado de accidentes de coche cerca de Gunter Estates, GA<\/h2>\n<p>Un accidente de coche parece una batalla, pero tienes un campe\u00f3n dispuesto a luchar. Kalka Law Group se asegura de que nunca cargues con el peso de la negligencia. Nuestro experimentado <a href=\"https:\/\/www.kalkalaw.com\/lawrenceville-georgia-car-accident-lawyer-personal-injury-attorney-near-you\/\"><strong>abogado de accidentes de tr\u00e1fico<\/strong><\/a> est\u00e1 especializado en todo tipo de reclamaciones, incluidos casos complejos contra conductores de Uber\/Lyft y confusos accidentes de un solo veh\u00edculo. D\u00e9janos guiarte a trav\u00e9s de tus opciones legales y asegurarte la justicia que mereces.   <\/p>\n<h3>Clasificaciones de los distintos accidentes de tr\u00e1fico<\/h3>\n<p>Conf\u00eda en nuestra probada capacidad para manejar cualquier asunto. Nuestros abogados de accidentes de tr\u00e1fico aportan d\u00e9cadas de experiencia jur\u00eddica colectiva, gestionando con \u00e9xito todo el espectro de accidentes de tr\u00e1fico y colisiones. Puedes confiar en nosotros para atravesar la complejidad de tu caso y sacar el m\u00e1ximo partido a tu recuperaci\u00f3n, independientemente de las circunstancias \u00fanicas del accidente en s\u00ed.  <\/p>\n<p>Inf\u00f3rmanos si has tenido un accidente en el que ha estado implicado un:<\/p>\n<ul>\n<li><strong>Colisi\u00f3n frontal<\/strong> &#8211; Las colisiones frontales se encuentran entre las colisiones m\u00e1s peligrosas, y suelen ocurrir en carreteras estrechas de dos carriles. Suelen ser el resultado del intento arriesgado de un conductor de adelantar a un veh\u00edculo m\u00e1s lento o de un volantazo de emergencia en direcci\u00f3n contraria, lo que provoca un impacto devastador. <\/li>\n<li><strong>Vuelco del veh\u00edculo<\/strong> &#8211; La anatom\u00eda de un accidente con vuelco es una p\u00e9rdida repentina de control. Estas colisiones suelen estar causadas por veh\u00edculos que realizan giros bruscos a alta velocidad, y los SUV corren un riesgo superior a la media debido a su centro de gravedad m\u00e1s alto. Una colisi\u00f3n lateral tambi\u00e9n puede provocar un vuelco.  <\/li>\n<li>Colisi\u00f3n <strong>lateral<\/strong> &#8211; Una colisi\u00f3n \u00abT-Bone\u00bb o lateral es un choque peligroso que suele ocurrir durante un giro a la izquierda sin protecci\u00f3n. Los laterales de los veh\u00edculos ofrecen poca protecci\u00f3n, lo que puede provocar lesiones graves. <\/li>\n<li><strong>Colisi\u00f3n<\/strong> por alcance &#8211; Las colisiones por alcance suelen estar provocadas por conductores que siguen demasiado de cerca y no pueden frenar a tiempo cuando el veh\u00edculo que les precede se detiene.<\/li>\n<li><strong>Accidente<\/strong> de un solo veh\u00edculo &#8211; Un accidente sin un segundo coche se denomina accidente de un solo veh\u00edculo. En lugar de las acciones de otro conductor, estos accidentes suelen estar causados por factores externos, como un defecto del veh\u00edculo, el mal estado de la carretera o las inclemencias del tiempo. <\/li>\n<\/ul>\n<h2>Abogados de accidentes de bicicleta cerca de Gunter Estates, GA<\/h2>\n<p>Cuando un accidente provoca lesiones graves -desde rozaduras y fracturas hasta conmociones cerebrales y lesiones de la m\u00e9dula espinal-, es esencial asegurarse una futura indemnizaci\u00f3n. Los ciclistas se enfrentan a una vulnerabilidad \u00fanica, y estas lesiones que alteran la vida suelen provocar da\u00f1os permanentes y gastos abrumadores. Contrata a un <a href=\"https:\/\/www.kalkalaw.com\/lawrenceville-bicycle-accident-attorney-near-you\/\"><strong>abogado de lesiones personales<\/strong><\/a> que pueda luchar agresiva y eficazmente por la indemnizaci\u00f3n pasada, presente y futura que mereces, asegur\u00e1ndose de que nunca tengas que cargar con la factura de los gastos relacionados con tus lesiones.  <\/p>\n<h2>Abogados de accidentes de autob\u00fas cerca de Gunter Estates, GA<\/h2>\n<p>Debido a su inmenso tama\u00f1o e impulso, las colisiones de autobuses tienen casi garantizado el resultado de lesiones graves. Cuando sufres lesiones en un accidente de autob\u00fas, el seguro de la parte responsable debe cubrir los gastos. Nuestros <a href=\"https:\/\/www.kalkalaw.com\/bus-accident-lawyer-lawrenceville-ga-personal-injury-lawyer-near-me\/\"><strong>abogados de accidentes de autob\u00fas<\/strong><\/a> tienen un historial de \u00e9xito probado, que incluye la consecuci\u00f3n de un <em> acuerdo de 2.250.000 d\u00f3lares para un cliente con hernia discal<\/em>. Estamos aqu\u00ed para asegurarnos de que obtienes la indemnizaci\u00f3n que mereces, utilizando nuestra profunda experiencia en la tramitaci\u00f3n de demandas de <em>hasta 3.275.000 $<\/em>.   <\/p>\n<h2>Abogados de accidentes de DUI cerca de Gunter Estates, GA<\/h2>\n<p>Conf\u00eda en el equipo que restablece el orden despu\u00e9s del caos. Los experimentados <a href=\"https:\/\/www.kalkalaw.com\/lawrenceville-drunk-driving-dui-accident-attorney-near-me\/\"><strong>abogados de accidentes de DUI<\/strong><\/a> de Kalka Law Group, que trabajan en la zona de Gunter Estates, GA, son tus poderosos defensores. Con m\u00e1s de tres d\u00e9cadas de experiencia combinada, gestionamos toda la complejidad de tu caso, desde la tramitaci\u00f3n de las reclamaciones al seguro hasta la supervisi\u00f3n de los procedimientos penales. Nuestro objetivo principal es asegurarnos de que recibes una atenci\u00f3n de la m\u00e1xima calidad, al tiempo que se cumplen plenamente las responsabilidades financieras y legales de la parte negligente.   <\/p>\n<h2>Abogados de resbalones y ca\u00eddas cerca de Gunter Estates, GA<\/h2>\n<p>Tu caso exige la mayor indemnizaci\u00f3n posible despu\u00e9s de que un resbal\u00f3n y ca\u00edda causados por la negligencia de un propietario provoquen lesiones graves, como fracturas \u00f3seas o traumatismos catastr\u00f3ficos de la m\u00e9dula espinal. Nuestros experimentados <a href=\"https:\/\/www.kalkalaw.com\/lawrenceville-slip-and-fall-lawyer-near-you\/\"><strong>abogados de lesiones personales<\/strong><\/a> de Kalka Law Group cuentan con m\u00e1s de 30 a\u00f1os de experiencia en la lucha contra las grandes aseguradoras. Investigaremos meticulosamente cada detalle para exigir responsabilidades a las partes culpables. Ponte en contacto con nosotros hoy mismo y deja que te ayudemos a conseguir la justicia que mereces.   <\/p>\n<h2>Abogados de accidentes de moto cerca de Gunter Estates, GA<\/h2>\n<p>Los motociclistas se enfrentan a retos \u00fanicos y merecen una defensa especializada cuando resultan lesionados por conductores negligentes. Si t\u00fa o un ser querido hab\u00e9is resultado heridos en un accidente de moto en el condado de Cobb o en cualquier lugar de Georgia, nuestros galardonados <a href=\"https:\/\/www.kalkalaw.com\/es\/abogado-de-accidente-de-motocicleta-en-lawrenceville-ga\/\"><strong>abogados de accidentes de moto<\/strong><\/a> de Kalka Law Group est\u00e1n aqu\u00ed para ayudarte. Nuestros abogados de confianza han sido nombrados Superabogados de Georgia, han recuperado millones de d\u00f3lares para las v\u00edctimas de accidentes y trabajamos con honorarios condicionales. Luchamos sin descanso por la justicia y la indemnizaci\u00f3n que mereces.   <\/p>\n<h2>Abogados de accidentes de Uber y Lyft cerca de Gunter Estates, GA<\/h2>\n<p>Los accidentes de Uber y Lyft plantean graves riesgos que exigen una acci\u00f3n legal inmediata. Para proteger tus derechos y obtener la indemnizaci\u00f3n que mereces, contrata a un experimentado <a href=\"https:\/\/www.kalkalaw.com\/lawrenceville-uber-lyft-accident-lawyer-near-you\/\"><strong>abogado experto en accidentes<\/strong><\/a> es absolutamente fundamental. Kalka Law Group ha sido la autoridad en estas complejas demandas desde 2014, con un historial probado que incluye la recuperaci\u00f3n de m\u00e1s de medio mill\u00f3n de d\u00f3lares para un solo cliente. No te demores: consigue ahora mismo nuestra representaci\u00f3n experta.   <\/p>\n<h2>Abogados de muerte por negligencia cerca de Gunter Estates, GA<\/h2>\n<p>M\u00e1s all\u00e1 de la carga emocional del duelo, una p\u00e9rdida tr\u00e1gica crea un derecho a la justicia que requiere una recuperaci\u00f3n econ\u00f3mica. Nuestros <a href=\"https:\/\/www.kalkalaw.com\/lawrenceville-wrongful-death-lawyer-near-you\/\"><strong>abogados de homicidio culposo<\/strong><\/a> se dedican a hacer que la parte responsable responda de sus actos. La indemnizaci\u00f3n cubre los gastos inmediatos, como los funerarios y de entierro, pero tambi\u00e9n la devastadora p\u00e9rdida de ingresos futuros y de compa\u00f1\u00eda o consorcio. Este reconocimiento econ\u00f3mico ayuda a las familias a superar las dif\u00edciles secuelas de un accidente con lesiones personales.   <\/p>\n<h3>Proteger tus derechos: Nuestras \u00c1reas de Pr\u00e1ctica<\/h3>\n<p>Estamos especializados en una amplia gama de asuntos jur\u00eddicos para protegerte tras una lesi\u00f3n. Nuestras \u00e1reas de pr\u00e1ctica abarcan desde complejas demandas por lesiones personales, como lesiones de espalda y de m\u00e9dula espinal y lesiones cerebrales (TBI), hasta casos m\u00e1s espec\u00edficos, como accidentes de ciclistas y peatones. Tambi\u00e9n nos ocupamos de dif\u00edciles batallas legales contra las compa\u00f1\u00edas de seguros, incluidas las demandas de mala fe de los abogados de seguros y las de motoristas sin seguro.    <em><strong>No importa el tipo de accidente o lesi\u00f3n, nuestro bufete se compromete a ayudarte a encontrar justicia.<\/strong><\/em><\/p>\n<h2>Preguntas frecuentes<\/h2>\n<h3>\u00bfC\u00f3mo puedo presentar una demanda por da\u00f1os personales?<\/h3>\n<p>El primer paso m\u00e1s importante es contratar a un abogado con experiencia. A continuaci\u00f3n, tu abogado te guiar\u00e1 en la recopilaci\u00f3n de toda la documentaci\u00f3n necesaria para respaldar tus reclamaciones. Mientras t\u00fa te centras en tu recuperaci\u00f3n, tu equipo jur\u00eddico puede ocuparse de los complejos detalles, asegur\u00e1ndose de que el proceso se tramita correcta y eficazmente de principio a fin.  <\/p>\n<h3>\u00bfQu\u00e9 situaciones exigen presentar una demanda por da\u00f1os personales?<\/h3>\n<p>Si has sido v\u00edctima de una lesi\u00f3n grave por causas ajenas a tu voluntad, puedes presentar una demanda por lesiones personales para obtener una indemnizaci\u00f3n justa por tus p\u00e9rdidas. Esto podr\u00eda incluir la cobertura de gastos m\u00e9dicos, salarios perdidos y mucho m\u00e1s. Las situaciones habituales que dan lugar a estos casos son una colisi\u00f3n de autom\u00f3vil, un accidente de motocicleta, una negligencia m\u00e9dica o un accidente por resbal\u00f3n y ca\u00edda.  <\/p>\n<h3>\u00bfCu\u00e1nto vale mi caso?<\/h3>\n<p>El valor de tu caso de lesiones personales viene determinado por diversos factores, desde la gravedad de tu lesi\u00f3n hasta el tiempo total y el coste del tratamiento. Con un abogado de tu parte, sabr\u00e1s con conocimiento de causa cu\u00e1nto puede valer tu caso y podr\u00e1s buscar con confianza un acuerdo justo, en lugar de conformarte con la oferta inicial a la baja de la compa\u00f1\u00eda de seguros. <\/p>\n<p><strong>Si t\u00fa o un ser querido hab\u00e9is sufrido lesiones, tu primer paso hacia la justicia es sencillo. Ponte en contacto con nosotros <a href=\"https:\/\/www.kalkalaw.com\/es\/contacta-con-nosotros\/\">aqu\u00ed<\/a> o rellena el formulario para programar la consulta gratuita de tu caso con un abogado. <\/strong><\/p>\n<p>&nbsp;<\/p>\n<p>Tu periplo jur\u00eddico comienza con una llamada. Deja que te ayudemos buscando indemnizaci\u00f3n y justicia en tu nombre. Llama hoy al (470) 266-3363, o vis\u00edtanos en el 148 S Clayton St., Suite A Lawrenceville, GA 30046 para saber m\u00e1s sobre tus derechos despu\u00e9s de un accidente. Nuestro equipo puede ayudarte, est\u00e9s donde est\u00e9s en Georgia.<\/p>\n<p>&nbsp;<\/p>\n","protected":false},"excerpt":{"rendered":"<p>Cuando llega la crisis, d\u00e9janos navegar. Kalka Law Group es [&hellip;]<\/p>\n","protected":false},"author":4,"featured_media":0,"parent":0,"menu_order":0,"comment_status":"closed","ping_status":"closed","template":"","meta":{"footnotes":""},"class_list":["post-6360","page","type-page","status-publish","hentry"],"yoast_head":"<!-- This site is optimized with the Yoast SEO plugin v27.1.1 - https:\/\/yoast.com\/product\/yoast-seo-wordpress\/ -->\n<title>Servicios de abogados de lesiones personales cerca de Gunter Estates, GA 30043<\/title>\n<meta name=\"robots\" content=\"index, follow, max-snippet:-1, max-image-preview:large, max-video-preview:-1\" \/>\n<link rel=\"canonical\" href=\"https:\/\/www.kalkalaw.com\/es\/servicios-de-abogados-de-lesiones-personales-cerca-de-gunter-estates-ga-30043\/\" \/>\n<meta property=\"og:locale\" content=\"es_ES\" \/>\n<meta property=\"og:type\" content=\"article\" \/>\n<meta property=\"og:title\" content=\"Servicios de abogados de lesiones personales cerca de Gunter Estates, GA 30043\" \/>\n<meta property=\"og:description\" content=\"Cuando llega la crisis, d\u00e9janos navegar. Kalka Law Group es [&hellip;]\" \/>\n<meta property=\"og:url\" content=\"https:\/\/www.kalkalaw.com\/es\/servicios-de-abogados-de-lesiones-personales-cerca-de-gunter-estates-ga-30043\/\" \/>\n<meta property=\"og:site_name\" content=\"The Kalka Law Group - Personal Injury &amp; Car Accident Attorneys\" \/>\n<meta property=\"article:publisher\" content=\"https:\/\/www.facebook.com\/KalkaLawGroup\/\" \/>\n<meta name=\"twitter:card\" content=\"summary_large_image\" \/>\n<meta name=\"twitter:site\" content=\"@KalkaLawGroup\" \/>\n<meta name=\"twitter:label1\" content=\"Tiempo de lectura\" \/>\n\t<meta name=\"twitter:data1\" content=\"11 minutos\" \/>\n<!-- \/ Yoast SEO plugin. -->","yoast_head_json":{"title":"Servicios de abogados de lesiones personales cerca de Gunter Estates, GA 30043","robots":{"index":"index","follow":"follow","max-snippet":"max-snippet:-1","max-image-preview":"max-image-preview:large","max-video-preview":"max-video-preview:-1"},"canonical":"https:\/\/www.kalkalaw.com\/es\/servicios-de-abogados-de-lesiones-personales-cerca-de-gunter-estates-ga-30043\/","og_locale":"es_ES","og_type":"article","og_title":"Servicios de abogados de lesiones personales cerca de Gunter Estates, GA 30043","og_description":"Cuando llega la crisis, d\u00e9janos navegar. Kalka Law Group es [&hellip;]","og_url":"https:\/\/www.kalkalaw.com\/es\/servicios-de-abogados-de-lesiones-personales-cerca-de-gunter-estates-ga-30043\/","og_site_name":"The Kalka Law Group - Personal Injury &amp; Car Accident Attorneys","article_publisher":"https:\/\/www.facebook.com\/KalkaLawGroup\/","twitter_card":"summary_large_image","twitter_site":"@KalkaLawGroup","twitter_misc":{"Tiempo de lectura":"11 minutos"},"schema":{"@context":"https:\/\/schema.org","@graph":[{"@type":"WebPage","@id":"https:\/\/www.kalkalaw.com\/es\/servicios-de-abogados-de-lesiones-personales-cerca-de-gunter-estates-ga-30043\/","url":"https:\/\/www.kalkalaw.com\/es\/servicios-de-abogados-de-lesiones-personales-cerca-de-gunter-estates-ga-30043\/","name":"Servicios de abogados de lesiones personales cerca de Gunter Estates, GA 30043","isPartOf":{"@id":"https:\/\/www.kalkalaw.com\/es\/#website"},"datePublished":"2026-01-05T15:29:47+00:00","breadcrumb":{"@id":"https:\/\/www.kalkalaw.com\/es\/servicios-de-abogados-de-lesiones-personales-cerca-de-gunter-estates-ga-30043\/#breadcrumb"},"inLanguage":"es","potentialAction":[{"@type":"ReadAction","target":["https:\/\/www.kalkalaw.com\/es\/servicios-de-abogados-de-lesiones-personales-cerca-de-gunter-estates-ga-30043\/"]}]},{"@type":"BreadcrumbList","@id":"https:\/\/www.kalkalaw.com\/es\/servicios-de-abogados-de-lesiones-personales-cerca-de-gunter-estates-ga-30043\/#breadcrumb","itemListElement":[{"@type":"ListItem","position":1,"name":"Home","item":"https:\/\/www.kalkalaw.com\/es\/"},{"@type":"ListItem","position":2,"name":"Servicios de abogados de lesiones personales cerca de Gunter Estates, GA 30043"}]},{"@type":"WebSite","@id":"https:\/\/www.kalkalaw.com\/es\/#website","url":"https:\/\/www.kalkalaw.com\/es\/","name":"The Kalka Law Group - Personal Injury & Car Accident Attorneys","description":"","publisher":{"@id":"https:\/\/www.kalkalaw.com\/es\/#organization"},"potentialAction":[{"@type":"SearchAction","target":{"@type":"EntryPoint","urlTemplate":"https:\/\/www.kalkalaw.com\/es\/?s={search_term_string}"},"query-input":{"@type":"PropertyValueSpecification","valueRequired":true,"valueName":"search_term_string"}}],"inLanguage":"es"},{"@type":"Organization","@id":"https:\/\/www.kalkalaw.com\/es\/#organization","name":"The Kalka Law Group - Personal Injury & Car Accident Attorneys","url":"https:\/\/www.kalkalaw.com\/es\/","logo":{"@type":"ImageObject","inLanguage":"es","@id":"https:\/\/www.kalkalaw.com\/es\/#\/schema\/logo\/image\/","url":"https:\/\/www.kalkalaw.com\/wp-content\/uploads\/2023\/10\/logo-navy.png","contentUrl":"https:\/\/www.kalkalaw.com\/wp-content\/uploads\/2023\/10\/logo-navy.png","width":1088,"height":364,"caption":"The Kalka Law Group - Personal Injury & Car Accident Attorneys"},"image":{"@id":"https:\/\/www.kalkalaw.com\/es\/#\/schema\/logo\/image\/"},"sameAs":["https:\/\/www.facebook.com\/KalkaLawGroup\/","https:\/\/x.com\/KalkaLawGroup","https:\/\/www.avvo.com\/attorneys\/30309-ga-anthony-kalka-479261.html","https:\/\/www.yelp.com\/biz\/the-kalka-law-group-marietta","https:\/\/www.linkedin.com\/company\/kalkalawgroup\/"]}]}},"_links":{"self":[{"href":"https:\/\/www.kalkalaw.com\/es\/wp-json\/wp\/v2\/pages\/6360","targetHints":{"allow":["GET"]}}],"collection":[{"href":"https:\/\/www.kalkalaw.com\/es\/wp-json\/wp\/v2\/pages"}],"about":[{"href":"https:\/\/www.kalkalaw.com\/es\/wp-json\/wp\/v2\/types\/page"}],"author":[{"embeddable":true,"href":"https:\/\/www.kalkalaw.com\/es\/wp-json\/wp\/v2\/users\/4"}],"replies":[{"embeddable":true,"href":"https:\/\/www.kalkalaw.com\/es\/wp-json\/wp\/v2\/comments?post=6360"}],"version-history":[{"count":0,"href":"https:\/\/www.kalkalaw.com\/es\/wp-json\/wp\/v2\/pages\/6360\/revisions"}],"wp:attachment":[{"href":"https:\/\/www.kalkalaw.com\/es\/wp-json\/wp\/v2\/media?parent=6360"}],"curies":[{"name":"wp","href":"https:\/\/api.w.org\/{rel}","templated":true}]}}